{"id":686574,"date":"2026-01-08T18:15:06","date_gmt":"2026-01-08T15:15:06","guid":{"rendered":"https:\/\/nbg.eu\/product\/termovizoar-nocpix-mate-h50r\/"},"modified":"2026-04-14T16:14:18","modified_gmt":"2026-04-14T13:14:18","slug":"termovizoar-nocpix-mate-h50r","status":"publish","type":"product","link":"https:\/\/nbg.eu\/ro\/produs\/termovizoar-nocpix-mate-h50r\/","title":{"rendered":"Nocpix Lunet\u0103 Termic\u0103 Mate H50R"},"content":{"rendered":"<h2>Transforma\u021bi-v\u0103 vizorul de zi \u00eentr-un vizor termic modern pentru pu\u0219ti cu Nocpix MATE H50R<\/h2>\n<p>Transforma\u021bi-v\u0103 vizorul de zi \u00eentr-un vizor termic modern pentru pu\u0219ti cu singurul vizor termic Nocpix MATE H50R 640X512 &#8211; cel mai bun vizor termic frontal conceput pentru v\u00e2n\u0103torii profesioni\u0219ti, observatorii vie\u021bii s\u0103lbatice \u0219i tr\u0103g\u0103torii care cer precizie.<\/p>\n<p>Construit cu tehnologie de imagistic\u0103 de ultim\u0103 genera\u021bie, Nocpix MATE H50R ofer\u0103 claritate f\u0103r\u0103 egal, detectare pe distan\u021be lungi \u0219i caracteristici de ultim\u0103 or\u0103 pentru o performan\u021b\u0103 superioar\u0103 \u00een orice mediu.<\/p>\n<h2>Calitate a imaginii \u0219i raz\u0103 de detec\u021bie excep\u021bionale<\/h2>\n<p>\u00cen inima Nocpix MATE Ultra H50R se afl\u0103 un senzor termic HD Gen-2 640X512 cu un pas de pixel ultrafin de 12 \u03bcm \u0219i o sensibilitate de NETD \u226415mK, asigur\u00e2nd c\u0103 p\u00e2n\u0103 \u0219i cele mai slabe diferen\u021be termice vor fi detectate. Obiectivul mare de 50 mm F1.0 capteaz\u0103 mai mult\u0103 energie termic\u0103 pentru imagini limpezi \u0219i raz\u0103 extins\u0103, oferind distan\u021be de detec\u021bie de p\u00e2n\u0103 la 2600 m. Fie c\u0103 v\u00e2na\u021bi c\u0103prioare la zori sau scruta\u021bi c\u00e2mpuri largi noaptea, H50R se asigur\u0103 c\u0103 niciun detaliu nu trece neobservat.<\/p>\n<h2>Procesare avansat\u0103 a imaginilor cu Reality+ AI<\/h2>\n<p>Echipat cu dou\u0103 algoritmi de prelucrare a imaginilor &#8211; un procesor de imagine puternic combinat cu tehnologia inteligent\u0103 Reality+ &#8211; MATE Ultra H50R se adapteaz\u0103 automat la m\u0103rirea vizorului. Acest lucru asigur\u0103 imagini clare, zoom precis \u0219i stabilitate constant\u0103 a imaginii, chiar \u0219i \u00een cea\u021b\u0103, burni\u021b\u0103 sau condi\u021bii de luminozitate sc\u0103zut\u0103.<\/p>\n<h2>Conceput pentru precizie \u0219i v\u00e2n\u0103toare etic\u0103<\/h2>\n<p>Cu un telemetru laser integrat (p\u00e2n\u0103 la 1200m) \u0219i un calculator balistic integrat, H50R v\u0103 ajut\u0103 s\u0103 lua\u021bi decizii de tragere informat \u0219i etic. Modul picture-in-picture (PIP) \u00eembun\u0103t\u0103\u021be\u0219te acurate\u021bea viz\u0103rii, iar video-ul activat de recul (RAV) asigur\u0103 c\u0103 fiecare moment critic este captat.<\/p>\n<h2>Robust, practic \u0219i fiabil<\/h2>\n<p>Conceput pentru teren, MATE Ultra H50R este at\u00e2t robust, c\u00e2t \u0219i u\u0219or de utilizat. Prezint\u0103 un ocular mare de 60 mm cu &lt;1% distorsiune, men\u021bin\u00e2nd un punct de impact stabil \u0219i o aliniere consecvent\u0103 p\u00e2n\u0103 la m\u0103rire de 16x. Alimentat de baterii 18650 \u00eenlocuibile (4x incluse pentru ULTRA), ofer\u0103 fiabilitate de lung\u0103 durat\u0103 pentru sesiuni outdoor prelungite.<\/p>\n","protected":false},"excerpt":{"rendered":"<p>Transforma\u021bi-v\u0103 telescopul de zi \u00eentr-un telescop termic modern de pusca cu singurul suport termic Nocpix MATE H50R 640X512 &#8211; cel mai bun suport termic frontal conceput pentru v\u00e2n\u0103torii profesioni\u0219ti, observatorii faunei s\u0103lbatice \u0219i tr\u0103g\u0103torii care cer precizie.<\/p>\n<p>Dac\u0103 produsul nu este disponibil, v\u0103 rug\u0103m s\u0103 ne contacta\u021bi: shop@nbg.eu sau +359896147790<\/p>\n","protected":false},"featured_media":686675,"template":"","meta":{"_acf_changed":false},"product_brand":[14464],"product_cat":[12766],"product_tag":[],"class_list":{"0":"post-686574","1":"product","2":"type-product","3":"status-publish","4":"has-post-thumbnail","6":"product_brand-nocpix","7":"product_cat-termic","9":"first","10":"instock","11":"taxable","12":"shipping-taxable","13":"purchasable","14":"product-type-simple"},"acf":[],"_links":{"self":[{"href":"https:\/\/nbg.eu\/ro\/wp-json\/wp\/v2\/product\/686574","targetHints":{"allow":["GET"]}}],"collection":[{"href":"https:\/\/nbg.eu\/ro\/wp-json\/wp\/v2\/product"}],"about":[{"href":"https:\/\/nbg.eu\/ro\/wp-json\/wp\/v2\/types\/product"}],"wp:featuredmedia":[{"embeddable":true,"href":"https:\/\/nbg.eu\/ro\/wp-json\/wp\/v2\/media\/686675"}],"wp:attachment":[{"href":"https:\/\/nbg.eu\/ro\/wp-json\/wp\/v2\/media?parent=686574"}],"wp:term":[{"taxonomy":"product_brand","embeddable":true,"href":"https:\/\/nbg.eu\/ro\/wp-json\/wp\/v2\/product_brand?post=686574"},{"taxonomy":"product_cat","embeddable":true,"href":"https:\/\/nbg.eu\/ro\/wp-json\/wp\/v2\/product_cat?post=686574"},{"taxonomy":"product_tag","embeddable":true,"href":"https:\/\/nbg.eu\/ro\/wp-json\/wp\/v2\/product_tag?post=686574"}],"curies":[{"name":"wp","href":"https:\/\/api.w.org\/{rel}","templated":true}]}}