{"id":686699,"date":"2026-01-08T18:14:07","date_gmt":"2026-01-08T15:14:07","guid":{"rendered":"https:\/\/nbg.eu\/product\/camera-termica-nocpix-ace-l35-senzor-384x288-obiectiv-35-mm\/"},"modified":"2026-04-14T16:14:35","modified_gmt":"2026-04-14T13:14:35","slug":"camera-termica-nocpix-ace-l35-senzor-384x288-obiectiv-35-mm","status":"publish","type":"product","link":"https:\/\/nbg.eu\/ro\/produs\/camera-termica-nocpix-ace-l35-senzor-384x288-obiectiv-35-mm\/","title":{"rendered":"Nocpix Camer\u0103 Termic\u0103 ACE L35"},"content":{"rendered":"<h2>Nocpix ACE L35 Camer\u0103 termic\u0103<\/h2>\n<p>Nocpix ACE L35 este construit pe ideea de a combina caracteristici de v\u00e2rf cerute de utilizatori \u00eentr-o optic\u0103 simplificat\u0103 care echilibreaz\u0103 capacit\u0103\u021bile avansate cu u\u0219urin\u021ba \u00een utilizare pe teren. Conceput pentru a sim\u021bi ca o optic\u0103 de zi tradi\u021bional\u0103, ACE este compatibil cu pu\u0219ti cu ac\u021biune pe \u0219in\u0103 sau semi-automate folosind suporturi \u0219i inele standard de 30 mm. Combina\u021bia unei baterii interne re\u00eenc\u0103rcabile USB-C \u0219i a unei baterii re\u00eenc\u0103rcabile 18650 deta\u0219abile permite utilizatorilor s\u0103 schimbe bateriile pe drum pentru durat\u0103 de func\u021bionare nelimitat\u0103. Un ocular de m\u0103rire de la 1x la 3x ofer\u0103 m\u0103rire optic\u0103 a afi\u0219ajului AMOLED circular de 2560 x 2560 de \u00eenalt\u0103 rezolu\u021bie din interiorul ocularul. Sistemul Vision+ combin\u0103 acest afi\u0219aj de \u00eenalt\u0103 rezolu\u021bie cu un senzor NETD de 18 mK pentru imagini extrem de detaliate \u0219i precise.<\/p>\n<p>Nocpix ACE L35 ofer\u0103 o op\u021biune mai accesibil\u0103 din gama ACE pentru v\u00e2n\u0103torii de pr\u0103d\u0103tori \u0219i animale s\u0103lbatice care nu au nevoie de un telemetru laser sau de un senzor de rezolu\u021bie mai mare. Cu un pre\u021b extrem de avantajos, ACE L35 p\u0103streaz\u0103 toate celelalte caracteristici ale gamei de lunete termice pentru pu\u0219ti ACE.<\/p>\n<p>Un ocular optic de m\u0103rire cu o m\u0103rire de 1-3x ofer\u0103 m\u0103rire suplimentar\u0103 a afi\u0219ajului f\u0103r\u0103 a schimba scara sau zoom-ul digital. Un afi\u0219aj AMOLED circular de \u00eenalt contrast cu o rezolu\u021bie de 2560 x 2560 ofer\u0103 o claritate \u0219i detalii sporite. Comenzile simplificate ofer\u0103 o ergonomie \u00eembun\u0103t\u0103\u021bit\u0103 \u0219i o experien\u021b\u0103 de utilizare mai bun\u0103 pe teren. Folose\u0219te baterii re\u00eenc\u0103rcabile 18650 standard. Func\u021bia de calculator balistic afi\u0219eaz\u0103 valorile de c\u0103dere a proiectilului pe baza intr\u0103rilor de la telemetru \u0219i a unui profil de cartu\u0219e personalizat de utilizator. Se \u00eencarc\u0103 prin dispozitiv printr-un port USB-C unic proiectat cu sistem de blocare.<\/p>\n","protected":false},"excerpt":{"rendered":"<p>Termocamera Nocpix ACE L35 are un senzor de 384&#215;288, o lentil\u0103 de 35 mm, zoom digital de 4x \u0219i o rat\u0103 de cadre de 60 Hz, cu o raz\u0103 de detectare de 1970 de metri.<\/p>\n<p>Dac\u0103 produsul nu este disponibil, v\u0103 rug\u0103m s\u0103 ne contacta\u021bi: shop@nbg.eu sau +359896147790<\/p>\n","protected":false},"featured_media":686754,"template":"","meta":{"_acf_changed":false},"product_brand":[14464],"product_cat":[16096],"product_tag":[],"class_list":{"0":"post-686699","1":"product","2":"type-product","3":"status-publish","4":"has-post-thumbnail","6":"product_brand-nocpix","7":"product_cat-thermal-cameras-ro","9":"first","10":"instock","11":"taxable","12":"shipping-taxable","13":"purchasable","14":"product-type-simple"},"acf":[],"_links":{"self":[{"href":"https:\/\/nbg.eu\/ro\/wp-json\/wp\/v2\/product\/686699","targetHints":{"allow":["GET"]}}],"collection":[{"href":"https:\/\/nbg.eu\/ro\/wp-json\/wp\/v2\/product"}],"about":[{"href":"https:\/\/nbg.eu\/ro\/wp-json\/wp\/v2\/types\/product"}],"wp:featuredmedia":[{"embeddable":true,"href":"https:\/\/nbg.eu\/ro\/wp-json\/wp\/v2\/media\/686754"}],"wp:attachment":[{"href":"https:\/\/nbg.eu\/ro\/wp-json\/wp\/v2\/media?parent=686699"}],"wp:term":[{"taxonomy":"product_brand","embeddable":true,"href":"https:\/\/nbg.eu\/ro\/wp-json\/wp\/v2\/product_brand?post=686699"},{"taxonomy":"product_cat","embeddable":true,"href":"https:\/\/nbg.eu\/ro\/wp-json\/wp\/v2\/product_cat?post=686699"},{"taxonomy":"product_tag","embeddable":true,"href":"https:\/\/nbg.eu\/ro\/wp-json\/wp\/v2\/product_tag?post=686699"}],"curies":[{"name":"wp","href":"https:\/\/api.w.org\/{rel}","templated":true}]}}