{"id":686826,"date":"2026-01-08T18:13:27","date_gmt":"2026-01-08T15:13:27","guid":{"rendered":"https:\/\/nbg.eu\/product\/camera-termica-nocpix-ace-h50r-12um-640x512-zeiss-rail\/"},"modified":"2026-04-14T17:19:45","modified_gmt":"2026-04-14T14:19:45","slug":"camera-termica-nocpix-ace-h50r-12um-640x512-zeiss-rail","status":"publish","type":"product","link":"https:\/\/nbg.eu\/ro\/produs\/camera-termica-nocpix-ace-h50r-12um-640x512-zeiss-rail\/","title":{"rendered":"Nocpix Camer\u0103 Termic\u0103 ACE H50R ZEISS RAIL"},"content":{"rendered":"<h2>Nocpix ACE H50R Scop Termic\u0103 pentru Pu\u015fc\u0103: Precizie \u015fi Claritate F\u0103r\u0103 Egal pentru V\u00e2n\u0103toare<\/h2>\n<p>Scopul termic pentru pu\u015fc\u0103 Nocpix ACE H50R combin\u0103 tehnologia avansat\u0103 cu rezisten\u0163a robust\u0103 pentru o experien\u0163\u0103 de v\u00e2n\u0103toare f\u0103r\u0103 egal. Acesta are un senzor termic de 640&#215;512 pixeli cu o sensibilitate termic\u0103 \u226412mK NETD pentru o claritate excep\u0163ional\u0103 a imaginii, o raz\u0103 de detec\u0163ie de 3100 metri \u015fi un telemetru laser integrat pentru m\u0103sur\u0103tori precise p\u00e2n\u0103 la 1200 metri. Sistemul inovator Vision+ ofer\u0103 m\u0103rire optic\u0103 pentru detalii clare la apropiere, \u00een timp ce un sistem dual de baterii asigur\u0103 o utilizare \u00eendelungat\u0103. Fabricat din aliaj de aluminiu de \u00eenalt\u0103 rezisten\u0163\u0103 \u015fi cu clasificare IP67, acest scop este proiectat pentru a excela \u00een orice mediu exterior \u015fi a se adapta oric\u0103rei situa\u0163ii.<\/p>\n<p>Scopul termic pentru pu\u015fc\u0103 Nocpix ACE H50 este un instrument de ultim\u0103 genera\u0163ie conceput pentru a redefini experien\u0163a de v\u00e2n\u0103toare, fie c\u0103 naviga\u0163i \u00een noapte \u00eentunecat\u0103 sau urm\u0103ri\u0163i prada prin teren dificil. Ca parte a seriei de v\u00e2rf ACE a Nocpix, acest scop optic termic se distinge prin calitatea \u015fi precizia superioar\u0103 a imaginii, datorit\u0103 senzorului termic de \u00eenalt\u0103 rezolu\u0163ie dezvoltat intern \u015fi a sistemelor avansate Reality+ \u015fi Vision+.<\/p>\n<p>\u00cen inima Nocpix ACE H50R se afl\u0103 senzorul termic HD de genera\u0163ia a doua, care are o rezolu\u0163ie de 640&#215;512 pixeli \u015fi o rat\u0103 de cadre de 60Hz, oferind o performan\u0163\u0103 extrem de stabil\u0103. Cu un NETD de \u226412mK, acest scop detecteaz\u0103 chiar \u015fi cele mai mici diferen\u0163e de temperatur\u0103, oferind imagini termice detaliate \u015fi fluide, ideale pentru urm\u0103rirea \u0163intelor \u00een mi\u015fcare \u00een timp real. Algoritmul de imaginare avansat Reality+ \u00eembun\u0103t\u0103\u0163e\u015fte \u00een continuare aceast\u0103 caracteristic\u0103 elimin\u00e2nd zgomotul de temperatur\u0103 ambiant\u0103, oferind contrast \u015fi claritate superioare chiar \u015fi \u00een condi\u0163ii dificile de v\u00e2n\u0103toare.<\/p>\n<p>ACE H50R este echipat cu un obiectiv de 50mm\/F0.9 care permite cu 20% mai mult\u0103 lumin\u0103 s\u0103 ajung\u0103 la senzor, cre\u00e2nd imagini mai luminoase \u015fi mai clare. Acest lucru este crucial pentru v\u00e2n\u0103torii care caut\u0103 precizie, deoarece transmisia \u00eembun\u0103t\u0103\u0163it\u0103 a luminii ofer\u0103 o vizibilitate sporit\u0103 \u00een medii cu luminozitate sc\u0103zut\u0103. \u00cen plus, raza de detec\u0163ie de 3100 metri face ca ACE s\u0103 se remarce, facilit\u00e2nd identificarea \u015fi urm\u0103rirea \u0163intelor \u00eendep\u0103rtate mai u\u015for \u015fi mai eficient ca niciodat\u0103.<\/p>\n<p>Sistemul Vision+ \u00eencorporat \u00eembun\u0103t\u0103\u0163e\u015fte experien\u0163a vizual\u0103 cu un ecran AMOLED circular de 1,03 inci cu o rezolu\u0163ie de 2560&#215;2560. Sistemul s\u0103u de m\u0103rire optic\u0103, conceput pentru a evita estomparea \u015fi distorsiunea asociate \u00een mod obi\u015fnuit cu m\u0103ririle electronice tradi\u0163ionale, asigur\u0103 c\u0103 v\u00e2n\u0103torii se bucur\u0103 de vederi apropiate clare \u015fi cu rezolu\u0163ie ridicat\u0103 f\u0103r\u0103 a pierde detalii. Acest lucru ofer\u0103 o experien\u0163\u0103 de vizualizare imersiv\u0103 \u015fi confortabil\u0103, fie c\u0103 urm\u0103ri\u0163i prada de la distan\u0163\u0103 sau face\u0163i zoom pentru o \u0163intire de precizie.<\/p>\n<p>Proiectat pentru utilizare extins\u0103 pe teren, ACE are un sistem dual de baterii cu o baterie \u00eencorporat\u0103 de 4000mAh \u015fi o baterie suplimentar\u0103 deta\u015fabil\u0103 de 18650, permi\u021b\u00e2nd o func\u021bionare ne\u00eentrerupt\u0103 pe durata sesiunilor lungi de v\u00e2n\u0103toare. Designul robust, realizat din aliaj de aluminiu de \u00eenalt\u0103 rezisten\u0163\u0103, asigur\u0103 c\u0103 ACE poate rezista la mediile exterioare dure \u015fi la utilizarea intensiv\u0103, trec\u00e2nd teste riguroase de rezisten\u0163\u0103 la impact. Cu clasificarea IP67 la impermeabilitate, scopul r\u0103m\u00e2ne fiabil \u00een condi\u0163ii meteorologice nefavorabile, oferind v\u00e2n\u0103torilor lini\u015fte indiferent de mediu.<\/p>\n<p>Conceput cu v\u00e2n\u0103torii \u00een minte, Nocpix ACE H50R include caracteristici esen\u0163iale precum \u00eenregistrarea video activat\u0103 de recul \u015fi un design f\u0103r\u0103 obturator pentru operare facil\u0103 pe teren. Cu ad\u0103ug\u0103ri prietenoase pentru utilizator precum un regulator de focalizare, capac de \u00eenc\u0103rcare \u015fi posibilitatea de a reda videoclipuri direct prin caracteristica Galerie, acest scop combin\u0103 performan\u0163\u0103 ridicat\u0103 cu comoditate pentru o experien\u0163\u0103 de v\u00e2n\u0103toare optim\u0103.<\/p>\n","protected":false},"excerpt":{"rendered":"<p>Luneta termic\u0103 Nocpix ACE H50R combin\u0103 un senzor avansat de 640&#215;512 12um, o detec\u021bie de 3100m \u0219i un LRF integrat pentru o v\u00e2n\u0103toare f\u0103r\u0103 egal.<\/p>\n<p>Dac\u0103 articolul nu este disponibil, v\u0103 rug\u0103m s\u0103 ne contacta\u021bi: shop@nbg.eu sau +359896147790<\/p>\n<p>\n","protected":false},"featured_media":686963,"template":"","meta":{"_acf_changed":false},"product_brand":[14464],"product_cat":[16096],"product_tag":[],"class_list":{"0":"post-686826","1":"product","2":"type-product","3":"status-publish","4":"has-post-thumbnail","6":"product_brand-nocpix","7":"product_cat-thermal-cameras-ro","9":"first","10":"instock","11":"taxable","12":"shipping-taxable","13":"purchasable","14":"product-type-simple"},"acf":[],"_links":{"self":[{"href":"https:\/\/nbg.eu\/ro\/wp-json\/wp\/v2\/product\/686826","targetHints":{"allow":["GET"]}}],"collection":[{"href":"https:\/\/nbg.eu\/ro\/wp-json\/wp\/v2\/product"}],"about":[{"href":"https:\/\/nbg.eu\/ro\/wp-json\/wp\/v2\/types\/product"}],"wp:featuredmedia":[{"embeddable":true,"href":"https:\/\/nbg.eu\/ro\/wp-json\/wp\/v2\/media\/686963"}],"wp:attachment":[{"href":"https:\/\/nbg.eu\/ro\/wp-json\/wp\/v2\/media?parent=686826"}],"wp:term":[{"taxonomy":"product_brand","embeddable":true,"href":"https:\/\/nbg.eu\/ro\/wp-json\/wp\/v2\/product_brand?post=686826"},{"taxonomy":"product_cat","embeddable":true,"href":"https:\/\/nbg.eu\/ro\/wp-json\/wp\/v2\/product_cat?post=686826"},{"taxonomy":"product_tag","embeddable":true,"href":"https:\/\/nbg.eu\/ro\/wp-json\/wp\/v2\/product_tag?post=686826"}],"curies":[{"name":"wp","href":"https:\/\/api.w.org\/{rel}","templated":true}]}}