{"id":686981,"date":"2025-12-18T18:25:22","date_gmt":"2025-12-18T15:25:22","guid":{"rendered":"https:\/\/nbg.eu\/product\/camera-termica-nocpix-bolt-l35r\/"},"modified":"2026-02-27T15:50:53","modified_gmt":"2026-02-27T12:50:53","slug":"camera-termica-nocpix-bolt-l35r","status":"publish","type":"product","link":"https:\/\/nbg.eu\/ro\/produs\/camera-termica-nocpix-bolt-l35r\/","title":{"rendered":"Camer\u0103 termic\u0103 Nocpix Bolt L35R"},"content":{"rendered":"<h2>\u00cenceputul perfect al v\u00e2n\u0103torii de noapte: Camera termic\u0103 Nocpix Bolt L35R<\/h2>\n<p>Conceput\u0103 pentru \u00eencep\u0103tori care vor claritate, convenien\u021b\u0103 total\u0103 \u0219i \u00eencredere \u00eenc\u0103 de la \u00eenceput, Nocpix BOLT combin\u0103 imagistica termic\u0103 ascu\u021bit\u0103, un telemetru \u00eencorporat \u0219i instrumente balistice inteligente \u00eentr-un design compact \u0219i u\u0219or de utilizat &#8211; oferindu-le noilor v\u00e2n\u0103tori exact ceea ce au nevoie pentru a v\u00e2na inteligent \u0219i a trage cu \u00eencredere.<\/p>\n<h2>Vede\u021bi clar, identifica\u021bi precis<\/h2>\n<p>Imaginile neclare \u0219i \u021bintele greu de v\u0103zut sunt o problem\u0103 frecvent\u0103 pentru utilizatorii noi de binocluri cu imagistic\u0103 termic\u0103, mai ales \u00een \u00eentuneric. De aceea, BOLT este echipat cu un senzor termic dezvoltat \u00een mod propriu cu \u226420mK NETD \u0219i o rat\u0103 de cadre ridicat\u0103 de 50Hz, oferindu-v\u0103 imagini fluide \u0219i de \u00eenalt\u0103 rezolu\u021bie chiar \u0219i \u00een condi\u021bii dificile. Alimentat de algoritmul nostru de imagistic\u0103 Reality+, BOLT str\u0103punge cea\u021ba, tufi\u0219urile \u0219i \u00eentunericul pentru a oferi imagini ascu\u021bite \u0219i o identificare fiabil\u0103 a \u021bintei.<\/p>\n<h2>R\u0103m\u00e2i u\u0219or, r\u0103m\u00e2i concentrat<\/h2>\n<p>Ca v\u00e2n\u0103tor nou, mai ales c\u00e2nd v\u0103 obi\u0219nui\u021bi \u00eenc\u0103 s\u0103 v\u0103 mi\u0219ca\u021bi \u00een lini\u0219te \u0219i s\u0103 r\u0103m\u00e2ne\u021bi concentrat. De aceea, Nocpix BOLT p\u0103streaz\u0103 lucrurile simple. C\u00e2nt\u0103rind doar 880 de grame \u0219i cu un design compact \u0219i aerodinamic, este u\u0219or de purtat, montat \u0219i operat, chiar \u0219i \u00een v\u00e2n\u0103tori lungi.<\/p>\n<h2>Cunoa\u0219te raza, v\u00e2neaz\u0103 cu \u00eencredere<\/h2>\n<p>Pentru v\u00e2n\u0103torii noi, estimarea distan\u021bei poate fi dificil\u0103, iar loviturile ratate le pot zdruncina \u00eencrederea. BOLT elimin\u0103 stresul tragerilor cu un telemetru laser \u00eencorporat de 1.200 de metri \u0219i o calculatoare balistic\u0103 inteligent\u0103. Primi\u021bi citiri precise ale distan\u021bei \u0219i asisten\u021b\u0103 imediat\u0103 pentru vizare care v\u0103 ajut\u0103 s\u0103 plasa\u021bi fiecare lovitur\u0103 exact acolo unde trebuie. De la prima voastr\u0103 v\u00e2n\u0103toare, BOLT le d\u0103 \u00eencep\u0103torilor avantajul de care au nevoie pentru a trage mai inteligent \u0219i mai consistent.<\/p>\n<h2>V\u00e2neaz\u0103 toat\u0103 ziua f\u0103r\u0103 s\u0103-\u021bi faci griji \u00een leg\u0103tur\u0103 cu energia<\/h2>\n<p>Epuizarea bateriei \u00een timpul v\u00e2n\u0103torii este un co\u0219mar pentru orice v\u00e2n\u0103tor \u00eencep\u0103tor. De aceea, BOLT este conceput cu un sistem dual de baterii &#8211; o baterie \u00eencorporat\u0103 de lung\u0103 durat\u0103 de 5000mAh plus o baterie de rezerv\u0103 deta\u0219abil\u0103 de 18650. Cu o capacitate total\u0103 de 9000mAh, ob\u021bine\u021bi p\u00e2n\u0103 la 12 ore de utilizare continu\u0103. F\u0103r\u0103 stres, f\u0103r\u0103 \u00eentreruperi &#8211; doar energie care v\u0103 \u00eenso\u021be\u0219te, de la r\u0103s\u0103rit la apus.<\/p>\n<h2>Echipament inteligent, v\u00e2n\u0103toare implicat\u0103<\/h2>\n<p>Pentru \u00eencep\u0103tori, obi\u0219nuirea cu noi echipamente poate fi dificil\u0103. BOLT face procesul u\u0219or cu reticuluri personalizabile, set\u0103ri de tragere reglabile \u0219i \u0219apte palete de culori pentru a se potrivi cu diferite medii. \u00cen plus, conectivitatea f\u0103r\u0103 probleme cu aplica\u021bia v\u0103 permite s\u0103 v\u0103 personaliza\u021bi configura\u021bia \u0219i s\u0103 v\u0103 \u00eemp\u0103rt\u0103\u0219i\u021bi aventurile, f\u0103c\u00e2nd fiecare v\u00e2n\u0103toare nu numai mai inteligent\u0103, ci \u0219i mai distractiv\u0103 \u0219i mai satisf\u0103c\u0103toare.<\/p>\n<h2>Design robust, performan\u021b\u0103 fiabil\u0103<\/h2>\n<p>C\u00e2nd e\u0219ti doar la \u00eenceput, ultimul lucru de care vrei s\u0103-\u021bi faci griji este ca echipamentul t\u0103u s\u0103 se strice pe teren. BOLT este construit solid cu un corp de aluminiu monobloc \u0219i rezisten\u021b\u0103 la praf \u0219i ap\u0103 IP67. Este testat pentru a rezista la c\u0103deri \u0219i recul ridicat, astfel \u00eenc\u00e2t s\u0103 r\u0103m\u00e2n\u0103 fiabil \u0219i precis indiferent c\u00e2t de dure sunt condi\u021biile.<\/p>\n","protected":false},"excerpt":{"rendered":"<p>Camera termic\u0103 Nocpix Bolt L35R ofer\u0103 imagistic\u0103 termic\u0103 precis\u0103, telemetru \u00eencorporat \u0219i instrumente balistice inteligente \u00eentr-un design compact \u0219i u\u0219or de utilizat pentru v\u00e2n\u0103tori noi de noapte.<\/p>\n<p>Dac\u0103 produsul nu este disponibil, v\u0103 rug\u0103m s\u0103 ne contacta\u021bi: shop@nbg.eu sau +359896147790<\/p>\n","protected":false},"featured_media":687323,"template":"","meta":{"_acf_changed":false},"product_brand":[14464],"product_cat":[2876],"product_tag":[],"class_list":{"0":"post-686981","1":"product","2":"type-product","3":"status-publish","4":"has-post-thumbnail","6":"product_brand-nocpix","7":"product_cat-rahohvatki","9":"first","10":"instock","11":"taxable","12":"shipping-taxable","13":"purchasable","14":"product-type-simple"},"acf":[],"_links":{"self":[{"href":"https:\/\/nbg.eu\/ro\/wp-json\/wp\/v2\/product\/686981","targetHints":{"allow":["GET"]}}],"collection":[{"href":"https:\/\/nbg.eu\/ro\/wp-json\/wp\/v2\/product"}],"about":[{"href":"https:\/\/nbg.eu\/ro\/wp-json\/wp\/v2\/types\/product"}],"wp:featuredmedia":[{"embeddable":true,"href":"https:\/\/nbg.eu\/ro\/wp-json\/wp\/v2\/media\/687323"}],"wp:attachment":[{"href":"https:\/\/nbg.eu\/ro\/wp-json\/wp\/v2\/media?parent=686981"}],"wp:term":[{"taxonomy":"product_brand","embeddable":true,"href":"https:\/\/nbg.eu\/ro\/wp-json\/wp\/v2\/product_brand?post=686981"},{"taxonomy":"product_cat","embeddable":true,"href":"https:\/\/nbg.eu\/ro\/wp-json\/wp\/v2\/product_cat?post=686981"},{"taxonomy":"product_tag","embeddable":true,"href":"https:\/\/nbg.eu\/ro\/wp-json\/wp\/v2\/product_tag?post=686981"}],"curies":[{"name":"wp","href":"https:\/\/api.w.org\/{rel}","templated":true}]}}