{"id":68764,"date":"2023-11-26T20:00:44","date_gmt":"2023-11-26T20:00:44","guid":{"rendered":"https:\/\/nbg.eu\/product\/geissele-super-duty-mod1-rifle-16-5-56mm-ddc\/"},"modified":"2026-05-13T16:41:49","modified_gmt":"2026-05-13T13:41:49","slug":"geissele-super-duty-mod1-rifle-16-5-56mm-ddc","status":"publish","type":"product","link":"https:\/\/nbg.eu\/ro\/produs\/geissele-super-duty-mod1-rifle-16-5-56mm-ddc\/","title":{"rendered":"Geissele Carabin\u0103 Semiautomat\u0103 Super Duty 16&#8243; 5.56MM &#8211; DDC"},"content":{"rendered":"<h2>Pu\u0219c\u0103 Geissele Super Duty &#8211; 16&#8243; 5.56MM<\/h2>\n<p>Pu\u0219ca Geissele Super Duty de 16&#8243; \u00een calibrul 5.56 NATO combin\u0103 tehnologia avansat\u0103 cu me\u0219te\u0219ugul de \u00eenalt\u0103 calitate.<\/p>\n<h2>Caracteristici principale:<\/h2>\n<ul>\n<li>\u021aeav\u0103 de 16&#8243; forjat\u0103 la rece, cromat\u0103 (pas 1:7&#8243;)<\/li>\n<li>Fabricat\u0103 \u00een unitatea Geissele din North Wales, PA<\/li>\n<li>Sistem de gaz cu lungime de carabin\u0103 cu bloc de gaz compact<\/li>\n<li>\u0218in\u0103 modular\u0103 SMR MK16 de 15&#8243; cu compatibilitate M-LOK<\/li>\n<li>Receptor inferior din aluminiu 7075-T6 cu kit de piese Ultra Duty<\/li>\n<li>Siguran\u021b\u0103 ambidextr\u0103 configurabil\u0103<\/li>\n<li>Arc de ac\u021biune Super-42 \u0219i buffer H3<\/li>\n<\/ul>\n<h2>Specifica\u021bii:<\/h2>\n<ul>\n<li>Calibru: 5.56 NATO<\/li>\n<li>\u021aeav\u0103: Geissele forjat\u0103 la rece, cromat\u0103, pas 1\/7<\/li>\n<li>Receptoare: Forjate 7075-T6, anodizate dur tip III<\/li>\n<li>Transportor de \u00eenchiz\u0103tor: REBCG (Grup de transportor de \u00eenchiz\u0103tor cu fiabilitate \u00eembun\u0103t\u0103\u021bit\u0103)<\/li>\n<li>Tr\u0103gaci: SSA-X cu arc Lightning<\/li>\n<li>Dispozitiv pentru gura \u021bevii: Ascunz\u0103tor de flac\u0103r\u0103 Geissele Sparkout<\/li>\n<li>M\u00e2ner de armare: Airborne<\/li>\n<li>Culoare: DDC (Culoare de p\u0103m\u00e2nt de\u0219ertic)*<\/li>\n<\/ul>\n<p><em>*Not\u0103: Nuan\u021ba anodiz\u0103rii DDC poate varia<\/em><\/p>\n<p>Pu\u0219ca Geissele Super Duty ofer\u0103 precizie \u0219i fiabilitate \u00eentr-un pachet compact \u0219i performant.<\/p>\n","protected":false},"excerpt":{"rendered":"<p>Geissele Super Duty: 16&#8243; 5.56MM, tehnologie avansat\u0103, construc\u021bie de precizie.<\/p>\n","protected":false},"featured_media":68765,"template":"","meta":{"_acf_changed":false},"product_brand":[11395],"product_cat":[16203,12795,12727,15837],"product_tag":[],"class_list":{"0":"post-68764","1":"product","2":"type-product","3":"status-publish","4":"has-post-thumbnail","6":"product_brand-geissele","7":"product_cat-ar-15-rifles-ro","8":"product_cat-arma-lunga","9":"product_cat-carbine","10":"product_cat-semi-automatic-rifles-ro","12":"first","13":"instock","14":"taxable","15":"shipping-taxable","16":"product-type-simple"},"acf":[],"_links":{"self":[{"href":"https:\/\/nbg.eu\/ro\/wp-json\/wp\/v2\/product\/68764","targetHints":{"allow":["GET"]}}],"collection":[{"href":"https:\/\/nbg.eu\/ro\/wp-json\/wp\/v2\/product"}],"about":[{"href":"https:\/\/nbg.eu\/ro\/wp-json\/wp\/v2\/types\/product"}],"wp:featuredmedia":[{"embeddable":true,"href":"https:\/\/nbg.eu\/ro\/wp-json\/wp\/v2\/media\/68765"}],"wp:attachment":[{"href":"https:\/\/nbg.eu\/ro\/wp-json\/wp\/v2\/media?parent=68764"}],"wp:term":[{"taxonomy":"product_brand","embeddable":true,"href":"https:\/\/nbg.eu\/ro\/wp-json\/wp\/v2\/product_brand?post=68764"},{"taxonomy":"product_cat","embeddable":true,"href":"https:\/\/nbg.eu\/ro\/wp-json\/wp\/v2\/product_cat?post=68764"},{"taxonomy":"product_tag","embeddable":true,"href":"https:\/\/nbg.eu\/ro\/wp-json\/wp\/v2\/product_tag?post=68764"}],"curies":[{"name":"wp","href":"https:\/\/api.w.org\/{rel}","templated":true}]}}