{"id":687717,"date":"2026-01-08T18:14:10","date_gmt":"2026-01-08T15:14:10","guid":{"rendered":"https:\/\/nbg.eu\/product\/monocular-termic-lumi-h35\/"},"modified":"2026-04-14T16:14:32","modified_gmt":"2026-04-14T13:14:32","slug":"monocular-termic-lumi-h35","status":"publish","type":"product","link":"https:\/\/nbg.eu\/ro\/produs\/monocular-termic-lumi-h35\/","title":{"rendered":"Nocpix Monocular Termic LUMI H35"},"content":{"rendered":"<h2>Nocpix LUMI H35: \u00censo\u021bitorul t\u0103u indispensabil pentru toate aplica\u021biile<\/h2>\n<p>Seria de monocularuri termice LUMI este proiectat\u0103 at\u00e2t pentru utilizare pe timp de zi, c\u00e2t \u0219i pe timp de noapte \u0219i v\u0103 ofer\u0103 o calitate a imaginii excep\u021bional\u0103 chiar \u0219i \u00een condi\u021bii meteorologice dificile, cum ar fi cea\u021ba, smogul sau ploaia. Chiar dac\u0103 obstacole precum crengi, iarb\u0103 \u00eenalt\u0103 sau vegeta\u021bie deas\u0103 v\u0103 \u00eempiedic\u0103 s\u0103 vede\u021bi, aceast\u0103 tehnologie v\u0103 permite s\u0103 vede\u021bi \u00eentotdeauna clar ceea ce se afl\u0103 \u00een fa\u021ba dumneavoastr\u0103. Acestea sunt, de asemenea, at\u00e2t de compacte \u0219i u\u0219oare, \u00eenc\u00e2t le pute\u021bi transporta u\u0219or oriunde.<\/p>\n<p>Camerele termice LUMI sunt perfecte pentru o varietate de aplica\u021bii, cum ar fi v\u00e2n\u0103toarea, supravegherea, securitatea, orientarea pe teren sau opera\u021biunile de c\u0103utare \u0219i salvare.<\/p>\n<h2>Performan\u021b\u0103 de imagine f\u0103r\u0103 egal pentru imagini extrem de clare<\/h2>\n<p>Seria LUMI stabile\u0219te noi standarde \u00een ceea ce prive\u0219te calitatea imaginii. Echipat\u0103 cu cele mai avansate algoritmi de imagine \u0219i cu un senzor termic puternic cu NETD &lt; 18 mK, camera ofer\u0103 imagini extrem de clare \u0219i realiste. Ecranul AMOLED cu o rezolu\u021bie de 1024 x 768 pixeli asigur\u0103 o prezentare excep\u021bional\u0103 a imaginii, \u00een timp ce modul Ultra Clear optimizeaz\u0103 \u00een continuare claritatea imaginii, \u00een special \u00een condi\u021bii meteorologice dificile.<\/p>\n<h2>Experien\u021b\u0103 de vizualizare personalizat\u0103 &#8211; personalizeaz\u0103-\u021bi dispozitivul perfect<\/h2>\n<p>Datorit\u0103 senzorului mare de 640 x 512 px \u0219i a unei variet\u0103\u021bi de op\u021biuni de ajustare, pute\u021bi ajusta dispozitivul exact la nevoile dumneavoastr\u0103. Alege\u021bi dintre 5 moduri de culoare \u0219i optimiza\u021bi-v\u0103 vederea cu 10 niveluri de luminozitate, claritate \u0219i contrast &#8211; astfel \u00eenc\u00e2t niciun detaliu s\u0103 nu treac\u0103 neobservat.<\/p>\n<h2>\u00cemp\u0103rt\u0103\u0219irea experien\u021belor este u\u0219oar\u0103 cu LUMI<\/h2>\n<p>Pentru v\u00e2n\u0103torul modern, captarea momentelor speciale este important\u0103. Cu Nocpix LUMI H35, pute\u021bi nu numai s\u0103 partaja\u021bi \u00een mod convenabil \u00eenregistr\u0103rile prin intermediul aplica\u021biei, ci \u0219i s\u0103 le reda\u021bi direct pe dispozitiv &#8211; perfect pentru a partaja imediat experien\u021bele cu al\u021bii.<\/p>\n<h2>Utilizare flexibil\u0103 datorit\u0103 sistemului de baterie \u00eenlocuibil<\/h2>\n<p>Seria LUMI este echipat\u0103 cu baterii standard 18650, oferindu-v\u0103 flexibilitate maxim\u0103. Indiferent unde v\u0103 afla\u021bi, cu \u00eenc\u0103rc\u0103torul de baterie inclus ve\u021bi fi din nou gata de ac\u021biune \u00een scurt timp &#8211; \u0219i v\u0103 pute\u021bi continua misiunea.<\/p>\n","protected":false},"excerpt":{"rendered":"<p>Nocpix LUMI H35: \u00censo\u021bitorul t\u0103u indispensabil pentru toate aplica\u021biile. Senzor de 640 cu 18 mK, afi\u0219aj AMOLED cu 1024 \u00d7 768 pixeli, baterie deta\u0219abil\u0103 de 18650, interval de detec\u021bie de aproximativ 1800 de metri, design compact.<br \/>\nDac\u0103 articolul nu este disponibil, v\u0103 rug\u0103m s\u0103 ne contacta\u021bi: shop@nbg.eu sau +359896147790<\/p>\n","protected":false},"featured_media":687807,"template":"","meta":{"_acf_changed":false},"product_brand":[14464],"product_cat":[16095,12766],"product_tag":[],"class_list":{"0":"post-687717","1":"product","2":"type-product","3":"status-publish","4":"has-post-thumbnail","6":"product_brand-nocpix","7":"product_cat-monoculars-ro","8":"product_cat-termic","10":"first","11":"instock","12":"taxable","13":"shipping-taxable","14":"purchasable","15":"product-type-simple"},"acf":[],"_links":{"self":[{"href":"https:\/\/nbg.eu\/ro\/wp-json\/wp\/v2\/product\/687717","targetHints":{"allow":["GET"]}}],"collection":[{"href":"https:\/\/nbg.eu\/ro\/wp-json\/wp\/v2\/product"}],"about":[{"href":"https:\/\/nbg.eu\/ro\/wp-json\/wp\/v2\/types\/product"}],"wp:featuredmedia":[{"embeddable":true,"href":"https:\/\/nbg.eu\/ro\/wp-json\/wp\/v2\/media\/687807"}],"wp:attachment":[{"href":"https:\/\/nbg.eu\/ro\/wp-json\/wp\/v2\/media?parent=687717"}],"wp:term":[{"taxonomy":"product_brand","embeddable":true,"href":"https:\/\/nbg.eu\/ro\/wp-json\/wp\/v2\/product_brand?post=687717"},{"taxonomy":"product_cat","embeddable":true,"href":"https:\/\/nbg.eu\/ro\/wp-json\/wp\/v2\/product_cat?post=687717"},{"taxonomy":"product_tag","embeddable":true,"href":"https:\/\/nbg.eu\/ro\/wp-json\/wp\/v2\/product_tag?post=687717"}],"curies":[{"name":"wp","href":"https:\/\/api.w.org\/{rel}","templated":true}]}}