{"id":687819,"date":"2026-01-08T18:13:58","date_gmt":"2026-01-08T15:13:58","guid":{"rendered":"https:\/\/nbg.eu\/product\/camera-termica-ace-s60r\/"},"modified":"2026-04-14T16:14:39","modified_gmt":"2026-04-14T13:14:39","slug":"camera-termica-ace-s60r","status":"publish","type":"product","link":"https:\/\/nbg.eu\/ro\/produs\/camera-termica-ace-s60r\/","title":{"rendered":"Nocpix Camer\u0103 Termic\u0103 ACE S60R"},"content":{"rendered":"<h2>Descrierea produsului<\/h2>\n<p>Nocpix ACE S60R Thermal Scope este un instrument nou-nou\u021b, de ultim\u0103 genera\u021bie, creat pentru v\u00e2n\u0103torii de elit\u0103 care solicit\u0103 performan\u021be maxime \u00een cele mai provocatoare medii. Prin tehnologia sa de ultim\u0103 genera\u021bie \u0219i construc\u021bia sa robust\u0103, acest termoscop de top este conceput pentru a v\u0103 ajuta s\u0103 dominia\u021bi noaptea \u0219i s\u0103 domoliti fauna s\u0103lbatic\u0103. Fie c\u0103 scana\u021bi pentru a depista prada la distan\u021be mari sau urm\u0103ri\u021bi \u021binte \u00een mi\u0219care rapid\u0103, ACE S60R ofer\u0103 o claritate, precizie \u0219i fiabilitate f\u0103r\u0103 egal.<\/p>\n<p>\u00cen inima acestui scop extraordinar se afl\u0103 un senzor termic HD de genera\u021bia a 2-a, cu o rezolu\u021bie impresionant\u0103 de 1280&#215;1024 \u0219i un NETD ultra-sensibil de \u226415mK. Acest senzor de ultim\u0103 genera\u021bie permite ACE S60R s\u0103 detecteze chiar \u0219i cele mai mici schimb\u0103ri de temperatur\u0103, oferind imagini termice clare \u0219i detaliate, \u00een timp real. Cu o rat\u0103 de cadre de 50 Hz, scopul ofer\u0103 imagini fluide care \u021bin pasul cu viteza \u021bintei dvs., permi\u021bindu-v\u0103 s\u0103 v\u0103 bloca\u021bi cu o precizie f\u0103r\u0103 egal.<\/p>\n<p>Nocpix ACE S60R este, de asemenea, dotat cu o lentil\u0103 de 60mm\/F1.0 care culege cu 20% mai mult\u0103 lumin\u0103 dec\u00e2t obiectivele standard, oferindu-v\u0103 imagini mai luminoase \u0219i mai clare, chiar \u0219i \u00een cele mai \u00eentunecate condi\u021bii. Capacitatea sa superioar\u0103 de detectare pe distan\u021be lungi, de p\u00e2n\u0103 la 3100 de metri, v\u0103 permite s\u0103 identifica\u021bi \u0219i s\u0103 urm\u0103ri\u021bi u\u0219or \u021bintele \u00eendep\u0103rtate, oferindu-v\u0103 un avantaj critic pentru scenariile de v\u00e2n\u0103toare \u0219i tragere pe distan\u021be lungi. Combinat cu algoritmul de procesare a imaginilor Reality+ brevetat de Nocpix, ACE S60R reduce dramatic zgomotul ambiental, oferind \u00een fiecare moment imagini cu contrast ridicat \u0219i foarte clare.<\/p>\n<p>Pentru cei care doresc o claritate vizual\u0103 \u0219i mai mare, ACE S60R este echipat cu sistemul inovator Vision+. Displayul AMOLED rotund de 1,03 inchi cu rezolu\u021bie 2560&#215;2560, combinat cu o m\u0103rire ocular\u0103 de top din industrie, ofer\u0103 o m\u0103rire optic\u0103 f\u0103r\u0103 egal, f\u0103r\u0103 estompare sau distorsiune, specifice m\u0103ririlor electronice. Aceast\u0103 tehnologie revolu\u021bionar\u0103 asigur\u0103 o vizualizare cristalin\u0103 \u0219i un c\u00e2mp vizual larg, fie c\u0103 v\u0103 apropia\u021bi de \u021binta dvs. sau explora\u021bi \u00eemprejurimile.<\/p>\n<p>Precizia este esen\u021bial\u0103 \u00een v\u00e2n\u0103toare, iar ACE S60R nu dezam\u0103ge\u0219te. Dispune de un telemetru laser \u00eencorporat (LRF) care ofer\u0103 m\u0103sur\u0103tori precise p\u00e2n\u0103 la 1200 de metri. LRF este integrat \u00een mod imperceptibil \u00een designul elegant, men\u021bin\u00e2nd alinierea axului optic adev\u0103rat, permi\u021bindu-v\u0103 s\u0103 calcula\u021bi distan\u021be precise f\u0103r\u0103 a deranja focalizarea. \u0218i cu func\u021bionalitatea \u00eencorporat\u0103 de calcul balistic, ACE S60R v\u0103 asigur\u0103 c\u0103 loviturile dvs. sunt precise, lu\u00e2nd \u00een considerare to\u021bi factorii pentru o acurate\u021be impecabil\u0103.<\/p>\n<p>Conceput cu v\u00e2n\u0103torii \u00een minte, Nocpix ACE S60R se laud\u0103, de asemenea, cu un sistem dual de baterii, cu o baterie \u00eencorporat\u0103 de 4000 mAh \u0219i o baterie deta\u0219abil\u0103 de 18650, pentru o utilizare extins\u0103 pe teren. Nu mai trebuie s\u0103 v\u0103 face\u021bi griji c\u0103 ve\u021bi r\u0103m\u00e2ne f\u0103r\u0103 putere \u00een mijlocul v\u00e2n\u0103torii &#8211; acest sistem este conceput s\u0103 dureze c\u00e2t timp dureaz\u0103 aventura dvs. \u00cen plus, caracteristici precum oprirea automat\u0103 a ecranului, \u00eenregistrarea video activat\u0103 de recul \u0219i un design f\u0103r\u0103 capac fac din acest termoscop un adev\u0103rat game-changer pe teren.<\/p>\n<p>Construit pentru a rezista \u00een cele mai dure condi\u021bii outdoor, ACE S60R este realizat din aliaj de aluminiu de \u00eenalt\u0103 rezisten\u021b\u0103, testat riguros pentru a rezista la \u0219ocuri extreme \u0219i la utilizare dur\u0103. Clasificat IP67 pentru rezisten\u021ba la ap\u0103, func\u021bioneaz\u0103 perfect \u00een ploaie, praf \u0219i medii provocatoare, asigur\u00e2nd c\u0103 scopul dvs. este la fel de rezistent ca instinctele dvs. de v\u00e2n\u0103toare.<\/p>\n<p>Nocpix ACE S60R este mai mult dec\u00e2t un simplu termoscop &#8211; este partenerul de v\u00e2n\u0103toare definitiv. Cu tehnologie de ultim\u0103 genera\u021bie, durabilitate excep\u021bional\u0103 \u0219i o serie de func\u021bii avansate menite s\u0103 \u00eembun\u0103t\u0103\u021beasc\u0103 experien\u021ba dvs. de v\u00e2n\u0103toare, acest dispozitiv va redefini ceea ce v\u0103 a\u0219tepta\u021bi de la echipamentul dvs. Preg\u0103ti\u021bi-v\u0103 s\u0103 domina\u021bi noaptea.<\/p>\n","protected":false},"excerpt":{"rendered":"<p>Nocpix ACE S60R Termoscopul este un instrument de v\u00e2rf pentru v\u00e2n\u0103torii de elit\u0103, oferind o claritate, precizie \u0219i fiabilitate f\u0103r\u0103 egal \u00een cele mai provocatoare medii. Senzorul s\u0103u termic HD Gen-2, obiectivul de 60mm\/F1.0 \u0219i sistemul avansat Vision+ ofer\u0103 o calitate excep\u021bional\u0103 a imaginii, \u00een timp ce telemetrul laser integrat, calculul balistic \u0219i sistemul dual de baterii asigur\u0103 precizia \u0219i utilizarea prelungit\u0103. Fabricat din aliaj de aluminiu durabil \u0219i clasificat IP67, ACE S60R este construit pentru a rezista \u00een cele mai dure condi\u021bii.<\/p>\n","protected":false},"featured_media":687944,"template":"","meta":{"_acf_changed":false},"product_brand":[14464],"product_cat":[16096],"product_tag":[],"class_list":{"0":"post-687819","1":"product","2":"type-product","3":"status-publish","4":"has-post-thumbnail","6":"product_brand-nocpix","7":"product_cat-thermal-cameras-ro","9":"first","10":"instock","11":"taxable","12":"shipping-taxable","13":"purchasable","14":"product-type-simple"},"acf":[],"_links":{"self":[{"href":"https:\/\/nbg.eu\/ro\/wp-json\/wp\/v2\/product\/687819","targetHints":{"allow":["GET"]}}],"collection":[{"href":"https:\/\/nbg.eu\/ro\/wp-json\/wp\/v2\/product"}],"about":[{"href":"https:\/\/nbg.eu\/ro\/wp-json\/wp\/v2\/types\/product"}],"wp:featuredmedia":[{"embeddable":true,"href":"https:\/\/nbg.eu\/ro\/wp-json\/wp\/v2\/media\/687944"}],"wp:attachment":[{"href":"https:\/\/nbg.eu\/ro\/wp-json\/wp\/v2\/media?parent=687819"}],"wp:term":[{"taxonomy":"product_brand","embeddable":true,"href":"https:\/\/nbg.eu\/ro\/wp-json\/wp\/v2\/product_brand?post=687819"},{"taxonomy":"product_cat","embeddable":true,"href":"https:\/\/nbg.eu\/ro\/wp-json\/wp\/v2\/product_cat?post=687819"},{"taxonomy":"product_tag","embeddable":true,"href":"https:\/\/nbg.eu\/ro\/wp-json\/wp\/v2\/product_tag?post=687819"}],"curies":[{"name":"wp","href":"https:\/\/api.w.org\/{rel}","templated":true}]}}