{"id":688023,"date":"2025-10-17T23:10:38","date_gmt":"2025-10-17T20:10:38","guid":{"rendered":"https:\/\/nbg.eu\/product\/pistol-semiautomat-kmr-w-02-spectra-s-cal-9x19\/"},"modified":"2026-04-16T18:39:17","modified_gmt":"2026-04-16T15:39:17","slug":"pistol-semiautomat-kmr-w-02-spectra-s-cal-9x19","status":"publish","type":"product","link":"https:\/\/nbg.eu\/ro\/produs\/pistol-semiautomat-kmr-w-02-spectra-s-cal-9x19\/","title":{"rendered":"KMR Pistol Semiautomat W-02 SPECTRA S"},"content":{"rendered":"<h2>Pistol semiautomata KMR W-02 SPECTRA S OR &#8211; Calibrul 9&#215;19<\/h2>\n<p>Viteza combinata cu compactitatea. Pistolul KMR W-02 SPECTRA S OR are un design mai compact cu o priza mai redusa. Ca si in cazul altor modele ale noastre, te poti astepta la o precizie ridicata si o functionare fluenta si lina cu acest pistol. Pistolul este echipat cu sistemul de stabilizare a tevii BRS, accesorii KMR, luneta reglabila spate, ciocan de competitie si interfata pregatita pentru optici.<\/p>\n<p>Caracteristici:<\/p>\n<ul>\n<li>Teava grea canelata, nitrurat\u0103, de 5&#8243;<\/li>\n<li>BRS &#8211; Sistemul Inelului Tevii &#8211; Sistem de Stabilizare a Tevii in Culisa<\/li>\n<li>Cadru si Culisa din Otel, Prelucrare CNC din Blan Solid<\/li>\n<li>Cadru si Culisa Nitrurat\u0103 &#8211; negru<\/li>\n<li>Cadru Redus \u00een Zona Prinderii<\/li>\n<li>Interfata Pregatita pentru Optici (OR)<\/li>\n<li>Luneta Frontal\u0103 cu Fibr\u0103 Optic\u0103 (1 mm)<\/li>\n<li>Luneta Spate OR Reglabila Complet<\/li>\n<li>Mecanism Cu Tragaci SA\/DA<\/li>\n<li>Tragaci Dintat din Otel SA\/DA Reglabil &#8211; negru<\/li>\n<li>Resetare Scurta<\/li>\n<li>Ciocan de Competitie SA\/DA<\/li>\n<li>Siguran\u021b\u0103 Manual\u0103 Extins\u0103 St\u00e2nga<\/li>\n<li>Siguran\u021b\u0103 Manual\u0103 Plat\u0103 Dreapta<\/li>\n<li>Man\u0219on Duralumin WAVES &#8211; Ro\u0219u \u00cenchis<\/li>\n<li>Buton Reglabil Duralumin pentru Eliberarea \u00cenc\u0103rc\u0103torului &#8211; negru<\/li>\n<li>\u00cenc\u0103rc\u0103tor 9\u00d719, 9\u00d721 cu capacitate de 17 cartu\u0219e<\/li>\n<li>\u00cenc\u0103rc\u0103tor &#8211; 3x<\/li>\n<li>Geant\u0103 Pistol KMR, Set de Cur\u0103\u021bare, Ulei KMR, Unealt\u0103 de Montare a Tevii, Arc Principal 14 lbs, Arc de Recul 11 lbs, 13 lbs, Set de Tampoane, Chei Hexagonale, Fr\u00e2n\u0103 de \u0218urub, Card de Garan\u021bie, Manual de Utilizare<\/li>\n<\/ul>\n<p>Specifica\u021bii:<\/p>\n<ul>\n<li>Calibru: 9\u00d719, 9\u00d721<\/li>\n<li>Lungime Total\u0103: 220 mm \/ 8.7 in<\/li>\n<li>Lungime Culis\u0103: 194 mm \/ 7.6 in<\/li>\n<li>L\u0103\u021bime Total\u0103: 39 mm \/ 1.5 in<\/li>\n<li>L\u0103\u021bime Culis\u0103: 26 mm \/ 1 in<\/li>\n<li>\u00cen\u0103l\u021bime Total\u0103: 146 mm \/ 5.7 in<\/li>\n<li>Linie de Ochire: 177 mm \/ 7 in<\/li>\n<li>Lungime \u021aeav\u0103: 127 mm \/ 5 in<\/li>\n<li>Capacitate \u00cenc\u0103rc\u0103tor: 17<\/li>\n<li>Mecanism Tragaci: SA \/ DA<\/li>\n<li>For\u021b\u0103 Tragaci: 17,5 N \/ 45 N<\/li>\n<li>Arc de Recul: 12 lbs<\/li>\n<li>Arc Principal: 17 lbs<\/li>\n<li>Greutate (f\u0103r\u0103 \u00eenc\u0103rc\u0103tor): 1230 g \/ 43.4 oz<\/li>\n<li>Greutate (cu \u00eenc\u0103rc\u0103tor gol): 1320 g \/ 46.6 oz<\/li>\n<\/ul>\n","protected":false},"excerpt":{"rendered":"<p>Vitez\u0103 combinat\u0103 cu compactitate. Pistolul KMR W-02 SPECTRA S OR are un design mai compact cu o prindere redus\u0103. La fel ca la celelalte modele ale noastre, pute\u021bi s\u0103 v\u0103 a\u0219tepta\u021bi la o acurate\u021be ridicat\u0103 \u0219i o func\u021bionare lin\u0103 \u0219i fluent\u0103 cu acest pistol. Pistolul este echipat cu sistemul de stabilizare a \u021bevii BRS, accesorii KMR, vizor posterior complet reglabil, ciocan pentru competi\u021bii \u0219i interfa\u021b\u0103 preg\u0103tit\u0103 pentru optic\u0103.<\/p>\n","protected":false},"featured_media":688054,"template":"","meta":{"_acf_changed":false},"product_brand":[11498],"product_cat":[12794],"product_tag":[],"class_list":{"0":"post-688023","1":"product","2":"type-product","3":"status-publish","4":"has-post-thumbnail","6":"product_brand-kmr-precision","7":"product_cat-pistoale","9":"first","10":"instock","11":"taxable","12":"shipping-taxable","13":"purchasable","14":"product-type-simple"},"acf":[],"_links":{"self":[{"href":"https:\/\/nbg.eu\/ro\/wp-json\/wp\/v2\/product\/688023","targetHints":{"allow":["GET"]}}],"collection":[{"href":"https:\/\/nbg.eu\/ro\/wp-json\/wp\/v2\/product"}],"about":[{"href":"https:\/\/nbg.eu\/ro\/wp-json\/wp\/v2\/types\/product"}],"wp:featuredmedia":[{"embeddable":true,"href":"https:\/\/nbg.eu\/ro\/wp-json\/wp\/v2\/media\/688054"}],"wp:attachment":[{"href":"https:\/\/nbg.eu\/ro\/wp-json\/wp\/v2\/media?parent=688023"}],"wp:term":[{"taxonomy":"product_brand","embeddable":true,"href":"https:\/\/nbg.eu\/ro\/wp-json\/wp\/v2\/product_brand?post=688023"},{"taxonomy":"product_cat","embeddable":true,"href":"https:\/\/nbg.eu\/ro\/wp-json\/wp\/v2\/product_cat?post=688023"},{"taxonomy":"product_tag","embeddable":true,"href":"https:\/\/nbg.eu\/ro\/wp-json\/wp\/v2\/product_tag?post=688023"}],"curies":[{"name":"wp","href":"https:\/\/api.w.org\/{rel}","templated":true}]}}