{"id":688139,"date":"2025-10-17T23:30:59","date_gmt":"2025-10-17T20:30:59","guid":{"rendered":"https:\/\/nbg.eu\/product\/pistol-semi-automat-kmr-umbra-w-02-cal-9x19-teava-filetata\/"},"modified":"2026-04-16T18:39:13","modified_gmt":"2026-04-16T15:39:13","slug":"pistol-semi-automat-kmr-umbra-w-02-cal-9x19-teava-filetata","status":"publish","type":"product","link":"https:\/\/nbg.eu\/ro\/produs\/pistol-semi-automat-kmr-umbra-w-02-cal-9x19-teava-filetata\/","title":{"rendered":"KMR Pistol Semiautomat W-02 UMBRA cu \u021aeav\u0103 Filetat\u0103"},"content":{"rendered":"<h2>KMR W-02 UMBRA OR &#8211; Pistol puternic \u0219i compact pentru tragere competitiv\u0103<\/h2>\n<p>Cu acest pistol compact nu vei fi uitat \u00een competi\u021bie, dimpotriv\u0103, po\u021bi surprinde.<\/p>\n<p>Pistolul este echipat cu accesorii KMR \u0219i sistem de stabilizare a \u021bevii BRS, ceea ce \u00eenseamn\u0103 un impact \u00een centrul \u021bintei.<\/p>\n<p>Acest model nu este doar pentru tragere sportiv\u0103, ci pentru orice pasionat de tragere.<\/p>\n<h2>Caracteristici Cheie<\/h2>\n<ul>\n<li>\u021aeav\u0103 grea de 4,5 inchi, canelat\u0103, nitrurat\u0103<\/li>\n<li>BRS \u2013 Sistem de inele ale \u021bevii \u2013 Sistem de stabilizare a \u021bevii \u00een culat\u0103<\/li>\n<li>Cadru \u0219i culat\u0103 din o\u021bel, prelucrat\u0103 CNC dintr-un bloc solid<\/li>\n<li>Cadru \u0219i culat\u0103 nitrurat\u0103 \u2013 negru<\/li>\n<li>Interfa\u021b\u0103 preg\u0103tit\u0103 pentru optica (OR)<\/li>\n<li>Vizor frontal din fibr\u0103 optic\u0103 (1 mm)<\/li>\n<li>Vizor reglabil OR \u00een spate<\/li>\n<li>Mecanism de tragaci SA\/DA<\/li>\n<li>Tragaci din o\u021bel cu caneluri SA\/DA cu supraducere reglabil\u0103 \u2013 negru<\/li>\n<li>Reset scurt<\/li>\n<li>Ciocan pentru tragere competi\u021bional\u0103 SA\/DA<\/li>\n<li>Siguran\u021b\u0103 manual\u0103 extins\u0103 \u00een st\u00e2nga<\/li>\n<li>Siguran\u021b\u0103 manual\u0103 plat\u0103 \u00een dreapta<\/li>\n<li>M\u00e2nere din duralumin WAVES \u2013 negru<\/li>\n<li>Buton de eliberare a \u00eenc\u0103rc\u0103torului din duralumin reglabil \u2013 negru<\/li>\n<li>\u00cenc\u0103rc\u0103tor 9&#215;19, 9&#215;21 cu capacitate de 17 cartu\u0219e<\/li>\n<\/ul>\n<h2>Ce este inclus<\/h2>\n<ul>\n<li>Pistol KMR W-02 UMBRA OR<\/li>\n<li>3 buc. \u00eenc\u0103rc\u0103toare<\/li>\n<li>Set de cur\u0103\u021bare<\/li>\n<li>Ulei KMR<\/li>\n<li>Unealt\u0103 de montare a \u021bevii<\/li>\n<li>Arc principal 14 lbs<\/li>\n<li>Arc de recul 11 lbs, 13 lbs<\/li>\n<li>Set de tampon<\/li>\n<li>Chei hexagonale<\/li>\n<li>Lac de \u00een\u0219urubat<\/li>\n<li>Cartel\u0103 de garan\u021bie<\/li>\n<li>Manualul utilizatorului<\/li>\n<li>Set de ab\u021bibilduri publicitare KMR Precision Arms<\/li>\n<\/ul>\n<h2>Specifica\u021bii<\/h2>\n<ul>\n<li>Calibru: 9&#215;19, 9&#215;21<\/li>\n<li>Lungime total\u0103: 208 mm \/ 8,2 inch<\/li>\n<li>Lungime culat\u0103: 181 mm \/ 7 inch<\/li>\n<li>L\u0103\u021bime total\u0103: 39 mm \/ 1,5 inch<\/li>\n<li>L\u0103\u021bime culat\u0103: 26 mm \/ 1 inch<\/li>\n<li>\u00cen\u0103l\u021bime total\u0103: 143 mm \/ 5,6 inch<\/li>\n<li>Linie de ochire: 164 mm \/ 6,5 inch<\/li>\n<li>Lungime \u021beav\u0103: 114 mm \/ 4,5 inch<\/li>\n<li>Capacitate \u00eenc\u0103rc\u0103tor: 17<\/li>\n<li>Mecanism de tragaci: SA \/ DA<\/li>\n<li>For\u021ba tragaciului: 17,5 N \/ 45 N<\/li>\n<li>Arc de recul: 12 lbs<\/li>\n<li>Arc principal: 17 lbs<\/li>\n<li>Greutate (f\u0103r\u0103 \u00eenc\u0103rc\u0103tor): 1180 g \/ 41,6 oz<\/li>\n<li>Greutate (cu \u00eenc\u0103rc\u0103tor gol): 1270 g \/ 44,8 oz<\/li>\n<\/ul>\n","protected":false},"excerpt":{"rendered":"<p>Mic \u0219i compact, cu toate acestea puternic pistol KMR W-02 UMBRA OR 9&#215;19 cu \u021beav\u0103 filetat\u0103 \u0219i stabilizare a \u021bevii BRS.<\/p>\n","protected":false},"featured_media":0,"template":"","meta":{"_acf_changed":false},"product_brand":[],"product_cat":[12811],"product_tag":[],"class_list":{"0":"post-688139","1":"product","2":"type-product","3":"status-publish","5":"product_cat-necategorizat","7":"first","8":"instock","9":"taxable","10":"shipping-taxable","11":"purchasable","12":"product-type-simple"},"acf":[],"_links":{"self":[{"href":"https:\/\/nbg.eu\/ro\/wp-json\/wp\/v2\/product\/688139","targetHints":{"allow":["GET"]}}],"collection":[{"href":"https:\/\/nbg.eu\/ro\/wp-json\/wp\/v2\/product"}],"about":[{"href":"https:\/\/nbg.eu\/ro\/wp-json\/wp\/v2\/types\/product"}],"wp:attachment":[{"href":"https:\/\/nbg.eu\/ro\/wp-json\/wp\/v2\/media?parent=688139"}],"wp:term":[{"taxonomy":"product_brand","embeddable":true,"href":"https:\/\/nbg.eu\/ro\/wp-json\/wp\/v2\/product_brand?post=688139"},{"taxonomy":"product_cat","embeddable":true,"href":"https:\/\/nbg.eu\/ro\/wp-json\/wp\/v2\/product_cat?post=688139"},{"taxonomy":"product_tag","embeddable":true,"href":"https:\/\/nbg.eu\/ro\/wp-json\/wp\/v2\/product_tag?post=688139"}],"curies":[{"name":"wp","href":"https:\/\/api.w.org\/{rel}","templated":true}]}}