{"id":688797,"date":"2025-12-22T15:23:07","date_gmt":"2025-12-22T12:23:07","guid":{"rendered":"https:\/\/nbg.eu\/product\/hyllus-duffel-military-green-65-litri\/"},"modified":"2026-04-15T14:39:35","modified_gmt":"2026-04-15T11:39:35","slug":"hyllus-duffel-military-green-65-litri","status":"publish","type":"product","link":"https:\/\/nbg.eu\/ro\/produs\/hyllus-duffel-military-green-65-litri\/","title":{"rendered":"Eberlestock Geant\u0103 de Voiaj Hyllus &#8211; 65 Litri"},"content":{"rendered":"<h2>Hyllus Duffel- 65 Litri<\/h2>\n<p>Hyllus Duffel este o geant\u0103 de voiaj rezistent\u0103 la ap\u0103 \u0219i ultra-durabil\u0103, perfect\u0103 pentru concentrarea echipamentului \u00een camionet\u0103 sau \u00een bagajul de m\u00e2n\u0103. Partea inferioar\u0103 \u0219i pere\u021bii laterali sunt realiza\u021bi din Nylon c\u0103ptu\u0219it cu TPU 1000D, iar partea superioar\u0103 este din Nylon ripstop c\u0103ptu\u0219it cu TPU 500D.<\/p>\n<p>Buzunarele interioare \u0219i exterioare cu fermoar fac organizarea obiectelor mici u\u0219oar\u0103 \u0219i sigur\u0103, \u00een timp ce o deschidere larg\u0103 a compartimentului principal permite o depozitare rapid\u0103 a hainelor \u0219i a obiectelor mari. Hyllus are o curea de um\u0103r din band\u0103 pentru a fi fixat convenabil pe o m\u00e2ner telescopic de bagaj.<\/p>\n<h2>Dimensiuni<\/h2>\n<p>Volum de 65 L: 3966 inchi cubi<br \/>\nGreutate de 65 L: 2,5 lb<br \/>\nDimensiuni de 65 L: 11 \u00een\u0103l\u021bime x 27 lungime x 13 l\u0103\u021bime<\/p>\n<h2>Caracteristici<\/h2>\n<p>Construc\u021bie rezistent\u0103 la ap\u0103<br \/>\nCompartiment principal mare cu buzunare interioare cu fermoar pentru organizare<br \/>\nBuzunare exterioare cu fermoar pe ambele laturi \u0219i \u00een fa\u021b\u0103<br \/>\nCurele de transport pentru geant\u0103<\/p>\n","protected":false},"excerpt":{"rendered":"<p>Sacul de c\u0103l\u0103torie Hyllus- 65 litri este un sac impermeabil \u0219i ultra-rezistent, cu un volum de 3966 cmc \u0219i o greutate de 2,5 Lb.<\/p>\n","protected":false},"featured_media":688858,"template":"","meta":{"_acf_changed":false},"product_brand":[15156],"product_cat":[12735],"product_tag":[],"class_list":{"0":"post-688797","1":"product","2":"type-product","3":"status-publish","4":"has-post-thumbnail","6":"product_brand-eberlestock","7":"product_cat-genti-de-tragere","9":"first","10":"instock","11":"taxable","12":"shipping-taxable","13":"purchasable","14":"product-type-variable","15":"wvs-archive-product-wrapper"},"acf":[],"_links":{"self":[{"href":"https:\/\/nbg.eu\/ro\/wp-json\/wp\/v2\/product\/688797","targetHints":{"allow":["GET"]}}],"collection":[{"href":"https:\/\/nbg.eu\/ro\/wp-json\/wp\/v2\/product"}],"about":[{"href":"https:\/\/nbg.eu\/ro\/wp-json\/wp\/v2\/types\/product"}],"wp:featuredmedia":[{"embeddable":true,"href":"https:\/\/nbg.eu\/ro\/wp-json\/wp\/v2\/media\/688858"}],"wp:attachment":[{"href":"https:\/\/nbg.eu\/ro\/wp-json\/wp\/v2\/media?parent=688797"}],"wp:term":[{"taxonomy":"product_brand","embeddable":true,"href":"https:\/\/nbg.eu\/ro\/wp-json\/wp\/v2\/product_brand?post=688797"},{"taxonomy":"product_cat","embeddable":true,"href":"https:\/\/nbg.eu\/ro\/wp-json\/wp\/v2\/product_cat?post=688797"},{"taxonomy":"product_tag","embeddable":true,"href":"https:\/\/nbg.eu\/ro\/wp-json\/wp\/v2\/product_tag?post=688797"}],"curies":[{"name":"wp","href":"https:\/\/api.w.org\/{rel}","templated":true}]}}