{"id":688982,"date":"2024-09-02T13:30:54","date_gmt":"2024-09-02T10:30:54","guid":{"rendered":"https:\/\/nbg.eu\/product\/bipod-harris-s-lm-notch-rotate-9-13\/"},"modified":"2026-05-13T17:00:37","modified_gmt":"2026-05-13T14:00:37","slug":"bipod-harris-s-lm-notch-rotate-9-13","status":"publish","type":"product","link":"https:\/\/nbg.eu\/ro\/produs\/bipod-harris-s-lm-notch-rotate-9-13\/","title":{"rendered":"Bipod Harris &#8211; S -LM Notch Rotate 9-13&#8243;"},"content":{"rendered":"<div class=\"product-description\">\n<h2>Bipod Harris &#8211; S -LM Notch Rotate 9-13&#8243;<\/h2>\n<p>\u00cembun\u0103t\u0103\u021bi\u021bi-v\u0103 experien\u021ba de \u00eempu\u0219care cu Bipod Harris S-LM Notch Rotate. Acest bipod ultrau\u0219or \u0219i versatil este perfect pentru \u00eempu\u0219c\u0103turi \u00een pozi\u021bie culcat sau pe banc\u0103.<\/p>\n<ul>\n<li>\u00cen\u0103l\u021bime reglabil\u0103: 9&#8243; la 13&#8243;<\/li>\n<li>Ata\u0219are direct\u0103 la \u0218ina Picatinny<\/li>\n<li>Caracteristic\u0103 de rota\u021bie pentru teren accidentat<\/li>\n<li>Picioare u\u0219or de utilizat pentru o implementare facil\u0103<\/li>\n<li>Greutate u\u0219oar\u0103 de doar 13,5 uncii<\/li>\n<li>Inel de prindere a curelei \u00eencorporat<\/li>\n<li>100% fabricat \u00een SUA<\/li>\n<\/ul>\n<p>Construit din o\u021bel tratat termic \u0219i aliaje dure, cu v\u00e2rfuri de picior din cauciuc dur \u0219i un buton din polimer. Finisajul negru anodizat asigur\u0103 durabilitatea \u0219i stilul.<\/p>\n<p>Experien\u021b\u0103-\u021bi precizia \u0219i stabilitatea cu acest bipod de \u00eenalt\u0103 calitate, conceput pentru tr\u0103g\u0103tori serio\u0219i care a\u0219teapt\u0103 doar ce este mai bun.<\/p>\n<\/div>\n","protected":false},"excerpt":{"rendered":"<p>Bipiod versatil de 9-13 inch, pivotant pentru teren accidentat, ultrau\u0219or de 13.5 uncii.<\/p>\n","protected":false},"featured_media":35228,"template":"","meta":{"_acf_changed":false},"product_brand":[12026],"product_cat":[12795,12774,12756],"product_tag":[],"class_list":{"0":"post-688982","1":"product","2":"type-product","3":"status-publish","4":"has-post-thumbnail","6":"product_brand-harris-bipods","7":"product_cat-arma-lunga","8":"product_cat-bipoduri","9":"product_cat-tuning-pusca","11":"first","12":"instock","13":"taxable","14":"shipping-taxable","15":"purchasable","16":"product-type-simple"},"acf":[],"_links":{"self":[{"href":"https:\/\/nbg.eu\/ro\/wp-json\/wp\/v2\/product\/688982","targetHints":{"allow":["GET"]}}],"collection":[{"href":"https:\/\/nbg.eu\/ro\/wp-json\/wp\/v2\/product"}],"about":[{"href":"https:\/\/nbg.eu\/ro\/wp-json\/wp\/v2\/types\/product"}],"wp:featuredmedia":[{"embeddable":true,"href":"https:\/\/nbg.eu\/ro\/wp-json\/wp\/v2\/media\/35228"}],"wp:attachment":[{"href":"https:\/\/nbg.eu\/ro\/wp-json\/wp\/v2\/media?parent=688982"}],"wp:term":[{"taxonomy":"product_brand","embeddable":true,"href":"https:\/\/nbg.eu\/ro\/wp-json\/wp\/v2\/product_brand?post=688982"},{"taxonomy":"product_cat","embeddable":true,"href":"https:\/\/nbg.eu\/ro\/wp-json\/wp\/v2\/product_cat?post=688982"},{"taxonomy":"product_tag","embeddable":true,"href":"https:\/\/nbg.eu\/ro\/wp-json\/wp\/v2\/product_tag?post=688982"}],"curies":[{"name":"wp","href":"https:\/\/api.w.org\/{rel}","templated":true}]}}