{"id":689033,"date":"2025-03-06T13:09:16","date_gmt":"2025-03-06T10:09:16","guid":{"rendered":"https:\/\/nbg.eu\/product\/clawgear-picatinny-qd-mount\/"},"modified":"2026-05-13T16:03:39","modified_gmt":"2026-05-13T13:03:39","slug":"clawgear-picatinny-qd-mount","status":"publish","type":"product","link":"https:\/\/nbg.eu\/ro\/produs\/clawgear-picatinny-qd-mount\/","title":{"rendered":"Clawgear Picatinny QD Mount"},"content":{"rendered":"<h2>Suport Picatinny QD Clawgear<\/h2>\n<p>\u00cembun\u0103t\u0103\u021bi\u021bi versatilitatea pu\u0219tii dvs. cu Suportul Picatinny QD Clawgear, un punct de prindere robust pentru Suporturile Curea QD. Compatibil cu interfe\u021bele M-LOK, acest suport are:<\/p>\n<ul>\n<li>Design cu profil sc\u0103zut cu col\u021buri conice pentru o manipulare f\u0103r\u0103 probleme<\/li>\n<li>Construc\u021bie solid\u0103 din metal cu \u00eenveli\u0219 negru pentru durabilitate<\/li>\n<li>Piuli\u021be M-Lok din o\u021bel inoxidabil pentru rezisten\u021b\u0103 la coroziune \u0219i durabilitate<\/li>\n<li>Capacitate de rota\u021bie la 360 de grade<\/li>\n<\/ul>\n<p>V\u0103 recomand\u0103m s\u0103 utiliza\u021bi Suporturi Curea QD de calitate ridicat\u0103 pentru compatibilitate optim\u0103. Verifica\u021bi \u00eentotdeauna blocarea sigur\u0103 a suportului dup\u0103 montare printr-o tragere \u0219i o r\u0103sucire rapid\u0103.<\/p>\n<h2>Specifica\u021bii:<\/h2>\n<ul>\n<li>Sistem \u0219in\u0103: M-Lok<\/li>\n<li>Greutate: 25g<\/li>\n<li>Dimensiuni (ambalat): 18 x 9,4 x 1 cm<\/li>\n<\/ul>\n","protected":false},"excerpt":{"rendered":"<p>Suport QD pentru chingi durabil M-LOK cu rota\u021bie de 360\u00b0 pentru ata\u0219are sigur\u0103.<\/p>\n","protected":false},"featured_media":240837,"template":"","meta":{"_acf_changed":false},"product_brand":[11229],"product_cat":[12795,12731,12809,12756],"product_tag":[],"class_list":{"0":"post-689033","1":"product","2":"type-product","3":"status-publish","4":"has-post-thumbnail","6":"product_brand-clawgear","7":"product_cat-arma-lunga","8":"product_cat-chingi-de-purtare","9":"product_cat-sine","10":"product_cat-tuning-pusca","12":"first","13":"instock","14":"taxable","15":"shipping-taxable","16":"purchasable","17":"product-type-simple"},"acf":[],"_links":{"self":[{"href":"https:\/\/nbg.eu\/ro\/wp-json\/wp\/v2\/product\/689033","targetHints":{"allow":["GET"]}}],"collection":[{"href":"https:\/\/nbg.eu\/ro\/wp-json\/wp\/v2\/product"}],"about":[{"href":"https:\/\/nbg.eu\/ro\/wp-json\/wp\/v2\/types\/product"}],"wp:featuredmedia":[{"embeddable":true,"href":"https:\/\/nbg.eu\/ro\/wp-json\/wp\/v2\/media\/240837"}],"wp:attachment":[{"href":"https:\/\/nbg.eu\/ro\/wp-json\/wp\/v2\/media?parent=689033"}],"wp:term":[{"taxonomy":"product_brand","embeddable":true,"href":"https:\/\/nbg.eu\/ro\/wp-json\/wp\/v2\/product_brand?post=689033"},{"taxonomy":"product_cat","embeddable":true,"href":"https:\/\/nbg.eu\/ro\/wp-json\/wp\/v2\/product_cat?post=689033"},{"taxonomy":"product_tag","embeddable":true,"href":"https:\/\/nbg.eu\/ro\/wp-json\/wp\/v2\/product_tag?post=689033"}],"curies":[{"name":"wp","href":"https:\/\/api.w.org\/{rel}","templated":true}]}}