{"id":689110,"date":"2025-03-03T22:26:47","date_gmt":"2025-03-03T19:26:47","guid":{"rendered":"https:\/\/nbg.eu\/product\/daa-3-piece-steel-die-set-223\/"},"modified":"2026-05-13T16:02:56","modified_gmt":"2026-05-13T13:02:56","slug":"daa-3-piece-steel-die-set-223","status":"publish","type":"product","link":"https:\/\/nbg.eu\/ro\/produs\/daa-3-piece-steel-die-set-223\/","title":{"rendered":"DAA 3-Piece Steel Die Set .223"},"content":{"rendered":"<h2>Set de Matri\u0163e din O\u0163el \u00een 3 Piese .223 DAA<\/h2>\n<p>Ridica\u0163i-v\u0103 experien\u0163a de re\u00eenc\u0103rcare cu Setul de Matri\u0163e din O\u0163el \u00een 3 Piese pentru calibrul .223 al Double Alpha Academy. Realizat \u00een colaborare cu Lee Precision, acest set este creat special pentru re\u00eenc\u0103rc\u0103torii de pu\u015fti progresivi.<\/p>\n<ul>\n<li>Matri\u0163\u0103 de dimensionare pe toat\u0103 lungimea pentru o func\u0163ionare fiabil\u0103<\/li>\n<li>Matri\u0163\u0103 de a\u015fezare a gloan\u0163elor cu lungime fix\u0103 pentru alinierea precis\u0103<\/li>\n<li>Matri\u0163\u0103 de capsulare de tip colier pentru o performan\u0163\u0103 \u00eembun\u0103t\u0103\u0163it\u0103<\/li>\n<li>Include 2 \u0163epu\u015fe de decapsulare de rezerv\u0103 \u015fi 3 piuli\u0163e de blocare din o\u0163el sub\u0163iri de 1&#8243; suplimentare DAA<\/li>\n<li>Cutie de depozitare din EVA personalizat\u0103 inclus\u0103<\/li>\n<\/ul>\n<p>Matri\u0163ele separate de capsulare \u015fi a\u015fezare asigur\u0103 rezultate optime f\u0103r\u0103 deteriorarea tocurilor. Bucura\u0163i-v\u0103 de precizia muni\u0163iei de fabric\u0103 cu flexibilitatea re\u00eenc\u0103rc\u0103rii manuale. Perfect at\u00e2t pentru re\u00eenc\u0103rc\u0103torii experimenta\u0163i, c\u00e2t \u015fi pentru cei \u00eencep\u0103tori.<\/p>\n<p>\u00cembun\u0103t\u0103\u0163i\u0163i-v\u0103 instala\u0163ia de re\u00eenc\u0103rcare ast\u0103zi cu setul de matri\u0163e superior DAA!<\/p>\n","protected":false},"excerpt":{"rendered":"<p>Set de rec\u00e2\u0219tigare de precizie .223: Dimensiune complet\u0103, scaune, filiere de crimp. Fabricat de Lee.<\/p>\n","protected":false},"featured_media":235725,"template":"","meta":{"_acf_changed":false},"product_brand":[11281],"product_cat":[12770,12781],"product_tag":[],"class_list":{"0":"post-689110","1":"product","2":"type-product","3":"status-publish","4":"has-post-thumbnail","6":"product_brand-doublealpha","7":"product_cat-accesorii-reincarcare","8":"product_cat-reincarcare","10":"first","11":"instock","12":"taxable","13":"shipping-taxable","14":"purchasable","15":"product-type-simple"},"acf":[],"_links":{"self":[{"href":"https:\/\/nbg.eu\/ro\/wp-json\/wp\/v2\/product\/689110","targetHints":{"allow":["GET"]}}],"collection":[{"href":"https:\/\/nbg.eu\/ro\/wp-json\/wp\/v2\/product"}],"about":[{"href":"https:\/\/nbg.eu\/ro\/wp-json\/wp\/v2\/types\/product"}],"wp:featuredmedia":[{"embeddable":true,"href":"https:\/\/nbg.eu\/ro\/wp-json\/wp\/v2\/media\/235725"}],"wp:attachment":[{"href":"https:\/\/nbg.eu\/ro\/wp-json\/wp\/v2\/media?parent=689110"}],"wp:term":[{"taxonomy":"product_brand","embeddable":true,"href":"https:\/\/nbg.eu\/ro\/wp-json\/wp\/v2\/product_brand?post=689110"},{"taxonomy":"product_cat","embeddable":true,"href":"https:\/\/nbg.eu\/ro\/wp-json\/wp\/v2\/product_cat?post=689110"},{"taxonomy":"product_tag","embeddable":true,"href":"https:\/\/nbg.eu\/ro\/wp-json\/wp\/v2\/product_tag?post=689110"}],"curies":[{"name":"wp","href":"https:\/\/api.w.org\/{rel}","templated":true}]}}