{"id":689235,"date":"2024-08-18T11:35:41","date_gmt":"2024-08-18T08:35:41","guid":{"rendered":"https:\/\/nbg.eu\/product\/ejector-sa-da-kmr\/"},"modified":"2026-05-13T15:09:49","modified_gmt":"2026-05-13T12:09:49","slug":"ejector-sa-da-kmr","status":"publish","type":"product","link":"https:\/\/nbg.eu\/ro\/produs\/ejector-sa-da-kmr\/","title":{"rendered":"Extractor SA\/DA KMR"},"content":{"rendered":"<h2>Ejector SA\/DA KMR pentru Weapons KMR<\/h2>\n<p>Ejector SA\/DA KMR este un accesoriu versatil \u0219i fiabil, proiectat pentru a fi utilizat cu diverse modele Weapons KMR. Acesta are un mecanism de ac\u021bionare simpl\u0103 (SA) \u0219i dubl\u0103 (DA), oferind utilizatorilor o flexibilitate \u0219i control sporite \u00een timpul utiliz\u0103rii. Este compatibil cu urm\u0103toarele modele:<\/p>\n<ul>\n<li>KMR L-02 EMIQ<\/li>\n<li>KMR L-02 EMIQ (OR)<\/li>\n<li>KMR L-02 ORCA DE LA 2024<\/li>\n<li>KMR L-02 ORCA P\u00c2N\u0102 \u00ceN 2023<\/li>\n<li>KMR L-02 SPECTRA DE LA 2024<\/li>\n<li>KMR L-02 SPECTRA P\u00c2N\u0102 \u00ceN 2023<\/li>\n<li>KMR L-02 UMBRA (OR) SR<\/li>\n<li>KMR W-02 CUDA (OR)<\/li>\n<li>KMR W-02 UMBRA<\/li>\n<li>KMR W-02 UMBRA (OR)<\/li>\n<\/ul>\n<p>Num\u0103rul de referin\u021b\u0103 este 1060-00701-0401<\/p>\n","protected":false},"excerpt":{"rendered":"<p>Accesoriu de arm\u0103 versatil \u0219i fiabil SA\/DA KMR.<\/p>\n","protected":false},"featured_media":25692,"template":"","meta":{"_acf_changed":false},"product_brand":[11498],"product_cat":[12745],"product_tag":[],"class_list":{"0":"post-689235","1":"product","2":"type-product","3":"status-publish","4":"has-post-thumbnail","6":"product_brand-kmr-precision","7":"product_cat-piese-kmr","9":"first","10":"instock","11":"taxable","12":"shipping-taxable","13":"product-type-simple"},"acf":[],"_links":{"self":[{"href":"https:\/\/nbg.eu\/ro\/wp-json\/wp\/v2\/product\/689235","targetHints":{"allow":["GET"]}}],"collection":[{"href":"https:\/\/nbg.eu\/ro\/wp-json\/wp\/v2\/product"}],"about":[{"href":"https:\/\/nbg.eu\/ro\/wp-json\/wp\/v2\/types\/product"}],"wp:featuredmedia":[{"embeddable":true,"href":"https:\/\/nbg.eu\/ro\/wp-json\/wp\/v2\/media\/25692"}],"wp:attachment":[{"href":"https:\/\/nbg.eu\/ro\/wp-json\/wp\/v2\/media?parent=689235"}],"wp:term":[{"taxonomy":"product_brand","embeddable":true,"href":"https:\/\/nbg.eu\/ro\/wp-json\/wp\/v2\/product_brand?post=689235"},{"taxonomy":"product_cat","embeddable":true,"href":"https:\/\/nbg.eu\/ro\/wp-json\/wp\/v2\/product_cat?post=689235"},{"taxonomy":"product_tag","embeddable":true,"href":"https:\/\/nbg.eu\/ro\/wp-json\/wp\/v2\/product_tag?post=689235"}],"curies":[{"name":"wp","href":"https:\/\/api.w.org\/{rel}","templated":true}]}}