{"id":689293,"date":"2024-08-18T11:36:41","date_gmt":"2024-08-18T08:36:41","guid":{"rendered":"https:\/\/nbg.eu\/product\/extractor-9x19-kmr\/"},"modified":"2026-05-13T16:01:57","modified_gmt":"2026-05-13T13:01:57","slug":"extractor-9x19-kmr","status":"publish","type":"product","link":"https:\/\/nbg.eu\/ro\/produs\/extractor-9x19-kmr\/","title":{"rendered":"Extractor 9&#215;19 KMR"},"content":{"rendered":"<h2>KMR Precision Extractor \u2013 9x19mm<\/h2>\n<p>Acest extractor precis conceput din punct de vedere tehnic este o pies\u0103 de schimb vital\u0103, proiectat\u0103 \u00een mod specific pentru pistoalele KMR de 9x19mm. Construit pentru a rezista la rigorile tragerii competitive de mare volum, acesta asigur\u0103 \u00eendep\u0103rtarea impecabil\u0103 a man\u0219oanelor utilizate de 9mm din camera de tragere la fiecare tragere.<\/p>\n<h3>Excelen\u021b\u0103 tehnic\u0103:<\/h3>\n<ul>\n<li><strong>Optimizat pentru 9x19mm:<\/strong> Calibrat \u00een mod specific pentru dimensiunile br\u0103\u021b\u0103rii muni\u021biei Luger de 9mm pentru a asigura angajarea \u0219i fiabilitatea maxim\u0103.<\/li>\n<li><strong>O\u021bel de \u00eenalt\u0103 calitate:<\/strong> Prelucrat din o\u021bel premium, tratat termic pentru a preveni uzura c\u00e2rligului \u0219i a rezista la for\u021bele de impact ridicate ale ciclului gloan\u021belor.<\/li>\n<li><strong>Compatibilitate OEM:<\/strong> Un \u00eenlocuitor direct pentru modele KMR, cum ar fi L-02 \u0219i W-02, garant\u00e2nd o potrivire perfect\u0103 din fabric\u0103.<\/li>\n<li><strong>Performan\u021b\u0103 constant\u0103:<\/strong> Geometria specializat\u0103 a ghearei minimizeaz\u0103 defec\u021biunile de extrac\u021bie (FTE), chiar \u0219i \u00een timpul tragerii rapide.<\/li>\n<\/ul>\n<p>Men\u021bine\u021bi avantajul competitiv al pistoalului dvs. asigur\u00e2ndu-v\u0103 c\u0103 sistemul de extrac\u021bie este \u00een stare optim\u0103. Aceast\u0103 pies\u0103 original\u0103 KMR este esen\u021bial\u0103 pentru orice tr\u0103g\u0103tor care solicit\u0103 100% fiabilitate la poligon sau \u00een timpul unui concurs.<\/p>\n","protected":false},"excerpt":{"rendered":"<p>1080-00301-0400<\/p>\n","protected":false},"featured_media":25715,"template":"","meta":{"_acf_changed":false},"product_brand":[11498],"product_cat":[12745],"product_tag":[],"class_list":{"0":"post-689293","1":"product","2":"type-product","3":"status-publish","4":"has-post-thumbnail","6":"product_brand-kmr-precision","7":"product_cat-piese-kmr","9":"first","10":"instock","11":"taxable","12":"shipping-taxable","13":"product-type-simple"},"acf":[],"_links":{"self":[{"href":"https:\/\/nbg.eu\/ro\/wp-json\/wp\/v2\/product\/689293","targetHints":{"allow":["GET"]}}],"collection":[{"href":"https:\/\/nbg.eu\/ro\/wp-json\/wp\/v2\/product"}],"about":[{"href":"https:\/\/nbg.eu\/ro\/wp-json\/wp\/v2\/types\/product"}],"wp:featuredmedia":[{"embeddable":true,"href":"https:\/\/nbg.eu\/ro\/wp-json\/wp\/v2\/media\/25715"}],"wp:attachment":[{"href":"https:\/\/nbg.eu\/ro\/wp-json\/wp\/v2\/media?parent=689293"}],"wp:term":[{"taxonomy":"product_brand","embeddable":true,"href":"https:\/\/nbg.eu\/ro\/wp-json\/wp\/v2\/product_brand?post=689293"},{"taxonomy":"product_cat","embeddable":true,"href":"https:\/\/nbg.eu\/ro\/wp-json\/wp\/v2\/product_cat?post=689293"},{"taxonomy":"product_tag","embeddable":true,"href":"https:\/\/nbg.eu\/ro\/wp-json\/wp\/v2\/product_tag?post=689293"}],"curies":[{"name":"wp","href":"https:\/\/api.w.org\/{rel}","templated":true}]}}