{"id":689360,"date":"2024-08-16T23:18:23","date_gmt":"2024-08-16T20:18:23","guid":{"rendered":"https:\/\/nbg.eu\/product\/extractor-pin-kmr\/"},"modified":"2026-05-13T16:02:07","modified_gmt":"2026-05-13T13:02:07","slug":"extractor-pin-kmr","status":"publish","type":"product","link":"https:\/\/nbg.eu\/ro\/produs\/extractor-pin-kmr\/","title":{"rendered":"KMR Pin Extractor"},"content":{"rendered":"<h2>Pin extractor pentru pistoale KMR<\/h2>\n<p>\u00cembun\u0103t\u0103\u021be\u0219te performan\u021ba \u0219i fiabilitatea pistolului t\u0103u KMR cu Pin extractor. Fabricat din o\u021bel de scule \u00eent\u0103rit \u0219i proiectat conform specifica\u021biilor fabricii, acest component\u0103 asigur\u0103 o potrivire perfect\u0103 \u00een ansamblul culisantului. Finisajul s\u0103u rezistent la uzur\u0103 garanteaz\u0103 o durabilitate de lung\u0103 durat\u0103, \u00een timp ce rezisten\u021ba sa la trac\u021biune ridicat\u0103 protejeaz\u0103 sistemul pivotant critic al extractorului.<\/p>\n<p>\u00cen calitate de ax pentru mi\u0219carea extractorului, acest pin joac\u0103 un rol vital \u00een ciclul de extragere. Prin men\u021binerea unei tensiuni constante a arcului, previne defec\u021biunile mecanice \u0219i asigur\u0103 o func\u021bionare lin\u0103 \u0219i fiabil\u0103 la fiecare tragere. Fie c\u0103 e\u0219ti un pasionat de tragere de precizie sau un entuziast al autoap\u0103r\u0103rii, Pin extractor este o \u00eembun\u0103t\u0103\u021bire esen\u021bial\u0103 pentru pistolul t\u0103u KMR, oferind performan\u021ba \u0219i lini\u0219tea de care ai nevoie.<\/p>\n","protected":false},"excerpt":{"rendered":"<p>Pivot pin cu rezisten\u021b\u0103 ridicat\u0103 la tensiune pentru pistoale KMR; potrivire precis\u0103 \u0219i finisaj durabil.<\/p>\n","protected":false},"featured_media":23787,"template":"","meta":{"_acf_changed":false},"product_brand":[11498],"product_cat":[12745],"product_tag":[],"class_list":{"0":"post-689360","1":"product","2":"type-product","3":"status-publish","4":"has-post-thumbnail","6":"product_brand-kmr-precision","7":"product_cat-piese-kmr","9":"first","10":"instock","11":"taxable","12":"shipping-taxable","13":"product-type-simple"},"acf":[],"_links":{"self":[{"href":"https:\/\/nbg.eu\/ro\/wp-json\/wp\/v2\/product\/689360","targetHints":{"allow":["GET"]}}],"collection":[{"href":"https:\/\/nbg.eu\/ro\/wp-json\/wp\/v2\/product"}],"about":[{"href":"https:\/\/nbg.eu\/ro\/wp-json\/wp\/v2\/types\/product"}],"wp:featuredmedia":[{"embeddable":true,"href":"https:\/\/nbg.eu\/ro\/wp-json\/wp\/v2\/media\/23787"}],"wp:attachment":[{"href":"https:\/\/nbg.eu\/ro\/wp-json\/wp\/v2\/media?parent=689360"}],"wp:term":[{"taxonomy":"product_brand","embeddable":true,"href":"https:\/\/nbg.eu\/ro\/wp-json\/wp\/v2\/product_brand?post=689360"},{"taxonomy":"product_cat","embeddable":true,"href":"https:\/\/nbg.eu\/ro\/wp-json\/wp\/v2\/product_cat?post=689360"},{"taxonomy":"product_tag","embeddable":true,"href":"https:\/\/nbg.eu\/ro\/wp-json\/wp\/v2\/product_tag?post=689360"}],"curies":[{"name":"wp","href":"https:\/\/api.w.org\/{rel}","templated":true}]}}