{"id":689519,"date":"2024-09-18T14:15:05","date_gmt":"2024-09-18T11:15:05","guid":{"rendered":"https:\/\/nbg.eu\/product\/fiber-optic-front-sight-kmr-675xd1x3-red\/"},"modified":"2026-05-13T16:02:28","modified_gmt":"2026-05-13T13:02:28","slug":"fiber-optic-front-sight-kmr-675xd1x3-red","status":"publish","type":"product","link":"https:\/\/nbg.eu\/ro\/produs\/fiber-optic-front-sight-kmr-675xd1x3-red\/","title":{"rendered":"KMR Vizor Frontal Fibr\u0103 Optic\u0103 6.75xD1x3 Ro\u0219u"},"content":{"rendered":"<h2>\u00cembun\u0103t\u0103\u021bi\u021bi acurate\u021bea armei dvs. cu FIBER OPTIC FRONT SIGHT KMR 6,75xD1x3 RO\u0218U<\/h2>\n<p>Proiectat pentru performan\u021b\u0103 optim\u0103, FIBER OPTIC FRONT SIGHT KMR 6,75xD1x3 RO\u0218U este o ad\u0103ugire perfect\u0103 la armele dvs. KMR. Acest vizor de \u00eenalt\u0103 calitate are un design de fibr\u0103 optic\u0103 care ofer\u0103 o vizibilitate \u0219i o achizi\u021bie a \u021bintei \u00eembun\u0103t\u0103\u021bite, chiar \u0219i \u00een condi\u021bii de lumin\u0103 sc\u0103zut\u0103.<\/p>\n<p>FIBER OPTIC FRONT SIGHT KMR 6,75xD1x3 RO\u0218U se remarc\u0103 printr-un design compact \u0219i efilat, permi\u021b\u00e2nd o instalare u\u0219oar\u0103 \u0219i o integrare f\u0103r\u0103 probleme cu arma dvs. Inser\u021bia sa de fibr\u0103 optic\u0103 ro\u0219ie asigur\u0103 o imagine a vizorului cu o vizibilitate ridicat\u0103, ceea ce faciliteaz\u0103 achizi\u021bionarea precis\u0103 \u0219i rapid\u0103 a \u021bintei.<\/p>\n<p>\u00cembun\u0103t\u0103\u021bi\u021bi acurate\u021bea \u0219i performan\u021ba armei dvs. cu FIBER OPTIC FRONT SIGHT KMR 6,75xD1x3 RO\u0218U. Actualiza\u021bi-v\u0103 arma de foc KMR ast\u0103zi \u0219i experimenta\u021bi diferen\u021ba pe care acest vizor excep\u021bional o poate face.<\/p>\n","protected":false},"excerpt":{"rendered":"<p>Vizor frontal din fibr\u0103 optic\u0103 pentru modelele de arme KMR, 6.75x1x3 ro\u0219u.<\/p>\n","protected":false},"featured_media":24163,"template":"","meta":{"_acf_changed":false},"product_brand":[11498],"product_cat":[12745],"product_tag":[],"class_list":{"0":"post-689519","1":"product","2":"type-product","3":"status-publish","4":"has-post-thumbnail","6":"product_brand-kmr-precision","7":"product_cat-piese-kmr","9":"first","10":"instock","11":"taxable","12":"shipping-taxable","13":"product-type-simple"},"acf":[],"_links":{"self":[{"href":"https:\/\/nbg.eu\/ro\/wp-json\/wp\/v2\/product\/689519","targetHints":{"allow":["GET"]}}],"collection":[{"href":"https:\/\/nbg.eu\/ro\/wp-json\/wp\/v2\/product"}],"about":[{"href":"https:\/\/nbg.eu\/ro\/wp-json\/wp\/v2\/types\/product"}],"wp:featuredmedia":[{"embeddable":true,"href":"https:\/\/nbg.eu\/ro\/wp-json\/wp\/v2\/media\/24163"}],"wp:attachment":[{"href":"https:\/\/nbg.eu\/ro\/wp-json\/wp\/v2\/media?parent=689519"}],"wp:term":[{"taxonomy":"product_brand","embeddable":true,"href":"https:\/\/nbg.eu\/ro\/wp-json\/wp\/v2\/product_brand?post=689519"},{"taxonomy":"product_cat","embeddable":true,"href":"https:\/\/nbg.eu\/ro\/wp-json\/wp\/v2\/product_cat?post=689519"},{"taxonomy":"product_tag","embeddable":true,"href":"https:\/\/nbg.eu\/ro\/wp-json\/wp\/v2\/product_tag?post=689519"}],"curies":[{"name":"wp","href":"https:\/\/api.w.org\/{rel}","templated":true}]}}