{"id":689712,"date":"2024-08-16T23:19:33","date_gmt":"2024-08-16T20:19:33","guid":{"rendered":"https:\/\/nbg.eu\/product\/firing-pin-plate-kmr\/"},"modified":"2026-05-13T16:03:19","modified_gmt":"2026-05-13T13:03:19","slug":"firing-pin-plate-kmr","status":"publish","type":"product","link":"https:\/\/nbg.eu\/ro\/produs\/firing-pin-plate-kmr\/","title":{"rendered":"KMR Plac\u0103 Ac Percutor"},"content":{"rendered":"<h2>Plac\u0103 de re\u021binere a acului de percu\u021bie pentru pistolele KMR<\/h2>\n<p>Asigura\u021bi integritatea structural\u0103 \u0219i blocarea sigur\u0103 a sistemelor acului de percu\u021bie \u0219i al extractorului din pistolul dvs. KMR cu placa noastr\u0103 de re\u021binere a acului de percu\u021bie, prelucrat\u0103 cu precizie. Realizat\u0103 din o\u021bel de \u00eenalt\u0103 rezisten\u021b\u0103 \u0219i av\u00e2nd o geometrie perfect adaptat\u0103 pentru culisele KMR, aceast\u0103 component\u0103 este construit\u0103 pentru a rezista la solicit\u0103rile utiliz\u0103rii intensive \u0219i la condi\u021bii nefavorabile.<\/p>\n<p>Placa de re\u021binere a acului de percu\u021bie ancoreaz\u0103 \u00een siguran\u021b\u0103 acul de percu\u021bie \u0219i arcul, servind \u00een acela\u0219i timp ca opritor posterior pentru extractor. Acest design asigur\u0103 men\u021binerea corect\u0103 a pozi\u021biei acului de percu\u021bie pentru o aprindere constant\u0103 \u0219i previne deplasarea componentelor interne \u00een timpul recului. Finisajul rezistent la impact ofer\u0103 un strat suplimentar de protec\u021bie, d\u00e2ndu-v\u0103 \u00eencrederea de a v\u0103 utiliza pistolul KMR la limit\u0103.<\/p>\n<p>Fie c\u0103 sunte\u021bi un trag\u0103tor pasionat, un entuziast al competi\u021biilor sau pur \u0219i simplu solicita\u021bi cel mai \u00eenalt nivel de fiabilitate de la arma dvs. de foc, placa de re\u021binere a acului de percu\u021bie este o actualizare obligatorie pentru pistolul dvs. KMR. Experimenta\u021bi lini\u0219tea sufleteasc\u0103 care vine din a \u0219ti c\u0103 componentele interne sunt ferm \u00een locul lor, gata s\u0103 func\u021bioneze atunci c\u00e2nd ave\u021bi nevoie de ele cel mai mult.<\/p>\n","protected":false},"excerpt":{"rendered":"<p>Plac\u0103 de re\u021binere a acului percutor prelucrat\u0103 cu precizie pentru o func\u021bionare sigur\u0103 a pistolului KMR.<\/p>\n","protected":false},"featured_media":31946,"template":"","meta":{"_acf_changed":false},"product_brand":[11498],"product_cat":[14777,12745],"product_tag":[],"class_list":{"0":"post-689712","1":"product","2":"type-product","3":"status-publish","4":"has-post-thumbnail","6":"product_brand-kmr-precision","7":"product_cat-ace-de-percutie","8":"product_cat-piese-kmr","10":"first","11":"instock","12":"taxable","13":"shipping-taxable","14":"product-type-simple"},"acf":[],"_links":{"self":[{"href":"https:\/\/nbg.eu\/ro\/wp-json\/wp\/v2\/product\/689712","targetHints":{"allow":["GET"]}}],"collection":[{"href":"https:\/\/nbg.eu\/ro\/wp-json\/wp\/v2\/product"}],"about":[{"href":"https:\/\/nbg.eu\/ro\/wp-json\/wp\/v2\/types\/product"}],"wp:featuredmedia":[{"embeddable":true,"href":"https:\/\/nbg.eu\/ro\/wp-json\/wp\/v2\/media\/31946"}],"wp:attachment":[{"href":"https:\/\/nbg.eu\/ro\/wp-json\/wp\/v2\/media?parent=689712"}],"wp:term":[{"taxonomy":"product_brand","embeddable":true,"href":"https:\/\/nbg.eu\/ro\/wp-json\/wp\/v2\/product_brand?post=689712"},{"taxonomy":"product_cat","embeddable":true,"href":"https:\/\/nbg.eu\/ro\/wp-json\/wp\/v2\/product_cat?post=689712"},{"taxonomy":"product_tag","embeddable":true,"href":"https:\/\/nbg.eu\/ro\/wp-json\/wp\/v2\/product_tag?post=689712"}],"curies":[{"name":"wp","href":"https:\/\/api.w.org\/{rel}","templated":true}]}}