{"id":689741,"date":"2024-08-17T15:11:05","date_gmt":"2024-08-17T12:11:05","guid":{"rendered":"https:\/\/nbg.eu\/product\/firing-pin-3x16-kmr\/"},"modified":"2026-05-13T16:02:51","modified_gmt":"2026-05-13T13:02:51","slug":"firing-pin-3x16-kmr","status":"publish","type":"product","link":"https:\/\/nbg.eu\/ro\/produs\/firing-pin-3x16-kmr\/","title":{"rendered":"KMR Pin de Reten\u021bie Ac Percutor 3&#215;16 S-02"},"content":{"rendered":"<h2>Ac de percu\u021bie 3X16 KMR: Fiabilitatea de aprindere conceput\u0103 pentru tragere competitiv\u0103<\/h2>\n<p>Conceput pentru cerin\u021bele tragerii competitive, Acul de percu\u021bie 3X16 KMR ofer\u0103 fiabilitate necompromis\u0103 a aprinderii \u0219i rezisten\u021b\u0103 la impact. Prelucrat cu precizie la dimensiunile de 3&#215;16 mm din o\u021bel dur de \u00eenalt\u0103 calitate, acest ac de percu\u021bie este proiectat s\u0103 reziste la solicit\u0103rile mecanice repetate ale focului rapid f\u0103r\u0103 deformarea sau forfecare a v\u00e2rfului.<\/p>\n<p>Loviturile centrate \u0219i consecvente ale detonatorului previn loviturile u\u0219oare sau rat\u0103rile, asigur\u00e2nd o aprindere fiabil\u0103 la fiecare tragere. Construc\u021bia robust\u0103 \u0219i toleran\u021bele precise ale Acului de percu\u021bie 3X16 KMR \u00eel fac o actualizare esen\u021bial\u0103 pentru tr\u0103g\u0103torii competitivi serio\u0219i care caut\u0103 s\u0103-\u0219i maximizeze performan\u021ba \u0219i s\u0103 elimine defec\u021biunile.<\/p>\n<p>Fie c\u0103 v\u0103 confrunta\u021bi cu provoc\u0103rile unui meci de 3 arme sau dep\u0103\u0219i\u021bi limitele capabilit\u0103\u021bilor pistolului dvs. KMR, Acul de percu\u021bie 3X16 KMR ofer\u0103 aprinderea fiabil\u0103 \u0219i durabilitatea pe termen lung de care ave\u021bi nevoie pentru a avea succes. Actualiza\u021bi-v\u0103 KMR-ul ast\u0103zi \u0219i experimenta\u021bi diferen\u021ba pe care o poate face ingineria de precizie.<\/p>\n","protected":false},"excerpt":{"rendered":"<p>\u0218tift de tragere din o\u021bel de precizie de 3&#215;16 mm, proiectat pentru fiabilitate de aprindere \u0219i rezisten\u021b\u0103 la impact \u00een pistoalele KMR.<\/p>\n","protected":false},"featured_media":24002,"template":"","meta":{"_acf_changed":false},"product_brand":[11498],"product_cat":[14777,12745],"product_tag":[],"class_list":{"0":"post-689741","1":"product","2":"type-product","3":"status-publish","4":"has-post-thumbnail","6":"product_brand-kmr-precision","7":"product_cat-ace-de-percutie","8":"product_cat-piese-kmr","10":"first","11":"instock","12":"taxable","13":"shipping-taxable","14":"product-type-simple"},"acf":[],"_links":{"self":[{"href":"https:\/\/nbg.eu\/ro\/wp-json\/wp\/v2\/product\/689741","targetHints":{"allow":["GET"]}}],"collection":[{"href":"https:\/\/nbg.eu\/ro\/wp-json\/wp\/v2\/product"}],"about":[{"href":"https:\/\/nbg.eu\/ro\/wp-json\/wp\/v2\/types\/product"}],"wp:featuredmedia":[{"embeddable":true,"href":"https:\/\/nbg.eu\/ro\/wp-json\/wp\/v2\/media\/24002"}],"wp:attachment":[{"href":"https:\/\/nbg.eu\/ro\/wp-json\/wp\/v2\/media?parent=689741"}],"wp:term":[{"taxonomy":"product_brand","embeddable":true,"href":"https:\/\/nbg.eu\/ro\/wp-json\/wp\/v2\/product_brand?post=689741"},{"taxonomy":"product_cat","embeddable":true,"href":"https:\/\/nbg.eu\/ro\/wp-json\/wp\/v2\/product_cat?post=689741"},{"taxonomy":"product_tag","embeddable":true,"href":"https:\/\/nbg.eu\/ro\/wp-json\/wp\/v2\/product_tag?post=689741"}],"curies":[{"name":"wp","href":"https:\/\/api.w.org\/{rel}","templated":true}]}}