{"id":689782,"date":"2024-08-18T11:10:20","date_gmt":"2024-08-18T08:10:20","guid":{"rendered":"https:\/\/nbg.eu\/product\/firing-pin-screw-m4x5-din-913-kmr\/"},"modified":"2026-02-27T11:54:57","modified_gmt":"2026-02-27T08:54:57","slug":"firing-pin-screw-m4x5-din-913-kmr","status":"publish","type":"product","link":"https:\/\/nbg.eu\/ro\/produs\/firing-pin-screw-m4x5-din-913-kmr\/","title":{"rendered":"\u015eurub de percutor M4X5 Din 913 KMR"},"content":{"rendered":"<h2>\u0218urub pentru percutor M4X5 Din 913 KMR<\/h2>\n<p>Proiectat cu precizie \u0219i conform specifica\u021biilor stricte, \u0218urubul pentru percutor M4X5 Din 913 KMR este fabricat din materiale de \u00eenalt\u0103 calitate, pentru a rezista la solicit\u0103ri intense. Dimensiunile sale de M4 x 5 mm \u0219i configura\u021bia DIN 913 \u00eel fac potrivit pentru modelele de arme KMR, oferind un punct de conexiune sigur \u0219i fiabil pentru mecanismul de percu\u021bie.<\/p>\n<p>Fie c\u0103 efectua\u021bi \u00eentre\u021binerea, repara\u021bia sau modernizarea sistemului de arm\u0103 KMR, \u0218urubul pentru percutor M4X5 Din 913 KMR este o component\u0103 esen\u021bial\u0103 de avut la \u00eendem\u00e2n\u0103. Durabilitatea \u0219i design-ul s\u0103u proiectat cu precizie asigur\u0103 o performan\u021b\u0103 constant\u0103 \u0219i fiabil\u0103, contribuind la fiabilitatea \u0219i eficacitatea general\u0103 a armei.<\/p>\n<p>Pentru Arme KMR:<\/p>\n<p>KMR S-01 LANCE (OR)<\/p>\n<p>KMR S-02 10 (OR) SR ADA<\/p>\n<p>KMR S-02 75 (OR) SR ADA<\/p>\n<p>KMR S-02 DIN 2024<\/p>\n<p>KMR S-02 SH1 (OR) SR ADA<\/p>\n<p>KMR S-02 SH2 (OR) SR ADA<\/p>\n<p>KMR S-02 TS (OR) SR ADA<\/p>\n<p>KMR S-02 P\u00c2N\u0102 \u00ceN 2023<\/p>\n","protected":false},"excerpt":{"rendered":"<p>\u0218urub de \u0219tift de tragere M4X5 DIN 913 pentru modelele KMR.<\/p>\n","protected":false},"featured_media":25345,"template":"","meta":{"_acf_changed":false},"product_brand":[11498],"product_cat":[14777,12745],"product_tag":[],"class_list":{"0":"post-689782","1":"product","2":"type-product","3":"status-publish","4":"has-post-thumbnail","6":"product_brand-kmr-precision","7":"product_cat-ace-de-percutie","8":"product_cat-piese-kmr","10":"first","11":"instock","12":"taxable","13":"shipping-taxable","14":"product-type-simple"},"acf":[],"_links":{"self":[{"href":"https:\/\/nbg.eu\/ro\/wp-json\/wp\/v2\/product\/689782","targetHints":{"allow":["GET"]}}],"collection":[{"href":"https:\/\/nbg.eu\/ro\/wp-json\/wp\/v2\/product"}],"about":[{"href":"https:\/\/nbg.eu\/ro\/wp-json\/wp\/v2\/types\/product"}],"wp:featuredmedia":[{"embeddable":true,"href":"https:\/\/nbg.eu\/ro\/wp-json\/wp\/v2\/media\/25345"}],"wp:attachment":[{"href":"https:\/\/nbg.eu\/ro\/wp-json\/wp\/v2\/media?parent=689782"}],"wp:term":[{"taxonomy":"product_brand","embeddable":true,"href":"https:\/\/nbg.eu\/ro\/wp-json\/wp\/v2\/product_brand?post=689782"},{"taxonomy":"product_cat","embeddable":true,"href":"https:\/\/nbg.eu\/ro\/wp-json\/wp\/v2\/product_cat?post=689782"},{"taxonomy":"product_tag","embeddable":true,"href":"https:\/\/nbg.eu\/ro\/wp-json\/wp\/v2\/product_tag?post=689782"}],"curies":[{"name":"wp","href":"https:\/\/api.w.org\/{rel}","templated":true}]}}