{"id":689827,"date":"2025-03-02T20:05:35","date_gmt":"2025-03-02T17:05:35","guid":{"rendered":"https:\/\/nbg.eu\/product\/fox-classic-hunter\/"},"modified":"2026-05-13T15:11:57","modified_gmt":"2026-05-13T12:11:57","slug":"fox-classic-hunter","status":"publish","type":"product","link":"https:\/\/nbg.eu\/ro\/produs\/fox-classic-hunter\/","title":{"rendered":"Fox Classic hunter"},"content":{"rendered":"<h2>Gloan\u021be clasice Fox Hunter: Precizie devastatoare \u0219i performan\u021b\u0103 f\u0103r\u0103 plumb<\/h2>\n<p>Proiectate pentru a satisface cerin\u021bele riguroase ale v\u00e2n\u0103torii europene, Gloan\u021bele clasice Fox Hunter ofer\u0103 o performan\u021b\u0103 f\u0103r\u0103 compromisuri \u0219i o v\u00e2n\u0103toare f\u0103r\u0103 plumb \u0219i etic\u0103. Realizate dintr-un aliaj solid de cupru-zinc, aceste gloan\u021be premium prezint\u0103 un design cu expansiune la diametrul dublu \u0219i un coeficient balistic (BC) ridicat pentru traiectorii plate \u0219i balistic\u0103 terminal\u0103 devastatoare.<\/p>\n<p>V\u00e2n\u0103torii care caut\u0103 o op\u021biune de muni\u021bie f\u0103r\u0103 plumb fiabil\u0103 pot avea \u00eencredere c\u0103 Gloan\u021bele clasice Fox Hunter vor oferi penetrarea \u00een profunzime \u0219i reten\u021bia maxim\u0103 a greut\u0103\u021bii necesare pentru o ucidere curat\u0103 \u0219i etic\u0103. Elimin\u00e2nd contaminarea cu plumb, aceste gloan\u021be asigur\u0103 c\u0103 carnea r\u0103m\u00e2ne impecabil\u0103 \u0219i sigur\u0103 pentru consum, permi\u021b\u00e2ndu-v\u0103 s\u0103 v\u0103 bucura\u021bi pe deplin de roadele v\u00e2n\u0103torii.<\/p>\n<p>Prin designul s\u0103u avansat \u0219i compozi\u021bia materialului, Gloan\u021bele clasice Fox Hunter ofer\u0103 performan\u021ba pe care o solicita\u021bi, f\u0103r\u0103 a v\u0103 compromite valorile. Experimenta\u021bi echilibrul perfect \u00eentre acurate\u021be, putere \u0219i responsabilitate fa\u021b\u0103 de mediu la fiecare tragere.<\/p>\n","protected":false},"excerpt":{"rendered":"<p>Gloan\u021be pentru v\u00e2n\u0103toare clasice Fox: gloan\u021be pentru v\u00e2n\u0103toare f\u0103r\u0103 plumb care ofer\u0103 o balistic\u0103 terminal\u0103 devastatoare.<\/p>\n","protected":false},"featured_media":0,"template":"","meta":{"_acf_changed":false},"product_brand":[],"product_cat":[12811],"product_tag":[],"class_list":{"0":"post-689827","1":"product","2":"type-product","3":"status-publish","5":"product_cat-necategorizat","7":"first","8":"instock","9":"taxable","10":"shipping-taxable","11":"purchasable","12":"product-type-variable","13":"wvs-archive-product-wrapper"},"acf":[],"_links":{"self":[{"href":"https:\/\/nbg.eu\/ro\/wp-json\/wp\/v2\/product\/689827","targetHints":{"allow":["GET"]}}],"collection":[{"href":"https:\/\/nbg.eu\/ro\/wp-json\/wp\/v2\/product"}],"about":[{"href":"https:\/\/nbg.eu\/ro\/wp-json\/wp\/v2\/types\/product"}],"wp:attachment":[{"href":"https:\/\/nbg.eu\/ro\/wp-json\/wp\/v2\/media?parent=689827"}],"wp:term":[{"taxonomy":"product_brand","embeddable":true,"href":"https:\/\/nbg.eu\/ro\/wp-json\/wp\/v2\/product_brand?post=689827"},{"taxonomy":"product_cat","embeddable":true,"href":"https:\/\/nbg.eu\/ro\/wp-json\/wp\/v2\/product_cat?post=689827"},{"taxonomy":"product_tag","embeddable":true,"href":"https:\/\/nbg.eu\/ro\/wp-json\/wp\/v2\/product_tag?post=689827"}],"curies":[{"name":"wp","href":"https:\/\/api.w.org\/{rel}","templated":true}]}}