{"id":690536,"date":"2024-08-18T11:12:46","date_gmt":"2024-08-18T08:12:46","guid":{"rendered":"https:\/\/nbg.eu\/product\/front-sight-screw-m3x3-din-914-kmr\/"},"modified":"2026-02-27T11:40:58","modified_gmt":"2026-02-27T08:40:58","slug":"front-sight-screw-m3x3-din-914-kmr","status":"publish","type":"product","link":"https:\/\/nbg.eu\/ro\/produs\/front-sight-screw-m3x3-din-914-kmr\/","title":{"rendered":"\u0218urub Fat\u0103 Vedere M3X3 Din 914 KMR"},"content":{"rendered":"<h2>\u0218urub pentru vizor frontal M3X3 Din 914 KMR<\/h2>\n<p>\u00cembun\u0103t\u0103\u021bi\u021bi performan\u021ba armei dvs. cu \u0218urubul pentru vizor frontal M3X3 Din 914 KMR. Proiectat pentru compatibilitate cu o gam\u0103 larg\u0103 de modele KMR, acest \u0219urub asigur\u0103 o potrivire sigur\u0103 \u0219i precis\u0103, \u00eembun\u0103t\u0103\u021bind stabilitatea \u0219i acurate\u021bea armei dvs. Realizat din materiale de \u00eenalt\u0103 calitate, \u0218urubul pentru vizor frontal M3X3 Din 914 KMR este construit s\u0103 reziste cerin\u021belor mediilor de tragere tactice \u0219i competitive.<\/p>\n<p>Pentru arme KMR:<\/p>\n<p>KMR L-02 EMIQ (OR)<\/p>\n<p>KMR L-02 ORCA din 2024<\/p>\n<p>KMR L-02 ORCA p\u00e2n\u0103 \u00een 2023<\/p>\n<p>KMR L-02 SPECTRA din 2024<\/p>\n<p>KMR L-02 SPECTRA p\u00e2n\u0103 \u00een 2023<\/p>\n<p>KMR L-02 UMBRA (OR) SR<\/p>\n<p>KMR S-01 LANCE (OR)<\/p>\n<p>KMR S-02 10 (OR) SR ADA<\/p>\n<p>KMR S-02 75 (OR) SR ADA<\/p>\n<p>KMR S-02 din 2024<\/p>\n<p>KMR S-02 SH1 (OR) SR ADA<\/p>\n<p>KMR S-02 SH2 (OR) SR ADA<\/p>\n<p>KMR S-02 TS (OR) SR ADA<\/p>\n<p>KMR S-02 p\u00e2n\u0103 \u00een 2023<\/p>\n<p>KMR W-02 CUDA (OR)<\/p>\n<p>KMR W-02 UMBRA<\/p>\n<p>KMR W-02 UMBRA (OR)<\/p>\n","protected":false},"excerpt":{"rendered":"<p>\u0218urub pentru vizor frontal M3X3 Din 914 pentru modele de arm\u0103 KMR.<\/p>\n","protected":false},"featured_media":25414,"template":"","meta":{"_acf_changed":false},"product_brand":[11498],"product_cat":[12745],"product_tag":[],"class_list":{"0":"post-690536","1":"product","2":"type-product","3":"status-publish","4":"has-post-thumbnail","6":"product_brand-kmr-precision","7":"product_cat-piese-kmr","9":"first","10":"instock","11":"taxable","12":"shipping-taxable","13":"product-type-simple"},"acf":[],"_links":{"self":[{"href":"https:\/\/nbg.eu\/ro\/wp-json\/wp\/v2\/product\/690536","targetHints":{"allow":["GET"]}}],"collection":[{"href":"https:\/\/nbg.eu\/ro\/wp-json\/wp\/v2\/product"}],"about":[{"href":"https:\/\/nbg.eu\/ro\/wp-json\/wp\/v2\/types\/product"}],"wp:featuredmedia":[{"embeddable":true,"href":"https:\/\/nbg.eu\/ro\/wp-json\/wp\/v2\/media\/25414"}],"wp:attachment":[{"href":"https:\/\/nbg.eu\/ro\/wp-json\/wp\/v2\/media?parent=690536"}],"wp:term":[{"taxonomy":"product_brand","embeddable":true,"href":"https:\/\/nbg.eu\/ro\/wp-json\/wp\/v2\/product_brand?post=690536"},{"taxonomy":"product_cat","embeddable":true,"href":"https:\/\/nbg.eu\/ro\/wp-json\/wp\/v2\/product_cat?post=690536"},{"taxonomy":"product_tag","embeddable":true,"href":"https:\/\/nbg.eu\/ro\/wp-json\/wp\/v2\/product_tag?post=690536"}],"curies":[{"name":"wp","href":"https:\/\/api.w.org\/{rel}","templated":true}]}}