{"id":690558,"date":"2024-11-27T10:37:53","date_gmt":"2024-11-27T07:37:53","guid":{"rendered":"https:\/\/nbg.eu\/product\/geissele-20-round-6mm-arc-magazine-black\/"},"modified":"2026-05-13T16:02:29","modified_gmt":"2026-05-13T13:02:29","slug":"geissele-20-round-6mm-arc-magazine-black","status":"publish","type":"product","link":"https:\/\/nbg.eu\/ro\/produs\/geissele-20-round-6mm-arc-magazine-black\/","title":{"rendered":"Geissele \u00cenc\u0103rc\u0103tor 6mm ARC 20 Cartu\u015fe &#8211; Black"},"content":{"rendered":"<div class=\"product-description\">\n<h2>Geissele 20 round 6mm ARC Magazine \u2013 Black<\/h2>\n<p>Experimenta\u021bi durabilitate \u0219i fiabilitate f\u0103r\u0103 egal cu magazinul Geissele 6mm ARC. Proiectat cu precizie pentru cartu\u0219ul 6mm ARC, acest magazin de 20 de cartu\u0219e se m\u00e2ndre\u0219te cu o construc\u021bie robust\u0103 dintr-o singur\u0103 bucat\u0103 \u0219i sudur\u0103 laser pentru o rezisten\u021b\u0103 superioar\u0103.<\/p>\n<ul>\n<li>Corp din o\u021bel inoxidabil 410 ultra-durabil cu acoperire din nitrur\u0103 neagr\u0103<\/li>\n<li>Glisorul anti-\u00eenclinare asigur\u0103 o alimentare lin\u0103<\/li>\n<li>Design rezistent la coroziune pentru durabilitate<\/li>\n<li>Resort din o\u021bel inoxidabil pentru performan\u021b\u0103 consecvent\u0103<\/li>\n<li>Lungime total\u0103: 6,1 inchi<\/li>\n<li>Fabricat cu m\u00e2ndrie \u00een SUA<\/li>\n<\/ul>\n<p>Ridica\u021bi-v\u0103 experien\u021ba de tragere cu angajamentul Geissele pentru calitate \u0219i precizie. Acest \u00eenc\u0103rc\u0103tor este construit s\u0103 reziste la solicit\u0103rile utiliz\u0103rii intense, p\u0103str\u00e2nd \u00een acela\u0219i timp o func\u021bionalitate impecabil\u0103. Alege\u021bi Geissele pentru o performan\u021b\u0103 de necompromis \u00een fiecare cartu\u0219.<\/p>\n<\/div>\n","protected":false},"excerpt":{"rendered":"<p>Magazin durabil de 20 de focuri 6mm ARC. Anti-\u00eenclinare, rezistent la coroziune. Fabricat \u00een SUA.<\/p>\n","protected":false},"featured_media":81852,"template":"","meta":{"_acf_changed":false},"product_brand":[11395],"product_cat":[12795,12802],"product_tag":[],"class_list":{"0":"post-690558","1":"product","2":"type-product","3":"status-publish","4":"has-post-thumbnail","6":"product_brand-geissele","7":"product_cat-arma-lunga","8":"product_cat-incarcatoare-arma-lunga","10":"first","11":"instock","12":"taxable","13":"shipping-taxable","14":"product-type-simple"},"acf":[],"_links":{"self":[{"href":"https:\/\/nbg.eu\/ro\/wp-json\/wp\/v2\/product\/690558","targetHints":{"allow":["GET"]}}],"collection":[{"href":"https:\/\/nbg.eu\/ro\/wp-json\/wp\/v2\/product"}],"about":[{"href":"https:\/\/nbg.eu\/ro\/wp-json\/wp\/v2\/types\/product"}],"wp:featuredmedia":[{"embeddable":true,"href":"https:\/\/nbg.eu\/ro\/wp-json\/wp\/v2\/media\/81852"}],"wp:attachment":[{"href":"https:\/\/nbg.eu\/ro\/wp-json\/wp\/v2\/media?parent=690558"}],"wp:term":[{"taxonomy":"product_brand","embeddable":true,"href":"https:\/\/nbg.eu\/ro\/wp-json\/wp\/v2\/product_brand?post=690558"},{"taxonomy":"product_cat","embeddable":true,"href":"https:\/\/nbg.eu\/ro\/wp-json\/wp\/v2\/product_cat?post=690558"},{"taxonomy":"product_tag","embeddable":true,"href":"https:\/\/nbg.eu\/ro\/wp-json\/wp\/v2\/product_tag?post=690558"}],"curies":[{"name":"wp","href":"https:\/\/api.w.org\/{rel}","templated":true}]}}