{"id":690817,"date":"2024-09-18T14:24:07","date_gmt":"2024-09-18T11:24:07","guid":{"rendered":"https:\/\/nbg.eu\/product\/hammer-sa-da-wide-kmr\/"},"modified":"2026-05-13T15:09:49","modified_gmt":"2026-05-13T12:09:49","slug":"hammer-sa-da-wide-kmr","status":"publish","type":"product","link":"https:\/\/nbg.eu\/ro\/produs\/hammer-sa-da-wide-kmr\/","title":{"rendered":"KMR Coco\u0219 SA\/DA Lat"},"content":{"rendered":"<h2>Pentru arme KMR<\/h2>\n<p>KMR L-02 SPECTRA P\u00c2N\u0102 \u00ceN 2023<br \/>\nKMR L-02 UMBRA (OR) SR<br \/>\nKMR W-02 UMBRA<br \/>\nKMR W-02 UMBRA (OR)<\/p>\n<h2>Selec\u021bie de arme CZ<\/h2>\n<p>CZ SHADOW 1<br \/>\nCZ SHADOW 2<br \/>\nCZ SHADOW 2 (OR)<\/p>\n","protected":false},"excerpt":{"rendered":"<p>0280-02001-0401<\/p>\n","protected":false},"featured_media":23949,"template":"","meta":{"_acf_changed":false},"product_brand":[11498],"product_cat":[12745],"product_tag":[],"class_list":{"0":"post-690817","1":"product","2":"type-product","3":"status-publish","4":"has-post-thumbnail","6":"product_brand-kmr-precision","7":"product_cat-piese-kmr","9":"first","10":"instock","11":"taxable","12":"shipping-taxable","13":"product-type-simple"},"acf":[],"_links":{"self":[{"href":"https:\/\/nbg.eu\/ro\/wp-json\/wp\/v2\/product\/690817","targetHints":{"allow":["GET"]}}],"collection":[{"href":"https:\/\/nbg.eu\/ro\/wp-json\/wp\/v2\/product"}],"about":[{"href":"https:\/\/nbg.eu\/ro\/wp-json\/wp\/v2\/types\/product"}],"wp:featuredmedia":[{"embeddable":true,"href":"https:\/\/nbg.eu\/ro\/wp-json\/wp\/v2\/media\/23949"}],"wp:attachment":[{"href":"https:\/\/nbg.eu\/ro\/wp-json\/wp\/v2\/media?parent=690817"}],"wp:term":[{"taxonomy":"product_brand","embeddable":true,"href":"https:\/\/nbg.eu\/ro\/wp-json\/wp\/v2\/product_brand?post=690817"},{"taxonomy":"product_cat","embeddable":true,"href":"https:\/\/nbg.eu\/ro\/wp-json\/wp\/v2\/product_cat?post=690817"},{"taxonomy":"product_tag","embeddable":true,"href":"https:\/\/nbg.eu\/ro\/wp-json\/wp\/v2\/product_tag?post=690817"}],"curies":[{"name":"wp","href":"https:\/\/api.w.org\/{rel}","templated":true}]}}