{"id":690876,"date":"2024-09-18T20:49:20","date_gmt":"2024-09-18T17:49:20","guid":{"rendered":"https:\/\/nbg.eu\/product\/holosun-1-63-riser-for-hs510c-red-dot-sight-hs-riser-510c\/"},"modified":"2026-05-13T16:02:31","modified_gmt":"2026-05-13T13:02:31","slug":"holosun-1-63-riser-for-hs510c-red-dot-sight-hs-riser-510c","status":"publish","type":"product","link":"https:\/\/nbg.eu\/ro\/produs\/holosun-1-63-riser-for-hs510c-red-dot-sight-hs-riser-510c\/","title":{"rendered":"Holosun 1.63&#8243; Riser for HS510C Red Dot Sight | HS-RISER-510C"},"content":{"rendered":"<h2><strong><span style=\"font-size: 170%\">Suportul Holosun 1.63&#8221; HS-RISER-510C pentru HS510C<\/span><\/strong><\/h2>\n<p>\u00cembun\u0103t\u0103\u021be\u0219te-\u021bi experien\u021ba de tragere cu suportul Holosun de \u00een\u0103l\u021bare, special conceput pentru HS510C. Acest suport ofer\u0103 o linie de vizare perfect\u0103 de 1,63 inchi, ideal pentru arme de foc cu culise drepte, unde locul de sprijin al um\u0103rului se aliniaz\u0103 cu caseta de ac\u021biune a armei.<\/p>\n<h2>Caracteristici cheie:<\/h2>\n<ul>\n<li>Utilizare \u0219i instalare u\u0219oar\u0103<\/li>\n<li>Design compact pentru performan\u021b\u0103 optim\u0103<\/li>\n<li>Durabilitate extrem\u0103 datorit\u0103 construc\u021biei robuste din duraliminiu<\/li>\n<li>Precizie repetabil\u0103 pentru tragere consecvent\u0103<\/li>\n<li>Construc\u021bie u\u0219oar\u0103, dar solid\u0103<\/li>\n<\/ul>\n<h2>Specifica\u021bii tehnice:<\/h2>\n<ul>\n<li>Temperatur\u0103 de func\u021bionare: -30\u00b0C la 60\u00b0C<\/li>\n<li>Temperatur\u0103 de depozitare: -40\u00b0C la 70\u00b0C<\/li>\n<li>Dimensiuni: 80,5 x 40 x 5,5 mm<\/li>\n<li>Material: Aluminiu<\/li>\n<li>Culoare: Negru<\/li>\n<li>Greutate: 44 g<\/li>\n<\/ul>\n<p>\u00cembun\u0103t\u0103\u021be\u0219te-\u021bi Holosun HS510C cu acest suport de \u00een\u0103l\u021bare de \u00eenalt\u0103 calitate, conceput pentru precizie \u0219i fiabilitate \u00een diverse condi\u021bii de tragere. Fie c\u0103 e\u0219ti un profesionist sau un entuziast, HS-RISER-510C este ad\u0103ugarea perfect\u0103 pentru a \u00eembun\u0103t\u0103\u021bi performan\u021ba armei tale.<\/p>\n","protected":false},"excerpt":{"rendered":"<p>Ridica\u021bi-v\u0103 HS510C cu acest suport de ridicare durabil de 1,63 inci.<\/p>\n","protected":false},"featured_media":64739,"template":"","meta":{"_acf_changed":false},"product_brand":[11435],"product_cat":[14895],"product_tag":[],"class_list":{"0":"post-690876","1":"product","2":"type-product","3":"status-publish","4":"has-post-thumbnail","6":"product_brand-holosun","7":"product_cat-red-dot-sights-mounts-ro","9":"first","10":"instock","11":"taxable","12":"shipping-taxable","13":"purchasable","14":"product-type-simple"},"acf":[],"_links":{"self":[{"href":"https:\/\/nbg.eu\/ro\/wp-json\/wp\/v2\/product\/690876","targetHints":{"allow":["GET"]}}],"collection":[{"href":"https:\/\/nbg.eu\/ro\/wp-json\/wp\/v2\/product"}],"about":[{"href":"https:\/\/nbg.eu\/ro\/wp-json\/wp\/v2\/types\/product"}],"wp:featuredmedia":[{"embeddable":true,"href":"https:\/\/nbg.eu\/ro\/wp-json\/wp\/v2\/media\/64739"}],"wp:attachment":[{"href":"https:\/\/nbg.eu\/ro\/wp-json\/wp\/v2\/media?parent=690876"}],"wp:term":[{"taxonomy":"product_brand","embeddable":true,"href":"https:\/\/nbg.eu\/ro\/wp-json\/wp\/v2\/product_brand?post=690876"},{"taxonomy":"product_cat","embeddable":true,"href":"https:\/\/nbg.eu\/ro\/wp-json\/wp\/v2\/product_cat?post=690876"},{"taxonomy":"product_tag","embeddable":true,"href":"https:\/\/nbg.eu\/ro\/wp-json\/wp\/v2\/product_tag?post=690876"}],"curies":[{"name":"wp","href":"https:\/\/api.w.org\/{rel}","templated":true}]}}