{"id":690942,"date":"2024-07-25T21:45:22","date_gmt":"2024-07-25T18:45:22","guid":{"rendered":"https:\/\/nbg.eu\/product\/hornady-6mm-arc-108gr-eld-match-ammunition\/"},"modified":"2026-05-13T15:11:57","modified_gmt":"2026-05-13T12:11:57","slug":"hornady-6mm-arc-108gr-eld-match-ammunition","status":"publish","type":"product","link":"https:\/\/nbg.eu\/ro\/produs\/hornady-6mm-arc-108gr-eld-match-ammunition\/","title":{"rendered":"Hornady 6mm ARC 108gr. ELD MATCH Ammunition"},"content":{"rendered":"<div class=\"product-description\">\n<h2>Muni\u021bie Hornady 6mm ARC 108gr. ELD MATCH<\/h2>\n<p>Experienta\u021bi o performan\u021b\u0103 f\u0103r\u0103 egal cu Muni\u021bia Hornady 6mm ARC 108gr. ELD MATCH. Aceast\u0103 cartu\u0219\u0103 versatil\u0103 ofer\u0103:<\/p>\n<ul>\n<li>Eficien\u021b\u0103 excep\u021bional\u0103 cu gloan\u021be de \u00eenalt\u0103 vitez\u0103<\/li>\n<li>Performan\u021b\u0103 f\u0103r\u0103 precedent de pe platformele AR-15<\/li>\n<li>Rezultate optime \u00een armele de v\u00e2n\u0103toare cu ac\u021biune scurt\u0103 sau micro<\/li>\n<li>Ideal\u0103 pentru tragerea de concurs, v\u00e2n\u0103toare \u0219i autoap\u0103rare<\/li>\n<li>Performan\u021b\u0103 terminal\u0103 superioar\u0103 \u00een diverse aplica\u021bii<\/li>\n<\/ul>\n<p>6mm ARC combin\u0103 proiectarea avansat\u0103 a cartu\u0219ului cu gloan\u021be selectate cu grij\u0103, oferind un echilibru perfect \u00eentre greutatea sistemului, performan\u021b\u0103 \u0219i manipulare. Fie c\u0103 sunte\u021bi un tr\u0103g\u0103tor de concurs, v\u00e2n\u0103tor sau agent de poli\u021bie, aceast\u0103 muni\u021bie v\u0103 ofer\u0103 acurate\u021bea \u0219i puterea de care ave\u021bi nevoie.<\/p>\n<\/div>\n","protected":false},"excerpt":{"rendered":"<p>Versatil 6mm ARC: Munitie de precizie pentru AR-15 \u0219i arme cu \u0219enile.<\/p>\n","protected":false},"featured_media":690985,"template":"","meta":{"_acf_changed":false},"product_brand":[11465],"product_cat":[12798,12808],"product_tag":[],"class_list":{"0":"post-690942","1":"product","2":"type-product","3":"status-publish","4":"has-post-thumbnail","6":"product_brand-hornady","7":"product_cat-munitie","8":"product_cat-munitie-arma-lunga","10":"first","11":"instock","12":"taxable","13":"shipping-taxable","14":"purchasable","15":"product-type-simple"},"acf":[],"_links":{"self":[{"href":"https:\/\/nbg.eu\/ro\/wp-json\/wp\/v2\/product\/690942","targetHints":{"allow":["GET"]}}],"collection":[{"href":"https:\/\/nbg.eu\/ro\/wp-json\/wp\/v2\/product"}],"about":[{"href":"https:\/\/nbg.eu\/ro\/wp-json\/wp\/v2\/types\/product"}],"wp:featuredmedia":[{"embeddable":true,"href":"https:\/\/nbg.eu\/ro\/wp-json\/wp\/v2\/media\/690985"}],"wp:attachment":[{"href":"https:\/\/nbg.eu\/ro\/wp-json\/wp\/v2\/media?parent=690942"}],"wp:term":[{"taxonomy":"product_brand","embeddable":true,"href":"https:\/\/nbg.eu\/ro\/wp-json\/wp\/v2\/product_brand?post=690942"},{"taxonomy":"product_cat","embeddable":true,"href":"https:\/\/nbg.eu\/ro\/wp-json\/wp\/v2\/product_cat?post=690942"},{"taxonomy":"product_tag","embeddable":true,"href":"https:\/\/nbg.eu\/ro\/wp-json\/wp\/v2\/product_tag?post=690942"}],"curies":[{"name":"wp","href":"https:\/\/api.w.org\/{rel}","templated":true}]}}