{"id":691122,"date":"2025-03-04T21:24:07","date_gmt":"2025-03-04T18:24:07","guid":{"rendered":"https:\/\/nbg.eu\/product\/kmr-hand-stop-set-m-lok-alu-black\/"},"modified":"2026-05-13T15:56:48","modified_gmt":"2026-05-13T12:56:48","slug":"kmr-hand-stop-set-m-lok-alu-black","status":"publish","type":"product","link":"https:\/\/nbg.eu\/ro\/produs\/kmr-hand-stop-set-m-lok-alu-black\/","title":{"rendered":"KMR Set Hand Stop M-LOK ALU Negru"},"content":{"rendered":"<h2>Setul de oprire a m\u00e2inii KMR (M-LOK) &#8211; Aluminiu, Negru<\/h2>\n<p>Ridica\u021bi-v\u0103 experien\u021ba de tragere cu Setul de oprire a m\u00e2inii KMR, un accesoriu versatil conceput pentru a \u00eembun\u0103t\u0103\u021bi managementul recului, indexarea m\u00e2inii \u0219i controlul general al armei. Fabricat din aluminiu u\u0219or, prelucrat CNC \u0219i av\u00e2nd o finisare anodizat\u0103 neagr\u0103 mat\u0103, acest set de oprire a m\u00e2inii se integreaz\u0103 armonios cu arma dvs. compatibil\u0103 cu M-LOK.<\/p>\n<p>Designul modular \u00een dou\u0103 piese sau texturizat ofer\u0103 un punct de referin\u021b\u0103 fizic consecvent pentru m\u00e2na dvs. de sprijin, asigur\u00e2nd o prindere repetabil\u0103 \u0219i prevenind alunecarea m\u00e2inii dvs. spre \u021beav\u0103. Permi\u021b\u00e2ndu-v\u0103 s\u0103 &#8222;trage\u021bi&#8221; pu\u0219ca \u00een um\u0103rul dvs., Setul de oprire a m\u00e2inii KMR ofer\u0103 o \u00eempu\u0219care semnificativ mai plat\u0103 \u0219i lovituri de urm\u0103rire mai rapide, \u00eembun\u0103t\u0103\u021bind precizia general\u0103 \u0219i performan\u021ba de tragere.<\/p>\n<p>Fie c\u0103 sunte\u021bi un tr\u0103g\u0103tor experimentat sau un pasionat amator, Setul de oprire a m\u00e2inii KMR este o actualizare obligatorie pentru arma dvs. de foc. Ridica\u021bi-v\u0103 experien\u021ba de tragere \u0219i duce\u021bi-v\u0103 abilit\u0103\u021bile la noi culmi cu acest accesoriu inovator \u0219i fiabil.<\/p>\n","protected":false},"excerpt":{"rendered":"<p>KMR M\u00c2NA OPRIRE SET, M-LOK, ALU, NEGRU &#8211; \u00cembun\u0103t\u0103\u021birea gestion\u0103rii recului \u0219i a controlului armei.<\/p>\n","protected":false},"featured_media":236527,"template":"","meta":{"_acf_changed":false},"product_brand":[11498],"product_cat":[12795,12753,12745,12756],"product_tag":[],"class_list":{"0":"post-691122","1":"product","2":"type-product","3":"status-publish","4":"has-post-thumbnail","6":"product_brand-kmr-precision","7":"product_cat-arma-lunga","8":"product_cat-manere-pusca","9":"product_cat-piese-kmr","10":"product_cat-tuning-pusca","12":"first","13":"instock","14":"taxable","15":"shipping-taxable","16":"purchasable","17":"product-type-simple"},"acf":[],"_links":{"self":[{"href":"https:\/\/nbg.eu\/ro\/wp-json\/wp\/v2\/product\/691122","targetHints":{"allow":["GET"]}}],"collection":[{"href":"https:\/\/nbg.eu\/ro\/wp-json\/wp\/v2\/product"}],"about":[{"href":"https:\/\/nbg.eu\/ro\/wp-json\/wp\/v2\/types\/product"}],"wp:featuredmedia":[{"embeddable":true,"href":"https:\/\/nbg.eu\/ro\/wp-json\/wp\/v2\/media\/236527"}],"wp:attachment":[{"href":"https:\/\/nbg.eu\/ro\/wp-json\/wp\/v2\/media?parent=691122"}],"wp:term":[{"taxonomy":"product_brand","embeddable":true,"href":"https:\/\/nbg.eu\/ro\/wp-json\/wp\/v2\/product_brand?post=691122"},{"taxonomy":"product_cat","embeddable":true,"href":"https:\/\/nbg.eu\/ro\/wp-json\/wp\/v2\/product_cat?post=691122"},{"taxonomy":"product_tag","embeddable":true,"href":"https:\/\/nbg.eu\/ro\/wp-json\/wp\/v2\/product_tag?post=691122"}],"curies":[{"name":"wp","href":"https:\/\/api.w.org\/{rel}","templated":true}]}}