{"id":691175,"date":"2025-03-04T21:40:08","date_gmt":"2025-03-04T18:40:08","guid":{"rendered":"https:\/\/nbg.eu\/product\/kmr-qd-sling-swivel\/"},"modified":"2026-05-13T15:10:55","modified_gmt":"2026-05-13T12:10:55","slug":"kmr-qd-sling-swivel","status":"publish","type":"product","link":"https:\/\/nbg.eu\/ro\/produs\/kmr-qd-sling-swivel\/","title":{"rendered":"KMR QD Pivot Curea"},"content":{"rendered":"<h2>Prindere rapid\u0103, fiabilitate robust\u0103: Pivotul curelei KMR Quick Detach (QD)<\/h2>\n<p>Proiectat pentru prindere rapid\u0103 \u0219i fiabilitate robust\u0103, pivotul curelei KMR QD este partenerul perfect pentru arma dvs. de foc. Realizat din o\u021bel de \u00eenalt\u0103 rezisten\u021b\u0103, acest pivot are un mecanism de eliberare cu buton \u0219i o rota\u021bie de 360 de grade, permi\u021b\u00e2nd ata\u0219area sau \u00eendep\u0103rtarea rapid\u0103 a unei curele de orice priz\u0103 compatibil\u0103 cu QD, fie c\u0103 este un M-LOK, o arm\u0103tur\u0103 sau o m\u00e2ner.<\/p>\n<p>Conceput s\u0103 reziste la for\u021be de trac\u021biune ridicate \u0219i la condi\u021bii dure de teren, pivotul curelei KMR QD asigur\u0103 c\u0103 arma dvs. r\u0103m\u00e2ne ferm prins\u0103 \u00een timpul mi\u0219c\u0103rilor dinamice. Finisajul negru spore\u0219te \u0219i mai mult durabilitatea pivotului, f\u0103c\u00e2ndu-l o alegere fiabil\u0103 pentru toate nevoile dvs. de ata\u0219are a curelei.<\/p>\n","protected":false},"excerpt":{"rendered":"<p>KMR QD SLING SWIVEL, STANDART: Ata\u0219are\/deta\u0219are rapid\u0103.<\/p>\n","protected":false},"featured_media":236801,"template":"","meta":{"_acf_changed":false},"product_brand":[11498],"product_cat":[12731,14940,12756],"product_tag":[],"class_list":{"0":"post-691175","1":"product","2":"type-product","3":"status-publish","4":"has-post-thumbnail","6":"product_brand-kmr-precision","7":"product_cat-chingi-de-purtare","8":"product_cat-sling-swivels-ro","9":"product_cat-tuning-pusca","11":"first","12":"instock","13":"taxable","14":"shipping-taxable","15":"purchasable","16":"product-type-simple"},"acf":[],"_links":{"self":[{"href":"https:\/\/nbg.eu\/ro\/wp-json\/wp\/v2\/product\/691175","targetHints":{"allow":["GET"]}}],"collection":[{"href":"https:\/\/nbg.eu\/ro\/wp-json\/wp\/v2\/product"}],"about":[{"href":"https:\/\/nbg.eu\/ro\/wp-json\/wp\/v2\/types\/product"}],"wp:featuredmedia":[{"embeddable":true,"href":"https:\/\/nbg.eu\/ro\/wp-json\/wp\/v2\/media\/236801"}],"wp:attachment":[{"href":"https:\/\/nbg.eu\/ro\/wp-json\/wp\/v2\/media?parent=691175"}],"wp:term":[{"taxonomy":"product_brand","embeddable":true,"href":"https:\/\/nbg.eu\/ro\/wp-json\/wp\/v2\/product_brand?post=691175"},{"taxonomy":"product_cat","embeddable":true,"href":"https:\/\/nbg.eu\/ro\/wp-json\/wp\/v2\/product_cat?post=691175"},{"taxonomy":"product_tag","embeddable":true,"href":"https:\/\/nbg.eu\/ro\/wp-json\/wp\/v2\/product_tag?post=691175"}],"curies":[{"name":"wp","href":"https:\/\/api.w.org\/{rel}","templated":true}]}}