{"id":691197,"date":"2025-03-04T21:26:30","date_gmt":"2025-03-04T18:26:30","guid":{"rendered":"https:\/\/nbg.eu\/product\/kmr-rail-set-m-lok-alu\/"},"modified":"2026-05-13T16:01:27","modified_gmt":"2026-05-13T13:01:27","slug":"kmr-rail-set-m-lok-alu","status":"publish","type":"product","link":"https:\/\/nbg.eu\/ro\/produs\/kmr-rail-set-m-lok-alu\/","title":{"rendered":"KMR Set \u0218in\u0103 Picatinny M-LOK ALU"},"content":{"rendered":"<h2>KMR RAIL SET, M-LOK, ALU<\/h2>\n<p>\u00cembun\u0103t\u0103\u021be\u0219te versatilitatea m\u00e2nerului t\u0103u M-LOK cu SETUL DE \u0218INE KMR, o solu\u021bie de montare a accesoriilor robust\u0103 \u0219i u\u0219oar\u0103. Fabricat din aluminiu 6061-T6 de \u00eenalt\u0103 calitate folosind prelucrarea CNC de precizie, acest set de \u0219ine ofer\u0103 o interfa\u021b\u0103 standard Picatinny\/Mil-Std 1913, permi\u021b\u00e2ndu-\u021bi s\u0103 ata\u0219ezi \u00een siguran\u021b\u0103 o gam\u0103 larg\u0103 de accesorii tactice, cum ar fi lanterne, lasere, m\u00e2nere \u0219i bipozi.<\/p>\n<p>Finisajul negru anodizat de profil sc\u0103zut asigur\u0103 o durabilitate maxim\u0103 f\u0103r\u0103 a ad\u0103uga greutate sau volum inutil \u00een partea din fa\u021b\u0103 a armei de foc. Cu elementele de montare M-LOK incluse, po\u021bi integra u\u0219or acest set de \u0219ine \u00een m\u00e2nerul t\u0103u M-LOK existent, cre\u00e2nd o platform\u0103 modular\u0103 \u0219i personalizabil\u0103 pentru a se potrivi nevoilor tale specifice.<\/p>\n<p>Fie c\u0103 vrei s\u0103 \u00eembun\u0103t\u0103\u021be\u0219ti func\u021bionalitatea armei tale sau pur \u0219i simplu s\u0103 ai o modalitate fiabil\u0103 de a monta accesoriile tale preferate, SETUL DE \u0218INE KMR, M-LOK, ALU este solu\u021bia perfect\u0103. Proiectat pentru performan\u021b\u0103 \u0219i durabilitate, acest accesoriu te va ajuta s\u0103 ajungi la un nivel superior al experien\u021bei de tragere.<\/p>\n","protected":false},"excerpt":{"rendered":"<p>Set de \u0219in\u0103 modular\u0103 M-LOK din aluminiu u\u0219or \u0219i durabil, cu interfa\u021b\u0103 Picatinny.<\/p>\n","protected":false},"featured_media":236690,"template":"","meta":{"_acf_changed":false},"product_brand":[11498],"product_cat":[12795,12731,14957,12809,12756],"product_tag":[],"class_list":{"0":"post-691197","1":"product","2":"type-product","3":"status-publish","4":"has-post-thumbnail","6":"product_brand-kmr-precision","7":"product_cat-arma-lunga","8":"product_cat-chingi-de-purtare","9":"product_cat-m-lok-rail-systems-ro","10":"product_cat-sine","11":"product_cat-tuning-pusca","13":"first","14":"instock","15":"taxable","16":"shipping-taxable","17":"purchasable","18":"product-type-variable","19":"wvs-archive-product-wrapper"},"acf":[],"_links":{"self":[{"href":"https:\/\/nbg.eu\/ro\/wp-json\/wp\/v2\/product\/691197","targetHints":{"allow":["GET"]}}],"collection":[{"href":"https:\/\/nbg.eu\/ro\/wp-json\/wp\/v2\/product"}],"about":[{"href":"https:\/\/nbg.eu\/ro\/wp-json\/wp\/v2\/types\/product"}],"wp:featuredmedia":[{"embeddable":true,"href":"https:\/\/nbg.eu\/ro\/wp-json\/wp\/v2\/media\/236690"}],"wp:attachment":[{"href":"https:\/\/nbg.eu\/ro\/wp-json\/wp\/v2\/media?parent=691197"}],"wp:term":[{"taxonomy":"product_brand","embeddable":true,"href":"https:\/\/nbg.eu\/ro\/wp-json\/wp\/v2\/product_brand?post=691197"},{"taxonomy":"product_cat","embeddable":true,"href":"https:\/\/nbg.eu\/ro\/wp-json\/wp\/v2\/product_cat?post=691197"},{"taxonomy":"product_tag","embeddable":true,"href":"https:\/\/nbg.eu\/ro\/wp-json\/wp\/v2\/product_tag?post=691197"}],"curies":[{"name":"wp","href":"https:\/\/api.w.org\/{rel}","templated":true}]}}