{"id":692214,"date":"2024-08-17T18:04:12","date_gmt":"2024-08-17T15:04:12","guid":{"rendered":"https:\/\/nbg.eu\/product\/magazine-catch-spring-kmr\/"},"modified":"2026-05-13T16:04:49","modified_gmt":"2026-05-13T13:04:49","slug":"magazine-catch-spring-kmr","status":"publish","type":"product","link":"https:\/\/nbg.eu\/ro\/produs\/magazine-catch-spring-kmr\/","title":{"rendered":"KMR Arc Z\u0103vor \u00cenc\u0103rc\u0103tor"},"content":{"rendered":"<h2>Dispozitiv de prindere a \u00eenc\u0103rc\u0103torului prim\u0103var\u0103 KMR<\/h2>\n<p>Fabricat cu precizie \u0219i durabilitate la minte, dispozitivul de prindere a \u00eenc\u0103rc\u0103torului prim\u0103var\u0103 asigur\u0103 o eliberare a \u00eenc\u0103rc\u0103torului sigur\u0103 \u0219i fiabil\u0103, oferind o experien\u021b\u0103 uniform\u0103 \u0219i eficient\u0103 pentru utilizatorii armelor. Construc\u021bia sa robust\u0103 \u0219i performan\u021ba fiabil\u0103 \u00eel fac un accesoriu esen\u021bial pentru men\u021binerea func\u021bionalit\u0103\u021bii \u0219i performan\u021bei platformei Weapons KMR.<\/p>\n<p>Dispozitivul de prindere a \u00eenc\u0103rc\u0103torului prim\u0103var\u0103 KMR este un accesoriu versatil \u0219i esen\u021bial pentru o gam\u0103 larg\u0103 de modele Weapons KMR. Conceput s\u0103 ofere o prindere sigur\u0103 \u0219i fiabil\u0103 a \u00eenc\u0103rc\u0103torului<\/p>\n<p>Pentru Weapons KMR:<\/p>\n<p>KMR L-02 EMIQ<\/p>\n<p>KMR L-02 EMIQ (OR)<\/p>\n<p>KMR L-02 ORCA DIN 2024<\/p>\n<p>KMR L-02 ORCA P\u00c2N\u0102 \u00ceN 2023<\/p>\n<p>KMR L-02 SPECTRA DIN 2024<\/p>\n<p>KMR L-02 SPECTRA P\u00c2N\u0102 \u00ceN 2023<\/p>\n<p>KMR L-02 UMBRA (OR) SR<\/p>\n<p>KMR S-02 DIN 2024<\/p>\n<p>KMR S-02 P\u00c2N\u0102 \u00ceN 2023<\/p>\n<p>KMR W-02 CUDA (OR)<\/p>\n<p>KMR W-02 UMBRA<\/p>\n<p>KMR W-02 UMBRA (OR)<\/p>\n","protected":false},"excerpt":{"rendered":"<p>Magazie Catch Spring KMR pentru armele din seria KMR.<\/p>\n","protected":false},"featured_media":24861,"template":"","meta":{"_acf_changed":false},"product_brand":[11498],"product_cat":[12763,12745],"product_tag":[],"class_list":{"0":"post-692214","1":"product","2":"type-product","3":"status-publish","4":"has-post-thumbnail","6":"product_brand-kmr-precision","7":"product_cat-arcuri","8":"product_cat-piese-kmr","10":"first","11":"instock","12":"taxable","13":"shipping-taxable","14":"product-type-simple"},"acf":[],"_links":{"self":[{"href":"https:\/\/nbg.eu\/ro\/wp-json\/wp\/v2\/product\/692214","targetHints":{"allow":["GET"]}}],"collection":[{"href":"https:\/\/nbg.eu\/ro\/wp-json\/wp\/v2\/product"}],"about":[{"href":"https:\/\/nbg.eu\/ro\/wp-json\/wp\/v2\/types\/product"}],"wp:featuredmedia":[{"embeddable":true,"href":"https:\/\/nbg.eu\/ro\/wp-json\/wp\/v2\/media\/24861"}],"wp:attachment":[{"href":"https:\/\/nbg.eu\/ro\/wp-json\/wp\/v2\/media?parent=692214"}],"wp:term":[{"taxonomy":"product_brand","embeddable":true,"href":"https:\/\/nbg.eu\/ro\/wp-json\/wp\/v2\/product_brand?post=692214"},{"taxonomy":"product_cat","embeddable":true,"href":"https:\/\/nbg.eu\/ro\/wp-json\/wp\/v2\/product_cat?post=692214"},{"taxonomy":"product_tag","embeddable":true,"href":"https:\/\/nbg.eu\/ro\/wp-json\/wp\/v2\/product_tag?post=692214"}],"curies":[{"name":"wp","href":"https:\/\/api.w.org\/{rel}","templated":true}]}}