{"id":692253,"date":"2024-08-18T11:19:07","date_gmt":"2024-08-18T08:19:07","guid":{"rendered":"https:\/\/nbg.eu\/product\/magazine-catch-spring-screw-kmr\/"},"modified":"2026-05-13T16:47:49","modified_gmt":"2026-05-13T13:47:49","slug":"magazine-catch-spring-screw-kmr","status":"publish","type":"product","link":"https:\/\/nbg.eu\/ro\/produs\/magazine-catch-spring-screw-kmr\/","title":{"rendered":"KMR \u0218urub Arc Z\u0103vor \u00cenc\u0103rc\u0103tor"},"content":{"rendered":"<h2>\u0218urub de prindere a \u00eenc\u0103rc\u0103torului Magazine Catch Spring<\/h2>\n<p>\u0218urubul de prindere a \u00eenc\u0103rc\u0103torului Magazine Catch Spring KMR este o component\u0103 esen\u021bial\u0103 pentru sisteme de armament de la o varietate de produc\u0103tori.<\/p>\n<p>Fabricat la cele mai \u00eenalte standarde, acest \u0219urub este alegerea perfect\u0103 at\u00e2t pentru pasiona\u021bii de arme, c\u00e2t \u0219i pentru profesioni\u0219ti. Construc\u021bia sa durabil\u0103 \u0219i aten\u021bia la detalii \u00eel fac un accesoriu indispensabil pentru orice armur\u0103rie bine echipat\u0103.<\/p>\n<p>Pentru arme KMR:<\/p>\n<p>KMR L-02 EMIQ<\/p>\n<p>KMR L-02 EMIQ (OR)<\/p>\n<p>KMR L-02 ORCA \u00eencep\u00e2nd din 2024<\/p>\n<p>KMR L-02 ORCA p\u00e2n\u0103 \u00een 2023<\/p>\n<p>KMR L-02 SPECTRA \u00eencep\u00e2nd din 2024<\/p>\n<p>KMR L-02 SPECTRA p\u00e2n\u0103 \u00een 2023<\/p>\n<p>KMR L-02 UMBRA (OR) SR<\/p>\n<p>KMR S-01 LANCE (OR)<\/p>\n<p>KMR S-02 \u00eencep\u00e2nd din 2024<\/p>\n<p>KMR S-02 p\u00e2n\u0103 \u00een 2023<\/p>\n<p>KMR W-02 CUDA (OR)<\/p>\n<p>KMR W-02 UMBRA<\/p>\n<p>KMR W-02 UMBRA (OR).<\/p>\n","protected":false},"excerpt":{"rendered":"<p>\u0218urub de prim\u0103var\u0103 pentru arme KMR.<\/p>\n","protected":false},"featured_media":25507,"template":"","meta":{"_acf_changed":false},"product_brand":[11498],"product_cat":[12763,12745],"product_tag":[],"class_list":{"0":"post-692253","1":"product","2":"type-product","3":"status-publish","4":"has-post-thumbnail","6":"product_brand-kmr-precision","7":"product_cat-arcuri","8":"product_cat-piese-kmr","10":"first","11":"instock","12":"taxable","13":"shipping-taxable","14":"product-type-simple"},"acf":[],"_links":{"self":[{"href":"https:\/\/nbg.eu\/ro\/wp-json\/wp\/v2\/product\/692253","targetHints":{"allow":["GET"]}}],"collection":[{"href":"https:\/\/nbg.eu\/ro\/wp-json\/wp\/v2\/product"}],"about":[{"href":"https:\/\/nbg.eu\/ro\/wp-json\/wp\/v2\/types\/product"}],"wp:featuredmedia":[{"embeddable":true,"href":"https:\/\/nbg.eu\/ro\/wp-json\/wp\/v2\/media\/25507"}],"wp:attachment":[{"href":"https:\/\/nbg.eu\/ro\/wp-json\/wp\/v2\/media?parent=692253"}],"wp:term":[{"taxonomy":"product_brand","embeddable":true,"href":"https:\/\/nbg.eu\/ro\/wp-json\/wp\/v2\/product_brand?post=692253"},{"taxonomy":"product_cat","embeddable":true,"href":"https:\/\/nbg.eu\/ro\/wp-json\/wp\/v2\/product_cat?post=692253"},{"taxonomy":"product_tag","embeddable":true,"href":"https:\/\/nbg.eu\/ro\/wp-json\/wp\/v2\/product_tag?post=692253"}],"curies":[{"name":"wp","href":"https:\/\/api.w.org\/{rel}","templated":true}]}}