{"id":692280,"date":"2024-08-17T15:08:24","date_gmt":"2024-08-17T12:08:24","guid":{"rendered":"https:\/\/nbg.eu\/product\/magazine-catch-pin-kmr-s\/"},"modified":"2026-05-13T16:01:52","modified_gmt":"2026-05-13T13:01:52","slug":"magazine-catch-pin-kmr-s","status":"publish","type":"product","link":"https:\/\/nbg.eu\/ro\/produs\/magazine-catch-pin-kmr-s\/","title":{"rendered":"KMR Pin Z\u0103vor \u00cenc\u0103rc\u0103tor S"},"content":{"rendered":"<h2>Siguran\u021ba reten\u021biei revistei pentru pistolul dvs. KMR-S<\/h2>\n<p>Asigura\u021bi-v\u0103 o performan\u021b\u0103 fiabil\u0103 a revistei cu \u0219tiftul de prindere a revistei fabricat cu precizie pentru pistolul dvs. KMR-S (seria S). Confec\u021bionat din o\u021bel c\u0103lit \u0219i cu o finisare durabil\u0103 \u0219i rezistent\u0103 la uzur\u0103, aceast\u0103 component\u0103 ac\u021bioneaz\u0103 ca ancor\u0103 intern\u0103 pentru ansamblul de prindere a revistei, garant\u00e2nd o tensiune constant\u0103 a butonului de eliberare a revistei \u0219i prevenind mutarea sau defectarea prinderii sub vibra\u021bia tragerii rapide.<\/p>\n<p>Proiectat pentru o potrivire perfect\u0103 pe cadrele seriei KMR S, \u0219tiftul de prindere a revistei men\u021bine a\u0219ezarea sigur\u0103 \u0219i ejectarea u\u0219oar\u0103 a revistelor, chiar \u0219i \u00een cele mai solicitante sesiuni de tragere. \u00cencredin\u021ba\u021bi-v\u0103 aceast\u0103 actualizare hardware esen\u021bial\u0103 pentru a men\u021bine sistemul de eliberare a revistei func\u021bion\u00e2nd la capacitatea sa maxim\u0103, astfel \u00eenc\u00e2t s\u0103 v\u0103 pute\u021bi concentra asupra sarcinii \u00een curs f\u0103r\u0103 a v\u0103 face griji cu privire la defec\u021biunile legate de revist\u0103.<\/p>\n","protected":false},"excerpt":{"rendered":"<p>Pin de prindere a \u00eenc\u0103rc\u0103torului din o\u021bel prelucrat cu precizie pentru \u00eenc\u0103rc\u0103toare de pistol KMR-S, u\u0219or \u0219i sigur.<\/p>\n","protected":false},"featured_media":23978,"template":"","meta":{"_acf_changed":false},"product_brand":[11498],"product_cat":[12745],"product_tag":[],"class_list":{"0":"post-692280","1":"product","2":"type-product","3":"status-publish","4":"has-post-thumbnail","6":"product_brand-kmr-precision","7":"product_cat-piese-kmr","9":"first","10":"instock","11":"taxable","12":"shipping-taxable","13":"product-type-simple"},"acf":[],"_links":{"self":[{"href":"https:\/\/nbg.eu\/ro\/wp-json\/wp\/v2\/product\/692280","targetHints":{"allow":["GET"]}}],"collection":[{"href":"https:\/\/nbg.eu\/ro\/wp-json\/wp\/v2\/product"}],"about":[{"href":"https:\/\/nbg.eu\/ro\/wp-json\/wp\/v2\/types\/product"}],"wp:featuredmedia":[{"embeddable":true,"href":"https:\/\/nbg.eu\/ro\/wp-json\/wp\/v2\/media\/23978"}],"wp:attachment":[{"href":"https:\/\/nbg.eu\/ro\/wp-json\/wp\/v2\/media?parent=692280"}],"wp:term":[{"taxonomy":"product_brand","embeddable":true,"href":"https:\/\/nbg.eu\/ro\/wp-json\/wp\/v2\/product_brand?post=692280"},{"taxonomy":"product_cat","embeddable":true,"href":"https:\/\/nbg.eu\/ro\/wp-json\/wp\/v2\/product_cat?post=692280"},{"taxonomy":"product_tag","embeddable":true,"href":"https:\/\/nbg.eu\/ro\/wp-json\/wp\/v2\/product_tag?post=692280"}],"curies":[{"name":"wp","href":"https:\/\/api.w.org\/{rel}","templated":true}]}}