{"id":692293,"date":"2025-05-21T16:01:25","date_gmt":"2025-05-21T13:01:25","guid":{"rendered":"https:\/\/nbg.eu\/product\/magazine-kmr-l-02-orca-cal-9x19-19-rnds\/"},"modified":"2026-05-13T15:09:58","modified_gmt":"2026-05-13T12:09:58","slug":"magazine-kmr-l-02-orca-cal-9x19-19-rnds","status":"publish","type":"product","link":"https:\/\/nbg.eu\/ro\/produs\/magazine-kmr-l-02-orca-cal-9x19-19-rnds\/","title":{"rendered":"KMR \u00cenc\u0103rc\u0103tor L-02 ORCA 9&#215;19 19 Cart."},"content":{"rendered":"<h2>MAGAZINE KMR L-02 ORCA cal. 9&#215;19 19 rnds<\/h2>\n<p>\u00cembun\u0103t\u0103\u021bi\u021bi performan\u021ba pistolului KMR L-02 ORCA cu acest \u00eenc\u0103rc\u0103tor de mare capacitate. Av\u00e2nd o capacitate de 19 cartu\u0219e de 9x19mm, acesta asigur\u0103 o alimentare fiabil\u0103 \u0219i o func\u021bionare lin\u0103, f\u0103c\u00e2ndu-l partenerul perfect pentru arma dvs. de foc. Compatibil cu modelele KMR L-02 EMIQ \u0219i EMIQ (OR), acest \u00eenc\u0103rc\u0103tor este esen\u021bial pentru cei care caut\u0103 o capacitate m\u0103rit\u0103 \u0219i o func\u021bionalitate \u00eembun\u0103t\u0103\u021bit\u0103.<\/p>\n<p>Num\u0103r de pies\u0103: 1152-02402-0001<\/p>\n<p>Compatibil cu:<\/p>\n<ul>\n<li>KMR L-02 EMIQ<\/li>\n<li>KMR L-02 EMIQ (OR)<\/li>\n<li>KMR L-02 ORCA P\u00c2N\u0102 \u00ceN 2023<\/li>\n<\/ul>\n","protected":false},"excerpt":{"rendered":"<p>\u00cenc\u0103rc\u0103tor de \u00eenalt\u0103 capacitate de 19 cartu\u0219e pentru pistoale KMR L-02 ORCA 9&#215;19. Alimentare fiabil\u0103 \u0219i func\u021bionare u\u0219oar\u0103.<\/p>\n","protected":false},"featured_media":365251,"template":"","meta":{"_acf_changed":false},"product_brand":[11498],"product_cat":[12745,12741],"product_tag":[],"class_list":{"0":"post-692293","1":"product","2":"type-product","3":"status-publish","4":"has-post-thumbnail","6":"product_brand-kmr-precision","7":"product_cat-piese-kmr","8":"product_cat-piese-pistol","10":"first","11":"instock","12":"taxable","13":"shipping-taxable","14":"product-type-simple"},"acf":[],"_links":{"self":[{"href":"https:\/\/nbg.eu\/ro\/wp-json\/wp\/v2\/product\/692293","targetHints":{"allow":["GET"]}}],"collection":[{"href":"https:\/\/nbg.eu\/ro\/wp-json\/wp\/v2\/product"}],"about":[{"href":"https:\/\/nbg.eu\/ro\/wp-json\/wp\/v2\/types\/product"}],"wp:featuredmedia":[{"embeddable":true,"href":"https:\/\/nbg.eu\/ro\/wp-json\/wp\/v2\/media\/365251"}],"wp:attachment":[{"href":"https:\/\/nbg.eu\/ro\/wp-json\/wp\/v2\/media?parent=692293"}],"wp:term":[{"taxonomy":"product_brand","embeddable":true,"href":"https:\/\/nbg.eu\/ro\/wp-json\/wp\/v2\/product_brand?post=692293"},{"taxonomy":"product_cat","embeddable":true,"href":"https:\/\/nbg.eu\/ro\/wp-json\/wp\/v2\/product_cat?post=692293"},{"taxonomy":"product_tag","embeddable":true,"href":"https:\/\/nbg.eu\/ro\/wp-json\/wp\/v2\/product_tag?post=692293"}],"curies":[{"name":"wp","href":"https:\/\/api.w.org\/{rel}","templated":true}]}}