{"id":692319,"date":"2025-05-20T23:13:22","date_gmt":"2025-05-20T20:13:22","guid":{"rendered":"https:\/\/nbg.eu\/product\/magazine-mec-gar-cal-9x19-17-rnds\/"},"modified":"2026-05-13T16:02:55","modified_gmt":"2026-05-13T13:02:55","slug":"magazine-mec-gar-cal-9x19-17-rnds","status":"publish","type":"product","link":"https:\/\/nbg.eu\/ro\/produs\/magazine-mec-gar-cal-9x19-17-rnds\/","title":{"rendered":"KMR \u00cenc\u0103rc\u0103tor MEC-GAR 9&#215;19 17 Cart."},"content":{"rendered":"<h2>\u00ceNC\u0102RC\u0102TOR MEC-GAR cal. 9&#215;19 17 cartu\u0219e<\/h2>\n<p>Referin\u021b\u0103: 1152-01901-0000<\/p>\n<p>\u00cenc\u0103rc\u0103tor cu capacitate mare de 17 cartu\u0219e pentru pistoale 9x19mm. Compatibil cu diferite modele KMR, inclusiv SPECTRA, UMBRA \u0219i CUDA (versiunile din 2023 \u0219i 2024). Se potrive\u0219te, de asemenea, la pistoalele CZ SHADOW 1, SHADOW 2 \u0219i SP-01. Alimentarea fiabil\u0103 \u0219i construc\u021bia durabil\u0103 asigur\u0103 o performan\u021b\u0103 optim\u0103 pentru arma de foc.<\/p>\n","protected":false},"excerpt":{"rendered":"<p>\u00cenc\u0103rc\u0103tor de mare capacitate de 9 mm pentru pistoalele KMR \u0219i CZ. 17 cartu\u0219e.<\/p>\n","protected":false},"featured_media":365199,"template":"","meta":{"_acf_changed":false},"product_brand":[11498],"product_cat":[12745,12741],"product_tag":[],"class_list":{"0":"post-692319","1":"product","2":"type-product","3":"status-publish","4":"has-post-thumbnail","6":"product_brand-kmr-precision","7":"product_cat-piese-kmr","8":"product_cat-piese-pistol","10":"first","11":"instock","12":"taxable","13":"shipping-taxable","14":"product-type-simple"},"acf":[],"_links":{"self":[{"href":"https:\/\/nbg.eu\/ro\/wp-json\/wp\/v2\/product\/692319","targetHints":{"allow":["GET"]}}],"collection":[{"href":"https:\/\/nbg.eu\/ro\/wp-json\/wp\/v2\/product"}],"about":[{"href":"https:\/\/nbg.eu\/ro\/wp-json\/wp\/v2\/types\/product"}],"wp:featuredmedia":[{"embeddable":true,"href":"https:\/\/nbg.eu\/ro\/wp-json\/wp\/v2\/media\/365199"}],"wp:attachment":[{"href":"https:\/\/nbg.eu\/ro\/wp-json\/wp\/v2\/media?parent=692319"}],"wp:term":[{"taxonomy":"product_brand","embeddable":true,"href":"https:\/\/nbg.eu\/ro\/wp-json\/wp\/v2\/product_brand?post=692319"},{"taxonomy":"product_cat","embeddable":true,"href":"https:\/\/nbg.eu\/ro\/wp-json\/wp\/v2\/product_cat?post=692319"},{"taxonomy":"product_tag","embeddable":true,"href":"https:\/\/nbg.eu\/ro\/wp-json\/wp\/v2\/product_tag?post=692319"}],"curies":[{"name":"wp","href":"https:\/\/api.w.org\/{rel}","templated":true}]}}