{"id":692342,"date":"2024-08-18T11:13:19","date_gmt":"2024-08-18T08:13:19","guid":{"rendered":"https:\/\/nbg.eu\/product\/magwell-screw-m4x8-din-915-kmr\/"},"modified":"2026-05-13T15:11:14","modified_gmt":"2026-05-13T12:11:14","slug":"magwell-screw-m4x8-din-915-kmr","status":"publish","type":"product","link":"https:\/\/nbg.eu\/ro\/produs\/magwell-screw-m4x8-din-915-kmr\/","title":{"rendered":"KMR \u0218urub Magwell M4x8 DIN 915"},"content":{"rendered":"<h2>\u0218urubul magwell M4X8 Din 915 KMR &#8211; Ata\u0219amente de arm\u0103 sigure pentru modelele KMR<\/h2>\n<p>\u0218urubul Magwell este o component\u0103 esen\u021bial\u0103 pentru ata\u0219area \u00een siguran\u021b\u0103 a accesoriilor \u0219i ata\u0219amentelor la sistemele de arm\u0103 KMR.<\/p>\n<p>Fabricat din materiale de \u00eenalt\u0103 calitate \u0219i construit pentru a rezista la solicit\u0103rile utiliz\u0103rii tactice, \u0219urubul Magwell asigur\u0103 o potrivire str\u00e2ns\u0103 \u0219i sigur\u0103, prevenind sl\u0103birea sau desprinderea ata\u0219amentelor \u00een timpul func\u021bion\u0103rii. Filetul s\u0103u M4x8 Din 915 ofer\u0103 o conexiune robust\u0103 \u0219i de \u00eencredere, permi\u021b\u00e2ndu-v\u0103 s\u0103 monta\u021bi \u00een mod sigur ochire, lasere, lumini \u0219i alte echipamente esen\u021biale pe platforma KMR.<\/p>\n<p>\u0218urubul Magwell este un accesoriu esen\u021bial pentru \u00eembun\u0103t\u0103\u021birea func\u021bionalit\u0103\u021bii \u0219i personalizarea sistemului de arm\u0103. Asigura\u021bi-v\u0103 c\u0103 ata\u0219amentele r\u0103m\u00e2n ferm fixate \u0219i men\u021bine\u021bi o performan\u021b\u0103 optim\u0103 cu acest \u0219urub fiabil \u0219i rezistent.<\/p>\n","protected":false},"excerpt":{"rendered":"<p>\u0218urubul magwell M4x8 Din 915 pentru modelele KMR L-02 EMIQ \u0219i ORCA.<\/p>\n","protected":false},"featured_media":25437,"template":"","meta":{"_acf_changed":false},"product_brand":[11498],"product_cat":[12741,12765,14974],"product_tag":[],"class_list":{"0":"post-692342","1":"product","2":"type-product","3":"status-publish","4":"has-post-thumbnail","6":"product_brand-kmr-precision","7":"product_cat-piese-pistol","8":"product_cat-pistol","9":"product_cat-pistol-magwells-ro","11":"first","12":"instock","13":"taxable","14":"shipping-taxable","15":"product-type-simple"},"acf":[],"_links":{"self":[{"href":"https:\/\/nbg.eu\/ro\/wp-json\/wp\/v2\/product\/692342","targetHints":{"allow":["GET"]}}],"collection":[{"href":"https:\/\/nbg.eu\/ro\/wp-json\/wp\/v2\/product"}],"about":[{"href":"https:\/\/nbg.eu\/ro\/wp-json\/wp\/v2\/types\/product"}],"wp:featuredmedia":[{"embeddable":true,"href":"https:\/\/nbg.eu\/ro\/wp-json\/wp\/v2\/media\/25437"}],"wp:attachment":[{"href":"https:\/\/nbg.eu\/ro\/wp-json\/wp\/v2\/media?parent=692342"}],"wp:term":[{"taxonomy":"product_brand","embeddable":true,"href":"https:\/\/nbg.eu\/ro\/wp-json\/wp\/v2\/product_brand?post=692342"},{"taxonomy":"product_cat","embeddable":true,"href":"https:\/\/nbg.eu\/ro\/wp-json\/wp\/v2\/product_cat?post=692342"},{"taxonomy":"product_tag","embeddable":true,"href":"https:\/\/nbg.eu\/ro\/wp-json\/wp\/v2\/product_tag?post=692342"}],"curies":[{"name":"wp","href":"https:\/\/api.w.org\/{rel}","templated":true}]}}