{"id":692375,"date":"2024-08-17T15:42:34","date_gmt":"2024-08-17T12:42:34","guid":{"rendered":"https:\/\/nbg.eu\/product\/magwell-kmr-l-02-alu-brass\/"},"modified":"2026-05-13T15:10:45","modified_gmt":"2026-05-13T12:10:45","slug":"magwell-kmr-l-02-alu-brass","status":"publish","type":"product","link":"https:\/\/nbg.eu\/ro\/produs\/magwell-kmr-l-02-alu-brass\/","title":{"rendered":"KMR Magwell L-02 Alam\u0103"},"content":{"rendered":"<h2>Magwell KMR L-02 Brass: Upgrade de arm\u0103 de precizie pentru platforme KMR<\/h2>\n<p>V\u0103 prezent\u0103m Magwell KMR L-02 Brass, un produs premium conceput pentru a \u00eembun\u0103t\u0103\u021bi performan\u021ba \u0219i func\u021bionalitatea armelor compatibile cu KMR. Fabricat cu precizie \u0219i aten\u021bie la detalii, acest component din alam\u0103 este proiectat s\u0103 se integreze perfect cu platforma KMR, oferind o actualizare elegant\u0103 \u0219i durabil\u0103.<\/p>\n<p>Fabricat din materiale de \u00eenalt\u0103 calitate din alam\u0103, Magwell KMR L-02 Brass ofer\u0103 o durabilitate excep\u021bional\u0103 \u0219i o estetic\u0103 premium care vor valorifica aspectul armei dvs. Designul s\u0103u elegant \u0219i integrarea f\u0103r\u0103 probleme asigur\u0103 o actualizare lin\u0103 \u0219i discret\u0103, permi\u021b\u00e2ndu-v\u0103 s\u0103 men\u021bine\u021bi caracteristicile de performan\u021b\u0103 \u0219i manevrabilitate pe care le-a\u021bi a\u0219teptat de la platforma KMR.<\/p>\n<p>Pentru arme KMR<\/p>\n<p>KMR L-02 EMIQ<\/p>\n<p>KMR L-02 EMIQ (OR)<\/p>\n<p>KMR L-02 ORCA P\u00c2N\u0102 \u00ceN 2023<\/p>\n<p>KMR L-02 SPECTRA P\u00c2N\u0102 \u00ceN 2023<\/p>\n<p>Referin\u021b\u0103 0531-01101-0316<\/p>\n","protected":false},"excerpt":{"rendered":"<p>Magwell KMR L-02 Alam\u0103 pentru Arme KMR<\/p>\n","protected":false},"featured_media":720259,"template":"","meta":{"_acf_changed":false},"product_brand":[11498],"product_cat":[12741,12765,14974],"product_tag":[],"class_list":{"0":"post-692375","1":"product","2":"type-product","3":"status-publish","4":"has-post-thumbnail","6":"product_brand-kmr-precision","7":"product_cat-piese-pistol","8":"product_cat-pistol","9":"product_cat-pistol-magwells-ro","11":"first","12":"outofstock","13":"taxable","14":"shipping-taxable","15":"product-type-simple"},"acf":[],"_links":{"self":[{"href":"https:\/\/nbg.eu\/ro\/wp-json\/wp\/v2\/product\/692375","targetHints":{"allow":["GET"]}}],"collection":[{"href":"https:\/\/nbg.eu\/ro\/wp-json\/wp\/v2\/product"}],"about":[{"href":"https:\/\/nbg.eu\/ro\/wp-json\/wp\/v2\/types\/product"}],"wp:featuredmedia":[{"embeddable":true,"href":"https:\/\/nbg.eu\/ro\/wp-json\/wp\/v2\/media\/720259"}],"wp:attachment":[{"href":"https:\/\/nbg.eu\/ro\/wp-json\/wp\/v2\/media?parent=692375"}],"wp:term":[{"taxonomy":"product_brand","embeddable":true,"href":"https:\/\/nbg.eu\/ro\/wp-json\/wp\/v2\/product_brand?post=692375"},{"taxonomy":"product_cat","embeddable":true,"href":"https:\/\/nbg.eu\/ro\/wp-json\/wp\/v2\/product_cat?post=692375"},{"taxonomy":"product_tag","embeddable":true,"href":"https:\/\/nbg.eu\/ro\/wp-json\/wp\/v2\/product_tag?post=692375"}],"curies":[{"name":"wp","href":"https:\/\/api.w.org\/{rel}","templated":true}]}}