{"id":692396,"date":"2024-08-18T11:19:05","date_gmt":"2024-08-18T08:19:05","guid":{"rendered":"https:\/\/nbg.eu\/product\/mag-release-button-screw-m3x6-iso-14581-kmr\/"},"modified":"2026-05-13T16:03:49","modified_gmt":"2026-05-13T13:03:49","slug":"mag-release-button-screw-m3x6-iso-14581-kmr","status":"publish","type":"product","link":"https:\/\/nbg.eu\/ro\/produs\/mag-release-button-screw-m3x6-iso-14581-kmr\/","title":{"rendered":"KMR \u0218urub Buton Eliberare \u00cenc\u0103rc\u0103tor M3x6 ISO 14581"},"content":{"rendered":"<h2>\u0218urub pentru butonul de eliberare a \u00eenc\u0103rc\u0103torului M3X6 Iso 14581 KMR<\/h2>\n<p>Acest \u0219urub pentru butonul de eliberare a \u00eenc\u0103rc\u0103torului M3X6 Iso 14581 este o component\u0103 esen\u021bial\u0103 pentru o gam\u0103 larg\u0103 de arme KMR. Fabricat pentru a respecta standardele ISO 14581, acest \u0219urub asigur\u0103 o conexiune sigur\u0103 \u0219i fiabil\u0103 pentru butonul de eliberare a \u00eenc\u0103rc\u0103torului, permi\u021b\u00e2nd o func\u021bionare \u0219i o \u00eentre\u021binere f\u0103r\u0103 probleme a armei. Av\u00e2nd o dimensiune de M3x6, acest accesoriu este indispensabil pentru oricine deserve\u0219te sau modernizeaz\u0103 arme de foc compatibile cu KMR.<\/p>\n<p>Pentru arme KMR<\/p>\n<p>KMR L-02 EMIQ<\/p>\n<p>KMR L-02 EMIQ (OR)<\/p>\n<p>KMR L-02 ORCA din 2024<\/p>\n<p>KMR L-02 ORCA p\u00e2n\u0103 \u00een 2023<\/p>\n<p>KMR L-02 SPECTRA din 2024<\/p>\n<p>KMR L-02 SPECTRA p\u00e2n\u0103 \u00een 2023<\/p>\n<p>KMR L-02 UMBRA (OR) SR<\/p>\n<p>KMR S-01 LANCE (OR)<\/p>\n<p>KMR S-02 din 2024<\/p>\n<p>KMR S-02 p\u00e2n\u0103 \u00een 2023<\/p>\n<p>KMR W-02 CUDA (OR)<\/p>\n<p>KMR W-02 UMBRA<\/p>\n<p>KMR W-02 UMBRA (OR)<\/p>\n","protected":false},"excerpt":{"rendered":"<p>\u0218urub pentru butonul de eliberare a \u00eenc\u0103rc\u0103torului M3X6 Iso 14581 KMR pentru diverse arme KMR.<\/p>\n","protected":false},"featured_media":25484,"template":"","meta":{"_acf_changed":false},"product_brand":[11498],"product_cat":[12745],"product_tag":[],"class_list":{"0":"post-692396","1":"product","2":"type-product","3":"status-publish","4":"has-post-thumbnail","6":"product_brand-kmr-precision","7":"product_cat-piese-kmr","9":"first","10":"instock","11":"taxable","12":"shipping-taxable","13":"product-type-simple"},"acf":[],"_links":{"self":[{"href":"https:\/\/nbg.eu\/ro\/wp-json\/wp\/v2\/product\/692396","targetHints":{"allow":["GET"]}}],"collection":[{"href":"https:\/\/nbg.eu\/ro\/wp-json\/wp\/v2\/product"}],"about":[{"href":"https:\/\/nbg.eu\/ro\/wp-json\/wp\/v2\/types\/product"}],"wp:featuredmedia":[{"embeddable":true,"href":"https:\/\/nbg.eu\/ro\/wp-json\/wp\/v2\/media\/25484"}],"wp:attachment":[{"href":"https:\/\/nbg.eu\/ro\/wp-json\/wp\/v2\/media?parent=692396"}],"wp:term":[{"taxonomy":"product_brand","embeddable":true,"href":"https:\/\/nbg.eu\/ro\/wp-json\/wp\/v2\/product_brand?post=692396"},{"taxonomy":"product_cat","embeddable":true,"href":"https:\/\/nbg.eu\/ro\/wp-json\/wp\/v2\/product_cat?post=692396"},{"taxonomy":"product_tag","embeddable":true,"href":"https:\/\/nbg.eu\/ro\/wp-json\/wp\/v2\/product_tag?post=692396"}],"curies":[{"name":"wp","href":"https:\/\/api.w.org\/{rel}","templated":true}]}}