{"id":692413,"date":"2024-09-17T08:06:19","date_gmt":"2024-09-17T05:06:19","guid":{"rendered":"https:\/\/nbg.eu\/product\/main-spring-strut-kmr-l\/"},"modified":"2026-05-13T16:04:34","modified_gmt":"2026-05-13T13:04:34","slug":"main-spring-strut-kmr-l","status":"publish","type":"product","link":"https:\/\/nbg.eu\/ro\/produs\/main-spring-strut-kmr-l\/","title":{"rendered":"KMR Tij\u0103 Arc Principal L"},"content":{"rendered":"<h2>Arcul principal Strut KMR L &#8211; Upgrade de suspensie fiabil pentru Weapons KMR<\/h2>\n<p>Arcul principal Strut KMR L este un component de suspensie de \u00eenalt\u0103 calitate, proiectat pentru a oferi o conducere lin\u0103 \u0219i fiabil\u0103 pentru platformele Weapons KMR. Cu o construc\u021bie durabil\u0103 \u0219i inginerie avansat\u0103, acest arc este o actualizare esen\u021bial\u0103 pentru utilizatorii care caut\u0103 o performan\u021b\u0103 \u0219i o stabilitate \u00eembun\u0103t\u0103\u021bite.<\/p>\n<p>Inginerie de precizie: Proiectat cu precizie, Arcul principal Strut KMR L ofer\u0103 o performan\u021b\u0103 constant\u0103 \u0219i fiabil\u0103, asigur\u00e2nd o c\u0103l\u0103torie stabil\u0103 \u0219i controlat\u0103 chiar \u0219i \u00een condi\u021bii dificile. Designul avansat \u0219i materialele de \u00eenalt\u0103 calitate ale arcului \u00eel fac o solu\u021bie durabil\u0103 \u0219i de lung\u0103 durat\u0103 pentru platforma dvs. Weapons KMR.<\/p>\n<\/p>\n<p>Pentru Weapons KMR\n<\/p>\n<p>KMR L-02 EMIQ\n<\/p>\n<p>KMR L-02 EMIQ (OR)\n<\/p>\n<p>KMR L-02 ORCA DIN 2024\n<\/p>\n<p>KMR L-02 ORCA P\u00c2N\u0102 \u00ceN 2023\n<\/p>\n<p>KMR L-02 SPECTRA DIN 2024\n<\/p>\n<p>KMR L-02 SPECTRA P\u00c2N\u0102 \u00ceN 2023<\/p>\n","protected":false},"excerpt":{"rendered":"<p>Amortizor principal de arc pentru armele din seria KMR<\/p>\n","protected":false},"featured_media":25599,"template":"","meta":{"_acf_changed":false},"product_brand":[11498],"product_cat":[12763,12745],"product_tag":[],"class_list":{"0":"post-692413","1":"product","2":"type-product","3":"status-publish","4":"has-post-thumbnail","6":"product_brand-kmr-precision","7":"product_cat-arcuri","8":"product_cat-piese-kmr","10":"first","11":"instock","12":"taxable","13":"shipping-taxable","14":"product-type-simple"},"acf":[],"_links":{"self":[{"href":"https:\/\/nbg.eu\/ro\/wp-json\/wp\/v2\/product\/692413","targetHints":{"allow":["GET"]}}],"collection":[{"href":"https:\/\/nbg.eu\/ro\/wp-json\/wp\/v2\/product"}],"about":[{"href":"https:\/\/nbg.eu\/ro\/wp-json\/wp\/v2\/types\/product"}],"wp:featuredmedia":[{"embeddable":true,"href":"https:\/\/nbg.eu\/ro\/wp-json\/wp\/v2\/media\/25599"}],"wp:attachment":[{"href":"https:\/\/nbg.eu\/ro\/wp-json\/wp\/v2\/media?parent=692413"}],"wp:term":[{"taxonomy":"product_brand","embeddable":true,"href":"https:\/\/nbg.eu\/ro\/wp-json\/wp\/v2\/product_brand?post=692413"},{"taxonomy":"product_cat","embeddable":true,"href":"https:\/\/nbg.eu\/ro\/wp-json\/wp\/v2\/product_cat?post=692413"},{"taxonomy":"product_tag","embeddable":true,"href":"https:\/\/nbg.eu\/ro\/wp-json\/wp\/v2\/product_tag?post=692413"}],"curies":[{"name":"wp","href":"https:\/\/api.w.org\/{rel}","templated":true}]}}