{"id":692550,"date":"2024-08-17T14:54:00","date_gmt":"2024-08-17T11:54:00","guid":{"rendered":"https:\/\/nbg.eu\/product\/mag-release-button-wide-kmr-alu-black\/"},"modified":"2026-05-13T15:58:16","modified_gmt":"2026-05-13T12:58:16","slug":"mag-release-button-wide-kmr-alu-black","status":"publish","type":"product","link":"https:\/\/nbg.eu\/ro\/produs\/mag-release-button-wide-kmr-alu-black\/","title":{"rendered":"KMR Buton Eliberare \u00cenc\u0103rc\u0103tor Lat ALU Negru"},"content":{"rendered":"<h2>Buton de Eliberare a \u00cenc\u0103rc\u0103torului Lat \u2013 KMR Aluminiu, Negru<\/h2>\n<p>Deblocheaz\u0103 schimb\u0103rile rapide ale \u00eenc\u0103rc\u0103toarelor cu Butonul de Eliberare a \u00cenc\u0103rc\u0103torului Lat de la KMR Aluminiu. Fabricat din aluminiu u\u0219or, de calitate aviatic\u0103, \u0219i av\u00e2nd o suprafa\u021b\u0103 lat\u0103 \u0219i supradimensionat\u0103, acest buton de eliberare a \u00eenc\u0103rc\u0103torului maximizeaz\u0103 contactul pentru degetul t\u0103u mare, asigur\u00e2nd o activare pozitiv\u0103 chiar \u0219i \u00een cele mai solicitante condi\u021bii.<\/p>\n<p>Textura agresiv\u0103, antialunecare ofer\u0103 o prindere sigur\u0103, \u00een timp ce finisajul anodizat negru mat ofer\u0103 o apari\u021bie tactic\u0103 elegant\u0103. Conceput pentru a minimiza timpii de tranzi\u021bie pentru tragerea competitiv\u0103 IPSC\/USPSA, profilul lat permite tr\u0103g\u0103torilor s\u0103 lase jos \u00eenc\u0103rc\u0103toarele f\u0103r\u0103 a-\u0219i schimba prinderea principal\u0103, \u00eembun\u0103t\u0103\u021bind semnificativ viteza re\u00eenc\u0103rc\u0103rii.<\/p>\n<p>Fie c\u0103 v\u0103 antrena\u021bi pentru competi\u021bii sau v\u0103 \u0219lefui\u021bi abilit\u0103\u021bile de autoap\u0103rare, Butonul de Eliberare a \u00cenc\u0103rc\u0103torului Lat de la KMR Aluminiu este upgradarea perfect\u0103 pentru arma de foc, oferind o atingere ergonomic\u0103 \u00eembun\u0103t\u0103\u021bit\u0103 \u0219i o performan\u021b\u0103 f\u0103r\u0103 egal atunci c\u00e2nd conteaz\u0103 cel mai mult.<\/p>\n","protected":false},"excerpt":{"rendered":"<p>Buton de eliberare a \u00eenc\u0103rc\u0103torului supradimensionat pentru modific\u0103ri ale \u00eenc\u0103rc\u0103torului super-rapide.<\/p>\n","protected":false},"featured_media":23857,"template":"","meta":{"_acf_changed":false},"product_brand":[11498],"product_cat":[12745],"product_tag":[],"class_list":{"0":"post-692550","1":"product","2":"type-product","3":"status-publish","4":"has-post-thumbnail","6":"product_brand-kmr-precision","7":"product_cat-piese-kmr","9":"first","10":"instock","11":"taxable","12":"shipping-taxable","13":"product-type-simple"},"acf":[],"_links":{"self":[{"href":"https:\/\/nbg.eu\/ro\/wp-json\/wp\/v2\/product\/692550","targetHints":{"allow":["GET"]}}],"collection":[{"href":"https:\/\/nbg.eu\/ro\/wp-json\/wp\/v2\/product"}],"about":[{"href":"https:\/\/nbg.eu\/ro\/wp-json\/wp\/v2\/types\/product"}],"wp:featuredmedia":[{"embeddable":true,"href":"https:\/\/nbg.eu\/ro\/wp-json\/wp\/v2\/media\/23857"}],"wp:attachment":[{"href":"https:\/\/nbg.eu\/ro\/wp-json\/wp\/v2\/media?parent=692550"}],"wp:term":[{"taxonomy":"product_brand","embeddable":true,"href":"https:\/\/nbg.eu\/ro\/wp-json\/wp\/v2\/product_brand?post=692550"},{"taxonomy":"product_cat","embeddable":true,"href":"https:\/\/nbg.eu\/ro\/wp-json\/wp\/v2\/product_cat?post=692550"},{"taxonomy":"product_tag","embeddable":true,"href":"https:\/\/nbg.eu\/ro\/wp-json\/wp\/v2\/product_tag?post=692550"}],"curies":[{"name":"wp","href":"https:\/\/api.w.org\/{rel}","templated":true}]}}