{"id":692644,"date":"2025-03-07T13:29:53","date_gmt":"2025-03-07T10:29:53","guid":{"rendered":"https:\/\/nbg.eu\/product\/nitehog-18650-rechargeable-battery\/"},"modified":"2026-05-13T16:02:19","modified_gmt":"2026-05-13T13:02:19","slug":"nitehog-18650-rechargeable-battery","status":"publish","type":"product","link":"https:\/\/nbg.eu\/ro\/produs\/nitehog-18650-rechargeable-battery\/","title":{"rendered":"Nitehog 18650 Rechargeable Battery"},"content":{"rendered":"<h2>Baterie re\u00eenc\u0103rcabil\u0103 Li-ion 18650 Nitehog: Putere fiabil\u0103 pentru imagistic\u0103 termic\u0103 \u0219i viziune nocturn\u0103<\/h2>\n<p>Debloca\u021bi \u00eentregul poten\u021bial al aparatelor de imagistic\u0103 termic\u0103 \u0219i de viziune nocturn\u0103 Nitehog cu Bateria Re\u00eenc\u0103rcabil\u0103 Li-ion 18650 Nitehog. Cu o capacitate mare de aproximativ 3500mAh, aceast\u0103 baterie ofer\u0103 o desc\u0103rcare constant\u0103 \u0219i la o intensitate mare, esen\u021bial\u0103 pentru senzorii digitali avansa\u021bi \u0219i nucleele termice.<\/p>\n<p>Proiectat\u0103 pentru o performan\u021b\u0103 optim\u0103, bateria Nitehog 18650 are o tensiune nominal\u0103 de 3,7V \u0219i un circuit de protec\u021bie integrat (PCB) pentru a preveni supra\u00eenc\u0103rcarea \u0219i desc\u0103rcarea complet\u0103. Aceast\u0103 m\u0103sur\u0103 de siguran\u021b\u0103 asigur\u0103 o durat\u0103 de via\u021b\u0103 maxim\u0103 \u0219i siguran\u021b\u0103, permi\u021b\u00e2ndu-v\u0103 s\u0103 v\u0103 \u00eencrede\u021bi \u00een aceast\u0103 surs\u0103 de alimentare \u00een timpul sesiunilor de v\u00e2n\u0103toare de noapte prelungite sau al opera\u021biunilor tactice.<\/p>\n<p>Fie c\u0103 urm\u0103ri\u021bi prada \u00een s\u0103lb\u0103ticie sau desf\u0103\u0219ura\u021bi opera\u021biuni clandestine, Bateria Re\u00eenc\u0103rcabil\u0103 Nitehog 18650 furnizeaz\u0103 puterea fiabil\u0103 \u0219i de mare capacitate pe care o cer dispozitivele dvs. Bucura\u021bi-v\u0103 de o performan\u021b\u0103 ne\u00eentrerupt\u0103 \u0219i de \u00eencrederea conferit\u0103 de un design protejat, transform\u00e2nd-o \u00een partenerul perfect pentru echipamentul dvs. de imagistic\u0103 termic\u0103 \u0219i de viziune nocturn\u0103 Nitehog.<\/p>\n","protected":false},"excerpt":{"rendered":"<p>Baterie re\u00eenc\u0103rcabil\u0103 Li-ion 18650 Nitehog: Putere de \u00eencredere \u0219i cu capacitate mare pentru dispozitive termice\/de vedere pe timp de noapte.<\/p>\n","protected":false},"featured_media":246186,"template":"","meta":{"_acf_changed":false},"product_brand":[11587],"product_cat":[12771,12806,12746,12766],"product_tag":[],"class_list":{"0":"post-692644","1":"product","2":"type-product","3":"status-publish","4":"has-post-thumbnail","6":"product_brand-nitehog","7":"product_cat-accesorii-ochire","8":"product_cat-baterii","9":"product_cat-ochire","10":"product_cat-termic","12":"first","13":"instock","14":"taxable","15":"shipping-taxable","16":"purchasable","17":"product-type-simple"},"acf":[],"_links":{"self":[{"href":"https:\/\/nbg.eu\/ro\/wp-json\/wp\/v2\/product\/692644","targetHints":{"allow":["GET"]}}],"collection":[{"href":"https:\/\/nbg.eu\/ro\/wp-json\/wp\/v2\/product"}],"about":[{"href":"https:\/\/nbg.eu\/ro\/wp-json\/wp\/v2\/types\/product"}],"wp:featuredmedia":[{"embeddable":true,"href":"https:\/\/nbg.eu\/ro\/wp-json\/wp\/v2\/media\/246186"}],"wp:attachment":[{"href":"https:\/\/nbg.eu\/ro\/wp-json\/wp\/v2\/media?parent=692644"}],"wp:term":[{"taxonomy":"product_brand","embeddable":true,"href":"https:\/\/nbg.eu\/ro\/wp-json\/wp\/v2\/product_brand?post=692644"},{"taxonomy":"product_cat","embeddable":true,"href":"https:\/\/nbg.eu\/ro\/wp-json\/wp\/v2\/product_cat?post=692644"},{"taxonomy":"product_tag","embeddable":true,"href":"https:\/\/nbg.eu\/ro\/wp-json\/wp\/v2\/product_tag?post=692644"}],"curies":[{"name":"wp","href":"https:\/\/api.w.org\/{rel}","templated":true}]}}