{"id":692668,"date":"2024-08-17T14:49:07","date_gmt":"2024-08-17T11:49:07","guid":{"rendered":"https:\/\/nbg.eu\/product\/mounting-kit-for-l-02-w-02-steel-black\/"},"modified":"2026-05-13T16:01:41","modified_gmt":"2026-05-13T13:01:41","slug":"mounting-kit-for-l-02-w-02-steel-black","status":"publish","type":"product","link":"https:\/\/nbg.eu\/ro\/produs\/mounting-kit-for-l-02-w-02-steel-black\/","title":{"rendered":"KMR Kit Montaj for L-02, W-02 O\u021bel Negru"},"content":{"rendered":"<h2>KMR Optic Ready (OR) Mounting Kit \u2013 O\u021bel, Negru<\/h2>\n<p>Eleva\u021bi platformele KMR L-02 \u0219i W-02 cu setul de montare KMR Optic Ready (OR). Prelucrat din o\u021bel de \u00eenalt\u0103 rezisten\u021b\u0103, aceast\u0103 solu\u021bie de montare ofer\u0103 o durabilitate \u0219i rigiditate f\u0103r\u0103 egal pentru a v\u0103 asigura c\u0103 optica dvs. \u00ee\u0219i men\u021bine zero, chiar \u0219i \u00een fa\u021ba for\u021belor intense de recul ale tragerii competi\u021bionale.<\/p>\n<p>Av\u00e2nd un amprent\u0103 specific\u0103 modelului, setul de montare OR este conceput pentru a se potrivi \u00een mod sigur opticilor Trijicon RMR, Leupold DeltaPoint Pro sau Shield, oferind o baz\u0103 solid\u0103 pentru sistemul dvs. de vizare. Spre deosebire de pl\u0103cile standard din aluminiu, construc\u021bia din o\u021bel previne de\u0219urubarea filetelor \u0219i men\u021bine o potrivire perfect\u0103 pentru scuturile Optic Ready L-02 \u0219i W-02, protej\u00e2ndu-v\u0103 investi\u021bia.<\/p>\n<p>Finisat\u0103 \u00eentr-o pelicul\u0103 neagr\u0103 mat\u0103 \u0219i anticoroziv\u0103, acest set de montare nu numai c\u0103 arat\u0103 bine, ci rezist\u0103 \u0219i la elementele de mediu, asigur\u00e2nd o performan\u021b\u0103 fiabil\u0103 \u00een orice condi\u021bii. \u00cembun\u0103t\u0103\u021bi\u021bi-v\u0103 platforma KMR cu setul de montare KMR Optic Ready (OR) &#8211; solu\u021bia final\u0103 pentru integrarea opticii de \u00eenalt\u0103 durabilitate.<\/p>\n","protected":false},"excerpt":{"rendered":"<p>Kit de montare din o\u021bel de \u00eenalt\u0103 rezisten\u021b\u0103 pentru integrarea optic\u0103 L-02, W-02 KMR.<\/p>\n","protected":false},"featured_media":30376,"template":"","meta":{"_acf_changed":false},"product_brand":[],"product_cat":[12745,12741,12777,14895],"product_tag":[],"class_list":{"0":"post-692668","1":"product","2":"type-product","3":"status-publish","4":"has-post-thumbnail","6":"product_cat-piese-kmr","7":"product_cat-piese-pistol","8":"product_cat-puncte-rosii-pistol","9":"product_cat-red-dot-sights-mounts-ro","11":"first","12":"instock","13":"taxable","14":"shipping-taxable","15":"purchasable","16":"product-type-variable","17":"wvs-archive-product-wrapper"},"acf":[],"_links":{"self":[{"href":"https:\/\/nbg.eu\/ro\/wp-json\/wp\/v2\/product\/692668","targetHints":{"allow":["GET"]}}],"collection":[{"href":"https:\/\/nbg.eu\/ro\/wp-json\/wp\/v2\/product"}],"about":[{"href":"https:\/\/nbg.eu\/ro\/wp-json\/wp\/v2\/types\/product"}],"wp:featuredmedia":[{"embeddable":true,"href":"https:\/\/nbg.eu\/ro\/wp-json\/wp\/v2\/media\/30376"}],"wp:attachment":[{"href":"https:\/\/nbg.eu\/ro\/wp-json\/wp\/v2\/media?parent=692668"}],"wp:term":[{"taxonomy":"product_brand","embeddable":true,"href":"https:\/\/nbg.eu\/ro\/wp-json\/wp\/v2\/product_brand?post=692668"},{"taxonomy":"product_cat","embeddable":true,"href":"https:\/\/nbg.eu\/ro\/wp-json\/wp\/v2\/product_cat?post=692668"},{"taxonomy":"product_tag","embeddable":true,"href":"https:\/\/nbg.eu\/ro\/wp-json\/wp\/v2\/product_tag?post=692668"}],"curies":[{"name":"wp","href":"https:\/\/api.w.org\/{rel}","templated":true}]}}