{"id":692966,"date":"2024-08-18T11:13:48","date_gmt":"2024-08-18T08:13:48","guid":{"rendered":"https:\/\/nbg.eu\/product\/or-cover-screw-m4x6-iso-14580-kmr\/"},"modified":"2026-04-16T18:43:07","modified_gmt":"2026-04-16T15:43:07","slug":"or-cover-screw-m4x6-iso-14580-kmr","status":"publish","type":"product","link":"https:\/\/nbg.eu\/ro\/produs\/or-cover-screw-m4x6-iso-14580-kmr\/","title":{"rendered":"KMR \u0218urub Capac OR M4x6 ISO 14580"},"content":{"rendered":"<h2>OR COVER SCREW M4x6 ISO 14580 KMR<\/h2>\n<p>OR COVER SCREW M4x6 ISO 14580 KMR este un element de fixare specializat proiectat pentru a fi utilizat cu sistemele Weapons KMR.<\/p>\n<p>Fabricat conform standardelor ISO 14580, \u0219urubul are o dimensiune a filetului de M4 \u0219i o lungime de 6 mm, asigur\u00e2nd o fixare sigur\u0103 \u0219i fiabil\u0103 pe sistemul dvs. KMR. Cu finisajul s\u0103u negru anodizat, acest \u0219urub se integreaz\u0103 armonios \u00een aspectul general al accesoriilor armelor dvs.<\/p>\n<p>Fie c\u0103 actualiza\u021bi, \u00eentre\u021bineti sau personaliza\u021bi arma dvs. compatibil\u0103 cu KMR, \u0219urubul de acoperire este o component\u0103 esen\u021bial\u0103. Construc\u021bia sa durabil\u0103 \u0219i potrivirea precis\u0103 \u00eel fac o necesitate pentru orice entuziast de arme sau profesionist care solicit\u0103 cele mai \u00eenalte niveluri de performan\u021b\u0103 \u0219i fiabilitate din echipamentul lor.<\/p>\n<p>Pentru Weapons KMR:<\/p>\n<p>KMR L-02 EMIQ (OR)<\/p>\n<p>KMR L-02 SPECTRA P\u00c2N\u0102 \u00ceN 2024<\/p>\n<p>KMR L-02 SPECTRA P\u00c2N\u0102 \u00ceN 2023<\/p>\n<p>KMR L-02 UMBRA (OR) SR<\/p>\n<p>KMR W-02 UMBRA (OR)<\/p>\n","protected":false},"excerpt":{"rendered":"<p>\u0218urub de acoperire M4x6 pentru sistemele de arme KMR, \u00een conformitate cu ISO 14580.<\/p>\n","protected":false},"featured_media":25460,"template":"","meta":{"_acf_changed":false},"product_brand":[11498],"product_cat":[12745],"product_tag":[],"class_list":{"0":"post-692966","1":"product","2":"type-product","3":"status-publish","4":"has-post-thumbnail","6":"product_brand-kmr-precision","7":"product_cat-piese-kmr","9":"first","10":"instock","11":"taxable","12":"shipping-taxable","13":"product-type-simple"},"acf":[],"_links":{"self":[{"href":"https:\/\/nbg.eu\/ro\/wp-json\/wp\/v2\/product\/692966","targetHints":{"allow":["GET"]}}],"collection":[{"href":"https:\/\/nbg.eu\/ro\/wp-json\/wp\/v2\/product"}],"about":[{"href":"https:\/\/nbg.eu\/ro\/wp-json\/wp\/v2\/types\/product"}],"wp:featuredmedia":[{"embeddable":true,"href":"https:\/\/nbg.eu\/ro\/wp-json\/wp\/v2\/media\/25460"}],"wp:attachment":[{"href":"https:\/\/nbg.eu\/ro\/wp-json\/wp\/v2\/media?parent=692966"}],"wp:term":[{"taxonomy":"product_brand","embeddable":true,"href":"https:\/\/nbg.eu\/ro\/wp-json\/wp\/v2\/product_brand?post=692966"},{"taxonomy":"product_cat","embeddable":true,"href":"https:\/\/nbg.eu\/ro\/wp-json\/wp\/v2\/product_cat?post=692966"},{"taxonomy":"product_tag","embeddable":true,"href":"https:\/\/nbg.eu\/ro\/wp-json\/wp\/v2\/product_tag?post=692966"}],"curies":[{"name":"wp","href":"https:\/\/api.w.org\/{rel}","templated":true}]}}