{"id":693057,"date":"2024-08-18T11:11:47","date_gmt":"2024-08-18T08:11:47","guid":{"rendered":"https:\/\/nbg.eu\/product\/or-plate-screw-m4x6-din-965-kmr\/"},"modified":"2026-05-13T16:00:58","modified_gmt":"2026-05-13T13:00:58","slug":"or-plate-screw-m4x6-din-965-kmr","status":"publish","type":"product","link":"https:\/\/nbg.eu\/ro\/produs\/or-plate-screw-m4x6-din-965-kmr\/","title":{"rendered":"KMR \u0218urub Plac\u0103 OR M4x6 DIN 965"},"content":{"rendered":"<h2>\u0218urub OR Plate M4X6 Din 965 KMR: Asigura\u021bi-v\u0103 accesoriile pentru arme cu precizie<\/h2>\n<p>Acest \u0219urub este un element de fixare versatil \u0219i fiabil conceput pentru a fi utilizat cu diverse accesorii pentru arme KMR. Realizat cu precizie \u0219i durabilitate, acest \u0219urub este solu\u021bia perfect\u0103 pentru a fixa \u00een mod sigur echipamentul esen\u021bial la armele dvs. compatibile cu KMR.<\/p>\n<p>Proiectat pentru a respecta standardele riguroase, \u0219urubul de plac\u0103 ofer\u0103 o rezisten\u021b\u0103 \u0219i o fiabilitate excep\u021bionale, asigur\u00e2nd c\u0103 accesoriile dvs. r\u0103m\u00e2n bine fixate chiar \u0219i \u00een cele mai solicitante situa\u021bii. Cu dimensiunea filetului M4 \u0219i o lungime de 6 mm, acest \u0219urub ofer\u0103 o potrivire sigur\u0103 \u0219i precis\u0103, permi\u021b\u00e2ndu-v\u0103 s\u0103 monta\u021bi echipamentul dvs. cu \u00eencredere.<\/p>\n<p>Fie c\u0103 actualiza\u021bi echipamentul tactic, \u00eenlocui\u021bi componente uzate sau construi\u021bi o nou\u0103 configura\u021bie, acesta este alegerea perfect\u0103 pentru a asigura o ata\u0219are fiabil\u0103 \u0219i sigur\u0103 a accesoriilor compatibile cu KMR.<\/p>\n<p>Pentru arme KMR:<\/p>\n<p>KMR L-02 EMIQ (OR)<\/p>\n<p>KMR L-02 SPECTRA P\u00c2N\u0102 \u00ceN 2023<\/p>\n<p>KMR L-02 UMBRA (OR) SR<\/p>\n<p>KMR W-02 CUDA (OR)<\/p>\n<p>KMR W-02 UMBRA (OR)<\/p>\n","protected":false},"excerpt":{"rendered":"<p>\u0218urub cu cap oval M4x6 DIN 965 pentru KMR L-02 EMIQ, SPECTRA, UMBRA SR \u0219i KMR W-02 CUDA, UMBRA.<\/p>\n","protected":false},"featured_media":25368,"template":"","meta":{"_acf_changed":false},"product_brand":[11498],"product_cat":[12745],"product_tag":[],"class_list":{"0":"post-693057","1":"product","2":"type-product","3":"status-publish","4":"has-post-thumbnail","6":"product_brand-kmr-precision","7":"product_cat-piese-kmr","9":"first","10":"instock","11":"taxable","12":"shipping-taxable","13":"product-type-simple"},"acf":[],"_links":{"self":[{"href":"https:\/\/nbg.eu\/ro\/wp-json\/wp\/v2\/product\/693057","targetHints":{"allow":["GET"]}}],"collection":[{"href":"https:\/\/nbg.eu\/ro\/wp-json\/wp\/v2\/product"}],"about":[{"href":"https:\/\/nbg.eu\/ro\/wp-json\/wp\/v2\/types\/product"}],"wp:featuredmedia":[{"embeddable":true,"href":"https:\/\/nbg.eu\/ro\/wp-json\/wp\/v2\/media\/25368"}],"wp:attachment":[{"href":"https:\/\/nbg.eu\/ro\/wp-json\/wp\/v2\/media?parent=693057"}],"wp:term":[{"taxonomy":"product_brand","embeddable":true,"href":"https:\/\/nbg.eu\/ro\/wp-json\/wp\/v2\/product_brand?post=693057"},{"taxonomy":"product_cat","embeddable":true,"href":"https:\/\/nbg.eu\/ro\/wp-json\/wp\/v2\/product_cat?post=693057"},{"taxonomy":"product_tag","embeddable":true,"href":"https:\/\/nbg.eu\/ro\/wp-json\/wp\/v2\/product_tag?post=693057"}],"curies":[{"name":"wp","href":"https:\/\/api.w.org\/{rel}","templated":true}]}}