{"id":693125,"date":"2024-09-02T13:32:58","date_gmt":"2024-09-02T10:32:58","guid":{"rendered":"https:\/\/nbg.eu\/product\/pelican-1015-micro-case\/"},"modified":"2026-05-13T15:09:56","modified_gmt":"2026-05-13T12:09:56","slug":"pelican-1015-micro-case","status":"publish","type":"product","link":"https:\/\/nbg.eu\/ro\/produs\/pelican-1015-micro-case\/","title":{"rendered":"Pelican 1015 Micro Case"},"content":{"rendered":"<div class=\"product-description\">\n<p><strong><span style=\"font-size: 170%\">Pelican 1015 Micro Case<\/span><\/strong><\/p>\n<p>Proteja\u021bi-v\u0103 aparatele electronice mici valoroase cu Pelican 1015 Micro Case. Acest caz este rezistent la strivire, etan\u0219 la ap\u0103 \u0219i impermeabil la praf \u0219i este perfect pentru smartphone-uri, camere foto \u0219i alte echipamente sensibile.<\/p>\n<h2>Caracteristici cheie:<\/h2>\n<ul>\n<li>Corp din policarbonat durabil<\/li>\n<li>Design rezistent la ap\u0103 \u0219i la praf<\/li>\n<li>C\u0103ptu\u0219eal\u0103 din cauciuc pentru protec\u021bie suplimentar\u0103 \u0219i etan\u0219are cu garnitur\u0103 inelar\u0103<\/li>\n<li>Dispozitiv de \u00eenchidere u\u0219or de deschis \u0219i arm\u0103tur\u0103 din o\u021bel inoxidabil<\/li>\n<li>Carabinier\u0103 sport activ\u0103 pentru ata\u0219are sigur\u0103<\/li>\n<li>Dimensiuni interioare: 5,14&#8243; x 2,64&#8243; x 1,37&#8243;<\/li>\n<li>Dimensiuni exterioare: 6,68&#8243; x 3,88&#8243; x 1,86&#8243;<\/li>\n<li>Greutate u\u0219oar\u0103 de doar 0,46 lbs<\/li>\n<\/ul>\n<p>Sus\u021binut de Garan\u021bia de excelen\u021b\u0103 pe via\u021b\u0103 a Pelican, acest micro caz ofer\u0103 o protec\u021bie f\u0103r\u0103 egal pentru echipamentul dvs. \u00een orice mediu.<\/p>\n<\/div>\n","protected":false},"excerpt":{"rendered":"<p>Carcas\u0103 robust\u0103 \u0219i impermeabil\u0103 pentru electronice mici. Protec\u021bie rezistent\u0103 la impact.<\/p>\n","protected":false},"featured_media":35252,"template":"","meta":{"_acf_changed":false},"product_brand":[11619],"product_cat":[12761],"product_tag":[],"class_list":{"0":"post-693125","1":"product","2":"type-product","3":"status-publish","4":"has-post-thumbnail","6":"product_brand-pelican","7":"product_cat-genti-de-transport","9":"first","10":"outofstock","11":"taxable","12":"shipping-taxable","13":"purchasable","14":"product-type-simple"},"acf":[],"_links":{"self":[{"href":"https:\/\/nbg.eu\/ro\/wp-json\/wp\/v2\/product\/693125","targetHints":{"allow":["GET"]}}],"collection":[{"href":"https:\/\/nbg.eu\/ro\/wp-json\/wp\/v2\/product"}],"about":[{"href":"https:\/\/nbg.eu\/ro\/wp-json\/wp\/v2\/types\/product"}],"wp:featuredmedia":[{"embeddable":true,"href":"https:\/\/nbg.eu\/ro\/wp-json\/wp\/v2\/media\/35252"}],"wp:attachment":[{"href":"https:\/\/nbg.eu\/ro\/wp-json\/wp\/v2\/media?parent=693125"}],"wp:term":[{"taxonomy":"product_brand","embeddable":true,"href":"https:\/\/nbg.eu\/ro\/wp-json\/wp\/v2\/product_brand?post=693125"},{"taxonomy":"product_cat","embeddable":true,"href":"https:\/\/nbg.eu\/ro\/wp-json\/wp\/v2\/product_cat?post=693125"},{"taxonomy":"product_tag","embeddable":true,"href":"https:\/\/nbg.eu\/ro\/wp-json\/wp\/v2\/product_tag?post=693125"}],"curies":[{"name":"wp","href":"https:\/\/api.w.org\/{rel}","templated":true}]}}