{"id":693140,"date":"2024-08-18T11:29:17","date_gmt":"2024-08-18T08:29:17","guid":{"rendered":"https:\/\/nbg.eu\/product\/recoil-spring-guide-kmr-45-stainless\/"},"modified":"2026-02-06T18:00:05","modified_gmt":"2026-02-06T15:00:05","slug":"recoil-spring-guide-kmr-45-stainless","status":"publish","type":"product","link":"https:\/\/nbg.eu\/ro\/produs\/recoil-spring-guide-kmr-45-stainless\/","title":{"rendered":"Ghid arc de recul KMR 4,5&#8243; Inoxidabil"},"content":{"rendered":"<h2>Ghidaj arc de recul KMR 4,5&#8243; din o\u021bel inoxidabil<\/h2>\n<p>Ghidajul arcului de recul KMR 4,5&#8243; din o\u021bel inoxidabil este un accesoriu de calitate superioar\u0103, conceput pentru arme din seria KMR. Aceast\u0103 component\u0103 durabil\u0103 din o\u021bel inoxidabil este esen\u021bial\u0103 pentru men\u021binerea func\u021bion\u0103rii u\u0219oare \u0219i a fiabilit\u0103\u021bii armei de foc.<\/p>\n<p>Durabilitate: Construit din o\u021bel inoxidabil de \u00eenalt\u0103 calitate, acest ghidaj al arcului de recul este conceput s\u0103 reziste la solicit\u0103rile utiliz\u0103rii regulate. Este rezistent la coroziune \u0219i construit pentru a dura, asigur\u00e2nd c\u0103 arma dvs. continu\u0103 s\u0103 func\u021bioneze la cel mai bun nivel.<\/p>\n<p>Instalare u\u0219oar\u0103: Actualizarea armei KMR cu Ghidajul arcului de recul KMR 4,5&#8243; din o\u021bel inoxidabil este un proces simplu, f\u0103c\u00e2nd-o o op\u021biune convenabil\u0103 at\u00e2t pentru proprietarii de arme de foc experimenta\u021bi, c\u00e2t \u0219i pentru cei \u00eencep\u0103tori.<\/p>\n<p>Pentru arme KMR:<\/p>\n<p>KMR L-02 UMBRA din 2024<\/p>\n<p>KMR L-02 UMBRA p\u00e2n\u0103 \u00een 2023<\/p>\n<p>KMR W-02 UMBRA<\/p>\n<p>KMR W-02 UMBRA (OR)<\/p>\n","protected":false},"excerpt":{"rendered":"<p>Ghid arc de recul KMR 4,5&#8243; din o\u021bel inoxidabil pentru armele KMR L-02 UMBRA, KMR W-02 UMBRA.<\/p>\n","protected":false},"featured_media":25646,"template":"","meta":{"_acf_changed":false},"product_brand":[11498],"product_cat":[12763,12745],"product_tag":[],"class_list":{"0":"post-693140","1":"product","2":"type-product","3":"status-publish","4":"has-post-thumbnail","6":"product_brand-kmr-precision","7":"product_cat-arcuri","8":"product_cat-piese-kmr","10":"first","11":"instock","12":"taxable","13":"shipping-taxable","14":"product-type-simple"},"acf":[],"_links":{"self":[{"href":"https:\/\/nbg.eu\/ro\/wp-json\/wp\/v2\/product\/693140","targetHints":{"allow":["GET"]}}],"collection":[{"href":"https:\/\/nbg.eu\/ro\/wp-json\/wp\/v2\/product"}],"about":[{"href":"https:\/\/nbg.eu\/ro\/wp-json\/wp\/v2\/types\/product"}],"wp:featuredmedia":[{"embeddable":true,"href":"https:\/\/nbg.eu\/ro\/wp-json\/wp\/v2\/media\/25646"}],"wp:attachment":[{"href":"https:\/\/nbg.eu\/ro\/wp-json\/wp\/v2\/media?parent=693140"}],"wp:term":[{"taxonomy":"product_brand","embeddable":true,"href":"https:\/\/nbg.eu\/ro\/wp-json\/wp\/v2\/product_brand?post=693140"},{"taxonomy":"product_cat","embeddable":true,"href":"https:\/\/nbg.eu\/ro\/wp-json\/wp\/v2\/product_cat?post=693140"},{"taxonomy":"product_tag","embeddable":true,"href":"https:\/\/nbg.eu\/ro\/wp-json\/wp\/v2\/product_tag?post=693140"}],"curies":[{"name":"wp","href":"https:\/\/api.w.org\/{rel}","templated":true}]}}