{"id":693571,"date":"2025-03-07T20:56:56","date_gmt":"2025-03-07T17:56:56","guid":{"rendered":"https:\/\/nbg.eu\/product\/rusan-modular-qr-adapter-for-guide-arta435\/"},"modified":"2026-05-13T16:01:24","modified_gmt":"2026-05-13T13:01:24","slug":"rusan-modular-qr-adapter-for-guide-arta435","status":"publish","type":"product","link":"https:\/\/nbg.eu\/ro\/produs\/rusan-modular-qr-adapter-for-guide-arta435\/","title":{"rendered":"Rusan Modular QR Adapter for Guide | ARTA435"},"content":{"rendered":"<h2>Rusan Modular QR Adapter pentru Guide | ARTA435<\/h2>\n<p>\u00cembun\u0103t\u0103\u021bi\u021bi-v\u0103 precizia la tragere cu Rusan Modular QR Adapter pentru Guide (ARTA435). Conceput pentru o integrare f\u0103r\u0103 probleme cu ata\u0219amentele termice Guide, aceast\u0103 solu\u021bie de montare cu eliberare rapid\u0103 (QR) ofer\u0103 o comoditate \u0219i o repetabilitate f\u0103r\u0103 egal.<\/p>\n<p>Av\u00e2nd un filet intern M52x0.75, adaptorul utilizeaz\u0103 un sistem robust de levier QR care permite ata\u0219area \u0219i \u00eendep\u0103rtarea aproape instantanee a dispozitivului termic de prindere, f\u0103r\u0103 a compromite zero-ul armei. Designul modulat asigur\u0103 o blocare sigur\u0103 \u0219i reglabil\u0103 la tensiune, men\u021bin\u00e2nd precizia chiar \u0219i \u00een cele mai solicitante condi\u021bii.<\/p>\n<p>Fabricat din aluminiu de \u00eenalt\u0103 calitate, Rusan Modular QR Adapter este construit pentru a rezista la solicit\u0103rile din teren. Compatibilitatea sa cu inelele Rusan ARADA \u00eembun\u0103t\u0103\u021be\u0219te \u0219i mai mult versatilitatea sistemului, permi\u021b\u00e2nd o solu\u021bie personalizat\u0103 pentru nevoile dumneavoastr\u0103 specifice.<\/p>\n<p>Experimenta\u021bi func\u021bionarea ultim\u0103, f\u0103r\u0103 instrumente, cu Rusan Modular QR Adapter. \u00cembun\u0103t\u0103\u021bi\u021bi-v\u0103 performan\u021ba la tragere \u0219i debloca\u021bi \u00eentregul poten\u021bial al ata\u0219amentelor termice Guide cu aceast\u0103 solu\u021bie inovatoare de montare.<\/p>\n","protected":false},"excerpt":{"rendered":"<p>Montare de precizie QR pentru ata\u0219amente termice Guide. Filet M52x0.75, modular\u0103, din aluminiu de \u00eenalt\u0103 calitate.<\/p>\n","protected":false},"featured_media":248605,"template":"","meta":{"_acf_changed":false},"product_brand":[11689],"product_cat":[12771,12746,12766],"product_tag":[],"class_list":{"0":"post-693571","1":"product","2":"type-product","3":"status-publish","4":"has-post-thumbnail","6":"product_brand-rusan","7":"product_cat-accesorii-ochire","8":"product_cat-ochire","9":"product_cat-termic","11":"first","12":"outofstock","13":"taxable","14":"shipping-taxable","15":"purchasable","16":"product-type-variable","17":"wvs-archive-product-wrapper"},"acf":[],"_links":{"self":[{"href":"https:\/\/nbg.eu\/ro\/wp-json\/wp\/v2\/product\/693571","targetHints":{"allow":["GET"]}}],"collection":[{"href":"https:\/\/nbg.eu\/ro\/wp-json\/wp\/v2\/product"}],"about":[{"href":"https:\/\/nbg.eu\/ro\/wp-json\/wp\/v2\/types\/product"}],"wp:featuredmedia":[{"embeddable":true,"href":"https:\/\/nbg.eu\/ro\/wp-json\/wp\/v2\/media\/248605"}],"wp:attachment":[{"href":"https:\/\/nbg.eu\/ro\/wp-json\/wp\/v2\/media?parent=693571"}],"wp:term":[{"taxonomy":"product_brand","embeddable":true,"href":"https:\/\/nbg.eu\/ro\/wp-json\/wp\/v2\/product_brand?post=693571"},{"taxonomy":"product_cat","embeddable":true,"href":"https:\/\/nbg.eu\/ro\/wp-json\/wp\/v2\/product_cat?post=693571"},{"taxonomy":"product_tag","embeddable":true,"href":"https:\/\/nbg.eu\/ro\/wp-json\/wp\/v2\/product_tag?post=693571"}],"curies":[{"name":"wp","href":"https:\/\/api.w.org\/{rel}","templated":true}]}}