{"id":694132,"date":"2024-08-17T18:11:52","date_gmt":"2024-08-17T15:11:52","guid":{"rendered":"https:\/\/nbg.eu\/product\/safety-detent-plunger-spring-kmr\/"},"modified":"2026-05-13T16:03:32","modified_gmt":"2026-05-13T13:03:32","slug":"safety-detent-plunger-spring-kmr","status":"publish","type":"product","link":"https:\/\/nbg.eu\/ro\/produs\/safety-detent-plunger-spring-kmr\/","title":{"rendered":"KMR Arc Plunjer Siguran\u021b\u0103"},"content":{"rendered":"<h2>Arc de Siguran\u021b\u0103 Plunger Spring KMR<\/h2>\n<p>Asigura\u021bi o performan\u021b\u0103 fiabil\u0103 \u0219i sigur\u0103 a armei cu Arcul de Siguran\u021b\u0103 Plunger Spring KMR.<\/p>\n<p>Realizat cu precizie \u0219i durabilitate \u00een minte, Arcul de Siguran\u021b\u0103 Plunger Spring KMR ajut\u0103 la men\u021binerea func\u021bion\u0103rii corecte a mecanismului de siguran\u021b\u0103 al armei. Designul s\u0103u fiabil asigur\u0103 o func\u021bionare lin\u0103 \u0219i constant\u0103, reduc\u00e2nd riscul de desc\u0103rc\u0103ri accidentale \u0219i \u00eembun\u0103t\u0103\u021bind siguran\u021ba general\u0103 \u00een timpul utiliz\u0103rii.<\/p>\n<p>Fie c\u0103 upgrada\u021bi arma dvs. existent\u0103 KMR sau \u00eenlocui\u021bi un component uzat, Arcul de Siguran\u021b\u0103 Plunger Spring KMR este un accesoriu esen\u021bial pentru men\u021binerea integrit\u0103\u021bii \u0219i a performan\u021bei armei dvs. Investi\u021bi \u00een acest component fiabil pentru a v\u0103 asigura c\u0103 siguran\u021ba \u0219i func\u021bionalitatea armei dvs. r\u0103m\u00e2n la cel mai \u00eenalt nivel.<\/p>\n<p>Pentru Arme KMR:<\/p>\n<p>KMR L-02 EMIQ<\/p>\n<p>KMR L-02 EMIQ (OR)<\/p>\n<p>KMR L-02 ORCA DE LA 2024<\/p>\n<p>KMR L-02 ORCA P\u00c2N\u0102 \u00ceN 2023<\/p>\n<p>KMR L-02 SPECTRA DE LA 2024<\/p>\n<p>KMR L-02 SPECTRA P\u00c2N\u0102 \u00ceN 2023<\/p>\n<p>KMR L-02 UMBRA (OR) SR<\/p>\n<p>KMR S-01 LANCE (OR)<\/p>\n<p>KMR S-02 DE LA 2024<\/p>\n<p>KMR S-02 P\u00c2N\u0102 \u00ceN 2023<\/p>\n<p>KMR W-02 CUDA (OR)<\/p>\n<p>KMR W-02 UMBRA<\/p>\n<p>KMR W-02 UMBRA (OR)<\/p>\n","protected":false},"excerpt":{"rendered":"<p>Arc detent arc pentru arme KMR.<\/p>\n","protected":false},"featured_media":24930,"template":"","meta":{"_acf_changed":false},"product_brand":[11498],"product_cat":[12763,12745],"product_tag":[],"class_list":{"0":"post-694132","1":"product","2":"type-product","3":"status-publish","4":"has-post-thumbnail","6":"product_brand-kmr-precision","7":"product_cat-arcuri","8":"product_cat-piese-kmr","10":"first","11":"instock","12":"taxable","13":"shipping-taxable","14":"product-type-simple"},"acf":[],"_links":{"self":[{"href":"https:\/\/nbg.eu\/ro\/wp-json\/wp\/v2\/product\/694132","targetHints":{"allow":["GET"]}}],"collection":[{"href":"https:\/\/nbg.eu\/ro\/wp-json\/wp\/v2\/product"}],"about":[{"href":"https:\/\/nbg.eu\/ro\/wp-json\/wp\/v2\/types\/product"}],"wp:featuredmedia":[{"embeddable":true,"href":"https:\/\/nbg.eu\/ro\/wp-json\/wp\/v2\/media\/24930"}],"wp:attachment":[{"href":"https:\/\/nbg.eu\/ro\/wp-json\/wp\/v2\/media?parent=694132"}],"wp:term":[{"taxonomy":"product_brand","embeddable":true,"href":"https:\/\/nbg.eu\/ro\/wp-json\/wp\/v2\/product_brand?post=694132"},{"taxonomy":"product_cat","embeddable":true,"href":"https:\/\/nbg.eu\/ro\/wp-json\/wp\/v2\/product_cat?post=694132"},{"taxonomy":"product_tag","embeddable":true,"href":"https:\/\/nbg.eu\/ro\/wp-json\/wp\/v2\/product_tag?post=694132"}],"curies":[{"name":"wp","href":"https:\/\/api.w.org\/{rel}","templated":true}]}}