{"id":694161,"date":"2024-09-16T12:35:24","date_gmt":"2024-09-16T09:35:24","guid":{"rendered":"https:\/\/nbg.eu\/product\/safety-detent-plunger-right-kmr\/"},"modified":"2026-05-13T16:03:36","modified_gmt":"2026-05-13T13:03:36","slug":"safety-detent-plunger-right-kmr","status":"publish","type":"product","link":"https:\/\/nbg.eu\/ro\/produs\/safety-detent-plunger-right-kmr\/","title":{"rendered":"KMR Plunjer Siguran\u021b\u0103 Dreapta"},"content":{"rendered":"<h2>Plunger de siguran\u021b\u0103 de detent &#8211; Dreapta KMR<\/h2>\n<p>\u00cembun\u0103t\u0103\u021bi\u021bi siguran\u021ba \u0219i func\u021bionalitatea sistemului de arm\u0103 KMR cu plungerul de siguran\u021b\u0103 de detent &#8211; Dreapta. Proiectat pentru integrare f\u0103r\u0103 probleme, acest plunger ofer\u0103 un mecanism de blocare sigur pentru a preveni desc\u0103rcarea accidental\u0103. Realizat cu precizie, plungerul este compatibil cu o gam\u0103 larg\u0103 de modele KMR.<\/p>\n<p>Pentru Arme KMR<\/p>\n<p>KMR L-02 EMIQ<\/p>\n<p>KMR L-02 EMIQ (OR)<\/p>\n<p>KMR L-02 ORCA P\u00c2N\u0102 \u00ceN 2023<\/p>\n<p>KMR L-02 SPECTRA P\u00c2N\u0102 \u00ceN 2023<\/p>\n<p>KMR L-02 UMBRA (OR) SR<\/p>\n<p>KMR S-01 LANCE (OR)<\/p>\n<p>KMR S-02 P\u00c2N\u0102 \u00ceN 2023<\/p>\n<p>KMR W-02 CUDA (OR)<\/p>\n<p>KMR W-02 UMBRA<\/p>\n<p>KMR W-02 UMBRA (OR)<\/p>\n<p>Referin\u021b\u0103 1130-00302-0401<\/p>\n","protected":false},"excerpt":{"rendered":"<p>Bol\u021b de siguran\u021b\u0103 tip \u021beav\u0103 &#8211; Dreapta KMR pentru Arme KMR<\/p>\n","protected":false},"featured_media":25922,"template":"","meta":{"_acf_changed":false},"product_brand":[11498],"product_cat":[12745],"product_tag":[],"class_list":{"0":"post-694161","1":"product","2":"type-product","3":"status-publish","4":"has-post-thumbnail","6":"product_brand-kmr-precision","7":"product_cat-piese-kmr","9":"first","10":"instock","11":"taxable","12":"shipping-taxable","13":"product-type-simple"},"acf":[],"_links":{"self":[{"href":"https:\/\/nbg.eu\/ro\/wp-json\/wp\/v2\/product\/694161","targetHints":{"allow":["GET"]}}],"collection":[{"href":"https:\/\/nbg.eu\/ro\/wp-json\/wp\/v2\/product"}],"about":[{"href":"https:\/\/nbg.eu\/ro\/wp-json\/wp\/v2\/types\/product"}],"wp:featuredmedia":[{"embeddable":true,"href":"https:\/\/nbg.eu\/ro\/wp-json\/wp\/v2\/media\/25922"}],"wp:attachment":[{"href":"https:\/\/nbg.eu\/ro\/wp-json\/wp\/v2\/media?parent=694161"}],"wp:term":[{"taxonomy":"product_brand","embeddable":true,"href":"https:\/\/nbg.eu\/ro\/wp-json\/wp\/v2\/product_brand?post=694161"},{"taxonomy":"product_cat","embeddable":true,"href":"https:\/\/nbg.eu\/ro\/wp-json\/wp\/v2\/product_cat?post=694161"},{"taxonomy":"product_tag","embeddable":true,"href":"https:\/\/nbg.eu\/ro\/wp-json\/wp\/v2\/product_tag?post=694161"}],"curies":[{"name":"wp","href":"https:\/\/api.w.org\/{rel}","templated":true}]}}