{"id":694175,"date":"2024-08-18T12:14:07","date_gmt":"2024-08-18T09:14:07","guid":{"rendered":"https:\/\/nbg.eu\/product\/safety-detent-plunger-left-kmr\/"},"modified":"2026-05-13T16:02:59","modified_gmt":"2026-05-13T13:02:59","slug":"safety-detent-plunger-left-kmr","status":"publish","type":"product","link":"https:\/\/nbg.eu\/ro\/produs\/safety-detent-plunger-left-kmr\/","title":{"rendered":"KMR Plunjer Siguran\u021b\u0103 St\u00e2nga"},"content":{"rendered":"<h2>Placa de siguran\u0163\u0103 Detent &#8211; KMR St\u00e2nga<\/h2>\n<p>Proiectat\u0103 pentru a fi utilizat\u0103 \u00eempreun\u0103 cu o varietate de modele de arme KMR, Placa de siguran\u0163\u0103 Detent &#8211; KMR St\u00e2nga este o component\u0103 esen\u0163ial\u0103 care contribuie la asigurarea func\u0163ion\u0103rii \u00een siguran\u0163\u0103 \u015fi fiabil\u0103 a armei de foc. Aceast\u0103 plac\u0103 joac\u0103 un rol crucial \u00een mecanismele de siguran\u0163\u0103 ale armei.<\/p>\n<p>Realizat\u0103 cu precizie \u015fi durabilitate \u00een minte, Placa de siguran\u0163\u0103 Detent &#8211; KMR St\u00e2nga asigur\u0103 o conexiune sigur\u0103 \u015fi fiabil\u0103, oferind lini\u015ftea sufleteasc\u0103 \u00een timpul utiliz\u0103rii.<\/p>\n<p>Pentru Arme KMR<\/p>\n<p>KMR L-02 EMIQ<\/p>\n<p>KMR L-02 EMIQ (OR)<\/p>\n<p>KMR L-02 ORCA P\u00c2N\u0102 \u00ceN 2023<\/p>\n<p>KMR L-02 SPECTRA P\u00c2N\u0102 \u00ceN 2023<\/p>\n<p>KMR L-02 UMBRA (OR) SR<\/p>\n<p>KMR S-01 LANCE (OR)<\/p>\n<p>KMR S-02 P\u00c2N\u0102 \u00ceN 2023<\/p>\n<p>KMR W-02 CUDA (OR)<\/p>\n<p>KMR W-02 UMBRA<\/p>\n<p>KMR W-02 UMBRA (OR)<\/p>\n<p>Referin\u0163\u0103 1130-00302-0401<\/p>\n","protected":false},"excerpt":{"rendered":"<p>Plunger de siguran\u021b\u0103 Detent &#8211; St\u00e2nga KMR pentru arme KMR, compatibil cu diverse modele.<\/p>\n","protected":false},"featured_media":25922,"template":"","meta":{"_acf_changed":false},"product_brand":[11498],"product_cat":[12745],"product_tag":[],"class_list":{"0":"post-694175","1":"product","2":"type-product","3":"status-publish","4":"has-post-thumbnail","6":"product_brand-kmr-precision","7":"product_cat-piese-kmr","9":"first","10":"instock","11":"taxable","12":"shipping-taxable","13":"product-type-simple"},"acf":[],"_links":{"self":[{"href":"https:\/\/nbg.eu\/ro\/wp-json\/wp\/v2\/product\/694175","targetHints":{"allow":["GET"]}}],"collection":[{"href":"https:\/\/nbg.eu\/ro\/wp-json\/wp\/v2\/product"}],"about":[{"href":"https:\/\/nbg.eu\/ro\/wp-json\/wp\/v2\/types\/product"}],"wp:featuredmedia":[{"embeddable":true,"href":"https:\/\/nbg.eu\/ro\/wp-json\/wp\/v2\/media\/25922"}],"wp:attachment":[{"href":"https:\/\/nbg.eu\/ro\/wp-json\/wp\/v2\/media?parent=694175"}],"wp:term":[{"taxonomy":"product_brand","embeddable":true,"href":"https:\/\/nbg.eu\/ro\/wp-json\/wp\/v2\/product_brand?post=694175"},{"taxonomy":"product_cat","embeddable":true,"href":"https:\/\/nbg.eu\/ro\/wp-json\/wp\/v2\/product_cat?post=694175"},{"taxonomy":"product_tag","embeddable":true,"href":"https:\/\/nbg.eu\/ro\/wp-json\/wp\/v2\/product_tag?post=694175"}],"curies":[{"name":"wp","href":"https:\/\/api.w.org\/{rel}","templated":true}]}}