{"id":694258,"date":"2024-08-17T18:03:33","date_gmt":"2024-08-17T15:03:33","guid":{"rendered":"https:\/\/nbg.eu\/product\/sear-spring-kmr\/"},"modified":"2026-05-13T16:01:03","modified_gmt":"2026-05-13T13:01:03","slug":"sear-spring-kmr","status":"publish","type":"product","link":"https:\/\/nbg.eu\/ro\/produs\/sear-spring-kmr\/","title":{"rendered":"KMR Arc Clichet"},"content":{"rendered":"<h2>Sear Spring KMR: Controlul precis al recului armei<\/h2>\n<p>V\u0103 prezent\u0103m Sear Spring KMR, un sistem versatil \u0219i de \u00eenalt\u0103 performan\u021b\u0103 de control al recului, proiectat pentru o gam\u0103 larg\u0103 de platforme de armament.<\/p>\n<p>Fabricat din materiale premium \u0219i proiectat cu meticulozitate, Sear Spring KMR combin\u0103 tehnologie avansat\u0103 cu durabilitate, asigur\u00e2nd performan\u021be fiabile chiar \u0219i \u00een cele mai solicitante medii. Designul s\u0103u inovator contribuie la atenuarea recului, permi\u021b\u00e2nd o achizi\u021bie mai rapid\u0103 a \u021bintei, o acurate\u021be \u00eembun\u0103t\u0103\u021bit\u0103 \u0219i o reducere a oboselii pentru utilizator.<\/p>\n<p>Versatil \u00een aplicare, Sear Spring KMR este compatibil cu o gam\u0103 larg\u0103 de arme, de la pu\u0219ti \u0219i carabine, la pistoale \u0219i pu\u0219ti de v\u00e2n\u0103toare. Construc\u021bia sa modular\u0103 permite o integrare f\u0103r\u0103 probleme, asigur\u00e2nd o potrivire adaptat\u0103 pentru o performan\u021b\u0103 optim\u0103.<\/p>\n<p>Pentru arme KMR:<\/p>\n<p>KMR L-02 EMIQ<\/p>\n<p>KMR L-02 EMIQ (OR)<\/p>\n<p>KMR L-02 ORCA DIN 2024<\/p>\n<p>KMR L-02 ORCA P\u00c2N\u0102 \u00ceN 2023<\/p>\n<p>KMR L-02 SPECTRA DIN 2024<\/p>\n<p>KMR L-02 SPECTRA P\u00c2N\u0102 \u00ceN 2023<\/p>\n<p>KMR L-02 UMBRA (OR) SR<\/p>\n<p>KMR S-01 LANCE (OR)<\/p>\n<p>KMR S-02 DIN 2024<\/p>\n<p>KMR S-02 P\u00c2N\u0102 \u00ceN 2023<\/p>\n<p>KMR W-02 CUDA (OR)<\/p>\n<p>KMR W-02 UMBRA<\/p>\n<p>KMR W-02 UMBRA (OR)<\/p>\n","protected":false},"excerpt":{"rendered":"<p>Arcul de prim\u0103var\u0103 pentru armele KMR, compatibil cu diferite modele.<\/p>\n","protected":false},"featured_media":24836,"template":"","meta":{"_acf_changed":false},"product_brand":[11498],"product_cat":[12763,12745],"product_tag":[],"class_list":{"0":"post-694258","1":"product","2":"type-product","3":"status-publish","4":"has-post-thumbnail","6":"product_brand-kmr-precision","7":"product_cat-arcuri","8":"product_cat-piese-kmr","10":"first","11":"instock","12":"taxable","13":"shipping-taxable","14":"product-type-simple"},"acf":[],"_links":{"self":[{"href":"https:\/\/nbg.eu\/ro\/wp-json\/wp\/v2\/product\/694258","targetHints":{"allow":["GET"]}}],"collection":[{"href":"https:\/\/nbg.eu\/ro\/wp-json\/wp\/v2\/product"}],"about":[{"href":"https:\/\/nbg.eu\/ro\/wp-json\/wp\/v2\/types\/product"}],"wp:featuredmedia":[{"embeddable":true,"href":"https:\/\/nbg.eu\/ro\/wp-json\/wp\/v2\/media\/24836"}],"wp:attachment":[{"href":"https:\/\/nbg.eu\/ro\/wp-json\/wp\/v2\/media?parent=694258"}],"wp:term":[{"taxonomy":"product_brand","embeddable":true,"href":"https:\/\/nbg.eu\/ro\/wp-json\/wp\/v2\/product_brand?post=694258"},{"taxonomy":"product_cat","embeddable":true,"href":"https:\/\/nbg.eu\/ro\/wp-json\/wp\/v2\/product_cat?post=694258"},{"taxonomy":"product_tag","embeddable":true,"href":"https:\/\/nbg.eu\/ro\/wp-json\/wp\/v2\/product_tag?post=694258"}],"curies":[{"name":"wp","href":"https:\/\/api.w.org\/{rel}","templated":true}]}}